{"id":21720,"date":"2026-05-05T11:39:30","date_gmt":"2026-05-05T08:39:30","guid":{"rendered":"https:\/\/minicampers.lv\/?post_type=product&#038;p=21720"},"modified":"2026-05-05T11:39:30","modified_gmt":"2026-05-05T08:39:30","slug":"270-hardcover-side-awning-branch-rugged-200cm","status":"publish","type":"product","link":"https:\/\/minicampers.lv\/en\/Veikals\/bez-kategorijas\/270-hardcover-side-awning-branch-rugged-200cm\/","title":{"rendered":"270\u00b0 Hardcover Side Awning BRANCH RUGGED 200cm"},"content":{"rendered":"<h3 data-section-id=\"qzokf6\" data-start=\"71\" data-end=\"92\">Kempinga nojume<\/h3>\n<p data-start=\"93\" data-end=\"237\"><strong data-start=\"93\" data-end=\"112\">270\u00b0 p\u0101rkl\u0101jums<\/strong><br data-start=\"112\" data-end=\"115\" \/>Pla\u0161a aizsardz\u012bbas zona gar transportl\u012bdzek\u013ca s\u0101niem un aizmugur\u0113 \u2014 vair\u0101k vietas atp\u016btai, gatavo\u0161anai un kempinga dz\u012bvei.<\/p>\n<h3 data-section-id=\"1de4xxr\" data-start=\"239\" data-end=\"256\">Uzst\u0101d\u012b\u0161ana<\/h3>\n<p data-start=\"257\" data-end=\"382\"><strong data-start=\"257\" data-end=\"280\">Apm\u0113ram 15 sekundes<\/strong><br data-start=\"280\" data-end=\"283\" \/>\u0100tri gatava lieto\u0161anai, kad nepiecie\u0161ama \u0113na, aizsardz\u012bba no lietus vai vienk\u0101r\u0161i \u012bsa pietura ce\u013c\u0101.<\/p>\n<h3 data-section-id=\"chtb33\" data-start=\"384\" data-end=\"421\">Weather protection<\/h3>\n<p data-start=\"422\" data-end=\"530\"><strong data-start=\"422\" data-end=\"447\">5000 mm \u016bdensiztur\u012bba<\/strong><br data-start=\"447\" data-end=\"450\" \/>Graf\u0113na p\u0101rkl\u0101juma audums nodro\u0161ina uzticamu aizsardz\u012bbu main\u012bgos \u0101ra apst\u0101k\u013cos.<\/p>\n<h3 data-section-id=\"xuac8\" data-start=\"532\" data-end=\"546\">Varianti<\/h3>\n<p data-start=\"547\" data-end=\"711\" data-is-last-node=\"\" data-is-only-node=\"\"><strong data-start=\"547\" data-end=\"569\">4 da\u017e\u0101das versijas<\/strong><br data-start=\"569\" data-end=\"572\" \/>Uzst\u0101d\u0101ma kreisaj\u0101 vai labaj\u0101 pus\u0113, pieejama ar <strong data-start=\"620\" data-end=\"627\">2 m<\/strong> vai <strong data-start=\"632\" data-end=\"641\">2,5 m<\/strong> korpusa garumu, lai piel\u0101gotos j\u016bsu transportl\u012bdzeklim un vajadz\u012bb\u0101m.<\/p>","protected":false},"excerpt":{"rendered":"<p data-start=\"101\" data-end=\"289\">Neatkar\u012bgi no t\u0101, vai dodaties \u012bs\u0101 ned\u0113\u013cas nogales izbraucien\u0101 vai ilg\u0101k\u0101 eksped\u012bcij\u0101 \u2014 <strong data-start=\"189\" data-end=\"219\">BRANCH RUGGED 270\u00b0 mark\u012bze<\/strong> nodro\u0161ina papildu komfortu, aizsardz\u012bbu un pla\u0161umu jebkur\u0101 situ\u0101cij\u0101.<\/p>\n<p data-start=\"101\" data-end=\"289\">\n<p data-start=\"101\" data-end=\"289\"><img decoding=\"async\" class=\"alignnone  wp-image-21727\" src=\"https:\/\/minicampers.lv\/wp-content\/uploads\/2026\/05\/VICKYWOOD_Markise_Rugged_GIF-300x300.gif\" alt=\"\" width=\"207\" height=\"207\" srcset=\"https:\/\/minicampers.lv\/wp-content\/uploads\/2026\/05\/VICKYWOOD_Markise_Rugged_GIF-300x300.gif 300w, https:\/\/minicampers.lv\/wp-content\/uploads\/2026\/05\/VICKYWOOD_Markise_Rugged_GIF-1024x1024.gif 1024w, https:\/\/minicampers.lv\/wp-content\/uploads\/2026\/05\/VICKYWOOD_Markise_Rugged_GIF-150x150.gif 150w, https:\/\/minicampers.lv\/wp-content\/uploads\/2026\/05\/VICKYWOOD_Markise_Rugged_GIF-768x768.gif 768w, https:\/\/minicampers.lv\/wp-content\/uploads\/2026\/05\/VICKYWOOD_Markise_Rugged_GIF-600x600.gif 600w, https:\/\/minicampers.lv\/wp-content\/uploads\/2026\/05\/VICKYWOOD_Markise_Rugged_GIF-120x120.gif 120w, https:\/\/minicampers.lv\/wp-content\/uploads\/2026\/05\/VICKYWOOD_Markise_Rugged_GIF-12x12.gif 12w, https:\/\/minicampers.lv\/wp-content\/uploads\/2026\/05\/VICKYWOOD_Markise_Rugged_GIF-46x46.gif 46w, https:\/\/minicampers.lv\/wp-content\/uploads\/2026\/05\/VICKYWOOD_Markise_Rugged_GIF-100x100.gif 100w, https:\/\/minicampers.lv\/wp-content\/uploads\/2026\/05\/VICKYWOOD_Markise_Rugged_GIF-700x700.gif 700w\" sizes=\"(max-width: 207px) 100vw, 207px\" \/><\/p>\n<h3 data-section-id=\"lh5vnh\" data-start=\"291\" data-end=\"319\">Jumta telts ce\u013cojumiem<\/h3>\n<p data-start=\"320\" data-end=\"432\">Izveido aizsarg\u0101tu dz\u012bvojamo zonu tie\u0161i pie transportl\u012bdzek\u013ca \u2014 ide\u0101li atp\u016btai, \u0113dienreiz\u0113m un mantu glab\u0101\u0161anai.<\/p>\n<h3 data-section-id=\"sytnms\" data-start=\"434\" data-end=\"463\">Vanlife un road tripiem<\/h3>\n<p data-start=\"464\" data-end=\"530\">\u0100tri un \u0113rti izveido \u0113nainu atp\u016btas vietu spont\u0101n\u0101m pietur\u0101m ce\u013c\u0101.<\/p>\n<h3 data-section-id=\"1ewl4jn\" data-start=\"532\" data-end=\"550\">\u0100ra virtuvei<\/h3>\n<p data-start=\"551\" data-end=\"652\">Praktiska un aizsarg\u0101ta vieta pl\u012btij, galdam un aukstuma kastei \u2014 gatavo\u0161anai jebkuros laikapst\u0101k\u013cos.<\/p>\n<h3 data-section-id=\"1o6b4nz\" data-start=\"654\" data-end=\"687\">Overlanding un eksped\u012bcij\u0101m<\/h3>\n<p data-start=\"688\" data-end=\"763\">Iztur\u012bga aizsardz\u012bba pret sauli, v\u0113ju un lietu gan b\u0101zes nometn\u0113, gan ce\u013c\u0101.<\/p>\n<h3 data-section-id=\"18gingb\" data-start=\"765\" data-end=\"789\">\u0122imenes ce\u013cojumiem<\/h3>\n<p data-start=\"790\" data-end=\"878\">Papildu telpa \u0113\u0161anai, rota\u013c\u0101m, atp\u016btai vai p\u0101r\u0123\u0113rb\u0161anai \u2014 vair\u0101k komforta visai \u0123imenei.<\/p>\n<h3 data-section-id=\"18htkkn\" data-start=\"880\" data-end=\"905\">Ce\u013co\u0161anai ar su\u0146iem<\/h3>\n<p data-start=\"906\" data-end=\"964\">\u0112naina un dro\u0161a vieta su\u0146a b\u016brim, \u016bdens b\u013codai un atp\u016btai.<\/p>\n<p data-start=\"966\" data-end=\"1037\" data-is-last-node=\"\" data-is-only-node=\"\"><strong data-start=\"966\" data-end=\"1037\" data-is-last-node=\"\">Viena mark\u012bze. Neskait\u0101mas iesp\u0113jas. Gatava jebkuram piedz\u012bvojumam.<\/strong><\/p>","protected":false},"featured_media":21721,"comment_status":"open","ping_status":"closed","template":"","meta":{"om_disable_all_campaigns":false,"_monsterinsights_skip_tracking":false,"_monsterinsights_sitenote_active":false,"_monsterinsights_sitenote_note":"","_monsterinsights_sitenote_category":0},"product_brand":[],"product_cat":[21,143],"product_tag":[],"class_list":{"0":"post-21720","1":"product","2":"type-product","3":"status-publish","4":"has-post-thumbnail","6":"product_cat-bez-kategorijas","7":"product_cat-markizes","9":"first","10":"instock","11":"shipping-taxable","12":"purchasable","13":"product-type-simple"},"aioseo_notices":[],"_links":{"self":[{"href":"https:\/\/minicampers.lv\/en\/wp-json\/wp\/v2\/product\/21720","targetHints":{"allow":["GET"]}}],"collection":[{"href":"https:\/\/minicampers.lv\/en\/wp-json\/wp\/v2\/product"}],"about":[{"href":"https:\/\/minicampers.lv\/en\/wp-json\/wp\/v2\/types\/product"}],"replies":[{"embeddable":true,"href":"https:\/\/minicampers.lv\/en\/wp-json\/wp\/v2\/comments?post=21720"}],"version-history":[{"count":1,"href":"https:\/\/minicampers.lv\/en\/wp-json\/wp\/v2\/product\/21720\/revisions"}],"predecessor-version":[{"id":21728,"href":"https:\/\/minicampers.lv\/en\/wp-json\/wp\/v2\/product\/21720\/revisions\/21728"}],"wp:featuredmedia":[{"embeddable":true,"href":"https:\/\/minicampers.lv\/en\/wp-json\/wp\/v2\/media\/21721"}],"wp:attachment":[{"href":"https:\/\/minicampers.lv\/en\/wp-json\/wp\/v2\/media?parent=21720"}],"wp:term":[{"taxonomy":"product_brand","embeddable":true,"href":"https:\/\/minicampers.lv\/en\/wp-json\/wp\/v2\/product_brand?post=21720"},{"taxonomy":"product_cat","embeddable":true,"href":"https:\/\/minicampers.lv\/en\/wp-json\/wp\/v2\/product_cat?post=21720"},{"taxonomy":"product_tag","embeddable":true,"href":"https:\/\/minicampers.lv\/en\/wp-json\/wp\/v2\/product_tag?post=21720"}],"curies":[{"name":"wp","href":"https:\/\/api.w.org\/{rel}","templated":true}]}}