{"id":21708,"date":"2026-04-30T16:42:35","date_gmt":"2026-04-30T13:42:35","guid":{"rendered":"https:\/\/minicampers.lv\/?post_type=product&#038;p=21708"},"modified":"2026-04-30T16:42:35","modified_gmt":"2026-04-30T13:42:35","slug":"teak-135-papildu-telpa","status":"publish","type":"product","link":"https:\/\/minicampers.lv\/en\/Veikals\/bez-kategorijas\/teak-135-papildu-telpa\/","title":{"rendered":"Teak 135 papildu telpa"},"content":{"rendered":"<p data-start=\"67\" data-end=\"111\"><strong data-start=\"67\" data-end=\"111\">TEAK hibr\u012bda jumta telts pieb\u016bves nojume<\/strong><\/p>\n<p data-start=\"113\" data-end=\"328\">Piem\u0113rot\u0101 TEAK hibr\u012bda jumta telts pieb\u016bves nojume papla\u0161ina j\u016bsu kempinga komfortu, izveidojot pla\u0161u un pret laikapst\u0101k\u013ciem aizsarg\u0101tu papildu telpu. Ide\u0101ls risin\u0101jums ilg\u0101kiem izbraucieniem un piedz\u012bvojumiem dab\u0101.<\/p>\n<p data-start=\"330\" data-end=\"357\"><strong data-start=\"330\" data-end=\"357\">Galven\u0101s priek\u0161roc\u012bbas:<\/strong><\/p>\n<p data-start=\"359\" data-end=\"734\">\u2022 \u0100tra un vienk\u0101r\u0161a piestiprin\u0101\u0161ana pie jumta telts ar kvalitat\u012bvu <strong data-start=\"426\" data-end=\"447\">YKK r\u0101v\u0113jsl\u0113dz\u0113ju<\/strong><br data-start=\"447\" data-end=\"450\" \/>\u2022 Divas lielas ieejas \u2014 no automa\u0161\u012bnas puses un priek\u0161pus\u0113 \u0113rtai piek\u013cuvei<br data-start=\"524\" data-end=\"527\" \/>\u2022 S\u0101nu logi ar mosk\u012btu t\u012bkliem svaigam gaisam bez kukai\u0146iem<br data-start=\"586\" data-end=\"589\" \/>\u2022 Divi jumta logi ar gaismu izklied\u0113jo\u0161u pl\u0113vi un aptum\u0161o\u0161anas iesp\u0113ju<br data-start=\"659\" data-end=\"662\" \/>\u2022 Komplekt\u0101 gr\u012bdas p\u0101rkl\u0101js, kas nodro\u0161ina t\u012bru un sausu iek\u0161\u0113jo telpu<\/p>\n<p data-start=\"736\" data-end=\"837\" data-is-last-node=\"\" data-is-only-node=\"\">Praktisks papildin\u0101jums, kas nodro\u0161ina vair\u0101k vietas, komfortu un aizsardz\u012bbu jebkuros laikapst\u0101k\u013cos.<\/p>","protected":false},"excerpt":{"rendered":"<p data-start=\"78\" data-end=\"137\"><strong data-start=\"78\" data-end=\"137\">TEAK hibr\u012bda jumta telts pieb\u016bves nojumes priek\u0161roc\u012bbas<\/strong><\/p>\n<p data-start=\"139\" data-end=\"425\">Ar TEAK hibr\u012bda jumta telts pieb\u016bves nojumi j\u016bsu kempinga apr\u012bkojums k\u013c\u016bst v\u0113l \u0113rt\u0101ks un funkcion\u0101l\u0101ks \u2014 ar\u012b liet\u016b vai v\u0113jainos laikapst\u0101k\u013cos. Pla\u0161\u0101 priek\u0161telpa aizsarg\u0101 piek\u013cuvi jumta teltij un nodro\u0161ina papildu vietu bag\u0101\u017eai, gul\u0113\u0161anai vai \u0113rtai gatavo\u0161anas un \u0113\u0161anas zonai zem jumta.<\/p>\n<p data-start=\"427\" data-end=\"736\">Divi jumta logi ielai\u017e dabisko gaismu un rada pat\u012bkamu atmosf\u0113ru ar\u012b m\u0101ko\u0146ain\u0101 laik\u0101. Ventil\u0101cija, aizsardz\u012bba pret kukai\u0146iem un mitrumu no zemes padara \u0161o pieb\u016bvi par neaizst\u0101jamu papildin\u0101jumu pras\u012bgiem piedz\u012bvojumiem dab\u0101. Aukst\u0101 laik\u0101 iesp\u0113jams izmantot aizveramu atveri apkures \u0161\u013c\u016btenes ievadam (\u00d8 6 cm).<\/p>\n<p data-start=\"738\" data-end=\"769\"><strong data-start=\"738\" data-end=\"769\">K\u0101 darbojas pieb\u016bves nojume<\/strong><\/p>\n<p data-start=\"771\" data-end=\"913\">Nojume tiek piestiprin\u0101ta tie\u0161i pie TEAK hibr\u012bda jumta telts ar iztur\u012bgu <strong data-start=\"844\" data-end=\"865\">YKK r\u0101v\u0113jsl\u0113dz\u0113ju<\/strong> \u2014 bez instrumentiem un tikai da\u017eu min\u016b\u0161u laik\u0101.<\/p>\n<p data-start=\"915\" data-end=\"1128\">Divas pla\u0161as ieejas (no automa\u0161\u012bnas puses un priek\u0161pus\u0113) nodro\u0161ina \u0113rtu un elast\u012bgu piek\u013cuvi. Divi s\u0101nu logi ar integr\u0113tiem mosk\u012btu t\u012bkliem \u013cauj nodro\u0161in\u0101t optim\u0101lu ventil\u0101ciju, vienlaikus pasarg\u0101jot no kukai\u0146iem.<\/p>\n<p data-start=\"1130\" data-end=\"1362\">Past\u0101v\u012bgi integr\u0113tie jumta logi no gaismu caurlaid\u012bgas pl\u0113ves padara telpu gai\u0161\u0101ku, un nepiecie\u0161am\u012bbas gad\u012bjum\u0101 tos iesp\u0113jams aizsegt ar telts audumu. Komplekt\u0101 iek\u013cautais no\u0146emamais gr\u012bdas p\u0101rkl\u0101js pasarg\u0101 no mitruma un net\u012brumiem.<\/p>\n<p data-start=\"1364\" data-end=\"1377\"><strong data-start=\"1364\" data-end=\"1377\">Materi\u0101li<\/strong><\/p>\n<p data-start=\"1379\" data-end=\"1701\">\u2022 Telts audums: iztur\u012bgs <strong data-start=\"1404\" data-end=\"1419\">420D Oxford<\/strong> audums \u2014 notur\u012bgs, \u016bdensiztur\u012bgs un pl\u012bsumnotur\u012bgs<br data-start=\"1470\" data-end=\"1473\" \/>\u2022 R\u0101v\u0113jsl\u0113dz\u0113ji: <strong data-start=\"1490\" data-end=\"1497\">YKK<\/strong> industri\u0101l\u0101s kvalit\u0101tes r\u0101v\u0113jsl\u0113dz\u0113ji ilgai kalpo\u0161anai<br data-start=\"1552\" data-end=\"1555\" \/>\u2022 Balsti: viegli un iztur\u012bgi alum\u012bnija teleskopiskie balsti<br data-start=\"1614\" data-end=\"1617\" \/>\u2022 Jumta logi: gaismu caurlaid\u012bga pl\u0113ve (neatverami) ar iek\u0161\u0113jo aptum\u0161o\u0161anas audumu<\/p>\n<p data-start=\"1703\" data-end=\"1721\"><strong data-start=\"1703\" data-end=\"1721\">Tehniskie dati<\/strong><\/p>\n<p data-start=\"1723\" data-end=\"2017\">\u2022 Piem\u0113rots telts mont\u0101\u017eas augstumam: aptuveni 190\u2013210 cm<br data-start=\"1780\" data-end=\"1783\" \/>\u2022 Ieeju skaits: 2 (pie automa\u0161\u012bnas un priek\u0161pus\u0113)<br data-start=\"1832\" data-end=\"1835\" \/>\u2022 Logi: 2 s\u0101nos ar mosk\u012btu t\u012bkliem<br data-start=\"1869\" data-end=\"1872\" \/>\u2022 Jumta logi: 2 ar gaismu izklied\u0113jo\u0161u pl\u0113vi un aptum\u0161o\u0161anas iesp\u0113ju<br data-start=\"1940\" data-end=\"1943\" \/>\u2022 Integr\u0113ta gr\u012bda: no\u0146emams gr\u012bdas p\u0101rkl\u0101js komplekt\u0101<br data-start=\"1996\" data-end=\"1999\" \/>\u2022 Svars: 17,6 kg<\/p>\n<p data-start=\"2019\" data-end=\"2041\"><strong data-start=\"2019\" data-end=\"2041\">Komplekt\u0101 ietilpst<\/strong><\/p>\n<p data-start=\"2043\" data-end=\"2241\">\u2022 1 \u00d7 pieb\u016bves nojume ar praktisku p\u0101rn\u0113s\u0101\u0161anas somu<br data-start=\"2095\" data-end=\"2098\" \/>\u2022 4 \u00d7 alum\u012bnija teleskopiskie balsti<br data-start=\"2134\" data-end=\"2137\" \/>\u2022 1 \u00d7 telts balsts<br data-start=\"2155\" data-end=\"2158\" \/>\u2022 16 \u00d7 telts mieti\u0146i<br data-start=\"2178\" data-end=\"2181\" \/>\u2022 4 \u00d7 nostiep\u0161anas auklas<br data-start=\"2206\" data-end=\"2209\" \/>\u2022 1 \u00d7 no\u0146emams gr\u012bdas p\u0101rkl\u0101js<\/p>\n<p data-start=\"2243\" data-end=\"2337\" data-is-last-node=\"\" data-is-only-node=\"\">Ide\u0101ls papildin\u0101jums komfortabl\u0101kai, saus\u0101kai un \u0113rt\u0101kai kempingo\u0161anai jebkuros laikapst\u0101k\u013cos.<\/p>","protected":false},"featured_media":21709,"comment_status":"open","ping_status":"closed","template":"","meta":{"om_disable_all_campaigns":false,"_monsterinsights_skip_tracking":false,"_monsterinsights_sitenote_active":false,"_monsterinsights_sitenote_note":"","_monsterinsights_sitenote_category":0},"product_brand":[],"product_cat":[21,142],"product_tag":[],"class_list":{"0":"post-21708","1":"product","2":"type-product","3":"status-publish","4":"has-post-thumbnail","6":"product_cat-bez-kategorijas","7":"product_cat-nojumes","8":"product_shipping_class-mazs","10":"first","11":"onbackorder","12":"shipping-taxable","13":"purchasable","14":"product-type-simple"},"aioseo_notices":[],"_links":{"self":[{"href":"https:\/\/minicampers.lv\/en\/wp-json\/wp\/v2\/product\/21708","targetHints":{"allow":["GET"]}}],"collection":[{"href":"https:\/\/minicampers.lv\/en\/wp-json\/wp\/v2\/product"}],"about":[{"href":"https:\/\/minicampers.lv\/en\/wp-json\/wp\/v2\/types\/product"}],"replies":[{"embeddable":true,"href":"https:\/\/minicampers.lv\/en\/wp-json\/wp\/v2\/comments?post=21708"}],"version-history":[{"count":1,"href":"https:\/\/minicampers.lv\/en\/wp-json\/wp\/v2\/product\/21708\/revisions"}],"predecessor-version":[{"id":21718,"href":"https:\/\/minicampers.lv\/en\/wp-json\/wp\/v2\/product\/21708\/revisions\/21718"}],"wp:featuredmedia":[{"embeddable":true,"href":"https:\/\/minicampers.lv\/en\/wp-json\/wp\/v2\/media\/21709"}],"wp:attachment":[{"href":"https:\/\/minicampers.lv\/en\/wp-json\/wp\/v2\/media?parent=21708"}],"wp:term":[{"taxonomy":"product_brand","embeddable":true,"href":"https:\/\/minicampers.lv\/en\/wp-json\/wp\/v2\/product_brand?post=21708"},{"taxonomy":"product_cat","embeddable":true,"href":"https:\/\/minicampers.lv\/en\/wp-json\/wp\/v2\/product_cat?post=21708"},{"taxonomy":"product_tag","embeddable":true,"href":"https:\/\/minicampers.lv\/en\/wp-json\/wp\/v2\/product_tag?post=21708"}],"curies":[{"name":"wp","href":"https:\/\/api.w.org\/{rel}","templated":true}]}}