{"id":21673,"date":"2026-03-24T22:27:06","date_gmt":"2026-03-24T20:27:06","guid":{"rendered":"https:\/\/minicampers.lv\/?post_type=product&#038;p=21673"},"modified":"2026-03-24T22:27:06","modified_gmt":"2026-03-24T20:27:06","slug":"water-tank-travel-shower-evotank-16l","status":"publish","type":"product","link":"https:\/\/minicampers.lv\/en\/Veikals\/bez-kategorijas\/water-tank-travel-shower-evotank-16l\/","title":{"rendered":"Water Tank &#038; Travel Shower EVOTANK 16l"},"content":{"rendered":"<h3 data-section-id=\"1ghm4dh\" data-start=\"70\" data-end=\"114\"><span role=\"text\"><strong data-start=\"74\" data-end=\"114\">EVOTANK \u016bdens tvertnes priek\u0161roc\u012bbas<\/strong><\/span><\/h3>\n<p data-start=\"116\" data-end=\"257\">EVOTANK \u016bdens tvertne ir uzticams risin\u0101jums komfortam dab\u0101 \u2013 ide\u0101li piem\u0113rota du\u0161ai, trauku mazg\u0101\u0161anai un ekip\u0113juma t\u012br\u012b\u0161anai jebkur\u0101 viet\u0101.<\/p>\n<hr data-start=\"259\" data-end=\"262\" \/>\n<h3 data-section-id=\"kacgzd\" data-start=\"264\" data-end=\"290\"><span role=\"text\"><strong data-start=\"268\" data-end=\"290\">Galven\u0101s \u012bpa\u0161\u012bbas:<\/strong><\/span><\/h3>\n<p data-start=\"292\" data-end=\"757\">\u2714 Augstas kvalit\u0101tes alum\u012bnija \u016bdens tvertne<br data-start=\"336\" data-end=\"339\" \/>\u2714 Ide\u0101li piem\u0113rota du\u0161ai, trauku mazg\u0101\u0161anai un t\u012br\u012b\u0161anai<br data-start=\"395\" data-end=\"398\" \/>\u2714 Pieejamie tilpumi: 16 \/ 26 \/ 36 litri<br data-start=\"437\" data-end=\"440\" \/>\u2714 Sp\u0113c\u012bga \u016bdens str\u016bkla ar augstspiediena funkciju (l\u012bdz 4,5 bar)<br data-start=\"505\" data-end=\"508\" \/>\u2714 Regul\u0113jama \u016bdens pl\u016bsmas intensit\u0101te vair\u0101kos l\u012bme\u0146os<br data-start=\"563\" data-end=\"566\" \/>\u2714 \u016adens uzsild\u012b\u0161ana, pateicoties tum\u0161ajam dizainam (saules siltuma efekts)<br data-start=\"640\" data-end=\"643\" \/>\u2714 Vienk\u0101r\u0161a uzst\u0101d\u012b\u0161ana ar komplekt\u0101 iek\u013cauto stiprin\u0101jumu<br data-start=\"701\" data-end=\"704\" \/>\u2714 Sader\u012bga ar standarta d\u0101rza \u0161\u013c\u016bte\u0146u savienojumiem<\/p>\n<hr data-start=\"759\" data-end=\"762\" \/>\n<h3 data-section-id=\"1hqc76i\" data-start=\"764\" data-end=\"791\"><span role=\"text\"><strong data-start=\"768\" data-end=\"791\">Komplekt\u0101 iek\u013cauts:<\/strong><\/span><\/h3>\n<ul data-start=\"793\" data-end=\"898\">\n<li data-section-id=\"z7qcf\" data-start=\"793\" data-end=\"831\">\u016adens tvertne (16 l \/ 26 l \/ 36 l)<\/li>\n<li data-section-id=\"wulf6u\" data-start=\"832\" data-end=\"870\">Mont\u0101\u017eas sist\u0113ma jumta bag\u0101\u017eniekam<\/li>\n<li data-section-id=\"zprqfs\" data-start=\"871\" data-end=\"898\">\u0160\u013c\u016btene ar du\u0161as uzgali<\/li>\n<\/ul>\n<hr data-start=\"900\" data-end=\"903\" \/>\n<h3 data-section-id=\"xr2toe\" data-start=\"905\" data-end=\"923\"><span role=\"text\"><strong data-start=\"909\" data-end=\"923\">Materi\u0101li:<\/strong><\/span><\/h3>\n<ul data-start=\"925\" data-end=\"1012\">\n<li data-section-id=\"o7x0r2\" data-start=\"925\" data-end=\"953\">\u016adens tvertne: alum\u012bnijs<\/li>\n<li data-section-id=\"mpleu5\" data-start=\"954\" data-end=\"993\">\u0160\u013c\u016btene un du\u0161as uzgalis: plastmasa<\/li>\n<li data-section-id=\"1ldacka\" data-start=\"994\" data-end=\"1012\">V\u0101rsts: misi\u0146\u0161<\/li>\n<\/ul>\n<hr data-start=\"1014\" data-end=\"1017\" \/>\n<h3 data-section-id=\"19o0o1g\" data-start=\"1019\" data-end=\"1057\"><span role=\"text\"><strong data-start=\"1023\" data-end=\"1057\">Tehniskie dati (16 L versija):<\/strong><\/span><\/h3>\n<ul data-start=\"1059\" data-end=\"1276\">\n<li data-section-id=\"17jvy1d\" data-start=\"1059\" data-end=\"1087\">\u0160\u013c\u016btenes garums: ~200 cm<\/li>\n<li data-section-id=\"vizinw\" data-start=\"1088\" data-end=\"1141\">Tuk\u0161as tvertnes svars (bez piederumiem): ~9,35 kg<\/li>\n<li data-section-id=\"51nb82\" data-start=\"1142\" data-end=\"1196\">Pilnas tvertnes svars (bez piederumiem): ~25,35 kg<\/li>\n<li data-section-id=\"79w8a\" data-start=\"1197\" data-end=\"1235\">\u0100r\u0113jie izm\u0113ri: 94 \u00d7 21,3 \u00d7 12,9 cm<\/li>\n<li data-section-id=\"hvo0wq\" data-start=\"1236\" data-end=\"1276\">Iepakojuma izm\u0113ri: 99 \u00d7 28 \u00d7 18,5 cm<\/li>\n<\/ul>","protected":false},"excerpt":{"rendered":"<h3 data-section-id=\"1a1vr5h\" data-start=\"62\" data-end=\"121\"><span role=\"text\"><strong data-start=\"66\" data-end=\"121\">OUTDOOR SHOWER \u2013 maksim\u0101la br\u012bv\u012bba un komforts ce\u013c\u0101<\/strong><\/span><\/h3>\n<p data-start=\"123\" data-end=\"424\">OUTDOOR SHOWER nodro\u0161ina maksim\u0101lu elast\u012bbu un komfortu jebkur\u0101 piedz\u012bvojum\u0101. Augstas kvalit\u0101tes alum\u012bnija \u016bdens tvertne ir pieejama tr\u012bs tilpumos \u2013 16, 26 un 36 litri \u2013 un, pateicoties augstspiediena sist\u0113mai l\u012bdz pat 4,5 bar, ir ide\u0101li piem\u0113rota du\u0161ai, trauku mazg\u0101\u0161anai un ekip\u0113juma t\u012br\u012b\u0161anai dab\u0101.<\/p>\n<hr data-start=\"426\" data-end=\"429\" \/>\n<h3 data-section-id=\"1tzafi0\" data-start=\"431\" data-end=\"462\"><span role=\"text\"><strong data-start=\"435\" data-end=\"462\">Galven\u0101s priek\u0161roc\u012bbas:<\/strong><\/span><\/h3>\n<p>\u2714 Sp\u0113c\u012bga \u016bdens str\u016bkla ar augstspiediena funkciju (l\u012bdz 4,5 bar)<br data-start=\"529\" data-end=\"532\" \/>\u2714 Regul\u0113jama \u016bdens pl\u016bsmas intensit\u0101te vair\u0101kos l\u012bme\u0146os<br data-start=\"587\" data-end=\"590\" \/>\u2714 \u016adens uzsild\u012b\u0161ana, pateicoties tum\u0161ajam dizainam (saules efekts)<br data-start=\"656\" data-end=\"659\" \/>\u2714 Vienk\u0101r\u0161a uzst\u0101d\u012b\u0161ana ar komplekt\u0101 iek\u013cauto stiprin\u0101jumu<br data-start=\"717\" data-end=\"720\" \/>\u2714 Sader\u012bga ar standarta d\u0101rza \u0161\u013c\u016bte\u0146u savienojumiem<\/p>","protected":false},"featured_media":21674,"comment_status":"open","ping_status":"closed","template":"","meta":{"om_disable_all_campaigns":false,"_monsterinsights_skip_tracking":false,"_monsterinsights_sitenote_active":false,"_monsterinsights_sitenote_note":"","_monsterinsights_sitenote_category":0},"product_brand":[],"product_cat":[21,144],"product_tag":[],"class_list":{"0":"post-21673","1":"product","2":"type-product","3":"status-publish","4":"has-post-thumbnail","6":"product_cat-bez-kategorijas","7":"product_cat-piederumi","8":"product_shipping_class-liels","10":"first","11":"onbackorder","12":"shipping-taxable","13":"purchasable","14":"product-type-simple"},"aioseo_notices":[],"_links":{"self":[{"href":"https:\/\/minicampers.lv\/en\/wp-json\/wp\/v2\/product\/21673","targetHints":{"allow":["GET"]}}],"collection":[{"href":"https:\/\/minicampers.lv\/en\/wp-json\/wp\/v2\/product"}],"about":[{"href":"https:\/\/minicampers.lv\/en\/wp-json\/wp\/v2\/types\/product"}],"replies":[{"embeddable":true,"href":"https:\/\/minicampers.lv\/en\/wp-json\/wp\/v2\/comments?post=21673"}],"version-history":[{"count":1,"href":"https:\/\/minicampers.lv\/en\/wp-json\/wp\/v2\/product\/21673\/revisions"}],"predecessor-version":[{"id":21681,"href":"https:\/\/minicampers.lv\/en\/wp-json\/wp\/v2\/product\/21673\/revisions\/21681"}],"wp:featuredmedia":[{"embeddable":true,"href":"https:\/\/minicampers.lv\/en\/wp-json\/wp\/v2\/media\/21674"}],"wp:attachment":[{"href":"https:\/\/minicampers.lv\/en\/wp-json\/wp\/v2\/media?parent=21673"}],"wp:term":[{"taxonomy":"product_brand","embeddable":true,"href":"https:\/\/minicampers.lv\/en\/wp-json\/wp\/v2\/product_brand?post=21673"},{"taxonomy":"product_cat","embeddable":true,"href":"https:\/\/minicampers.lv\/en\/wp-json\/wp\/v2\/product_cat?post=21673"},{"taxonomy":"product_tag","embeddable":true,"href":"https:\/\/minicampers.lv\/en\/wp-json\/wp\/v2\/product_tag?post=21673"}],"curies":[{"name":"wp","href":"https:\/\/api.w.org\/{rel}","templated":true}]}}