{"id":21637,"date":"2026-03-24T20:56:39","date_gmt":"2026-03-24T18:56:39","guid":{"rendered":"https:\/\/minicampers.lv\/?post_type=product&#038;p=21637"},"modified":"2026-03-26T13:18:01","modified_gmt":"2026-03-26T11:18:01","slug":"teak-160","status":"publish","type":"product","link":"https:\/\/minicampers.lv\/en\/Veikals\/bez-kategorijas\/teak-160\/","title":{"rendered":"TEAK 160"},"content":{"rendered":"<h5 data-start=\"0\" data-end=\"97\"><a href=\"https:\/\/minicampers.lv\/wp-content\/uploads\/2023\/05\/WINCH-Industry_Safety_Sheet_Rooft-Tents_DE_EN.pdf\">WINCH-Industry_Safety_Sheet_Rooft-Tents_DE_EN<\/a><\/h5>\n<h4 data-section-id=\"7nsnro\" data-start=\"211\" data-end=\"238\">TEAK 160 jumta telts<\/h4>\n<p data-start=\"239\" data-end=\"282\"><strong data-start=\"239\" data-end=\"282\">V\u0113l vair\u0101k vietas. V\u0113l vair\u0101k br\u012bv\u012bbas.<\/strong><\/p>\n<p data-start=\"284\" data-end=\"431\">P\u0113c TEAK 135 pan\u0101kumiem jaun\u0101 paaudze ir kl\u0101t \u2014 <strong data-start=\"332\" data-end=\"344\">TEAK 160<\/strong>.<br data-start=\"345\" data-end=\"348\" \/>Pla\u0161\u0101ka, \u0113rt\u0101ka un v\u0113l praktisk\u0101ka \u2013 ide\u0101la \u0123imen\u0113m vai tiem, kas ce\u013co ar komfortu.<\/p>\n<hr data-start=\"433\" data-end=\"436\" \/>\n<h5 data-section-id=\"1kn224h\" data-start=\"438\" data-end=\"464\">Pla\u0161ums un komforts<\/h5>\n<ul data-start=\"465\" data-end=\"626\">\n<li data-section-id=\"jw20ja\" data-start=\"465\" data-end=\"509\">Gu\u013cvieta: ~200 \u00d7 145 cm<\/li>\n<li data-section-id=\"1de6odv\" data-start=\"510\" data-end=\"546\">Iek\u0161\u0113jais augstums: l\u012bdz ~120 cm<\/li>\n<li data-section-id=\"1a0blp9\" data-start=\"547\" data-end=\"586\">Memory foam matracis lab\u0101kam miegam<\/li>\n<li data-section-id=\"1a8azso\" data-start=\"587\" data-end=\"626\">Ventil\u0101cijas sl\u0101nis pret kondens\u0101tu<\/li>\n<\/ul>\n<hr data-start=\"684\" data-end=\"687\" \/>\n<h5 data-section-id=\"hivb1m\" data-start=\"689\" data-end=\"710\">Fast installation<\/h5>\n<ul data-start=\"711\" data-end=\"806\">\n<li data-section-id=\"2vlype\" data-start=\"711\" data-end=\"744\">Bez stie\u0146iem (pole-free system)<\/li>\n<li data-section-id=\"1n1c9uc\" data-start=\"745\" data-end=\"778\">Uzst\u0101d\u012b\u0161ana da\u017eu min\u016b\u0161u laik\u0101<\/li>\n<li data-section-id=\"1hp2fby\" data-start=\"779\" data-end=\"806\">K\u0101pnes integr\u0113tas telt\u012b<\/li>\n<li data-section-id=\"1awylro\" data-start=\"864\" data-end=\"886\">2 lielas apavu somas<\/li>\n<li data-section-id=\"xle3f\" data-start=\"887\" data-end=\"912\">Organizatori un kabatas<\/li>\n<li data-section-id=\"1zvrc0\" data-start=\"913\" data-end=\"939\">LED apgaismojums (USB-C)<\/li>\n<li data-section-id=\"q1q7ku\" data-start=\"940\" data-end=\"956\">Mosquito t\u012bkli<\/li>\n<\/ul>\n<hr data-start=\"1007\" data-end=\"1010\" \/>\n<h2 data-section-id=\"1et5g0r\" data-start=\"1012\" data-end=\"1050\">Gatava jebkuriem laikapst\u0101k\u013ciem<\/h2>\n<ul data-start=\"1051\" data-end=\"1143\">\n<li data-section-id=\"1m7lqzf\" data-start=\"1051\" data-end=\"1088\">Alum\u012bnija hard shell konstrukcija<\/li>\n<li data-section-id=\"wddz7j\" data-start=\"1089\" data-end=\"1117\">Speci\u0101ls rainfly dizains<\/li>\n<li data-section-id=\"qv604j\" data-start=\"1118\" data-end=\"1143\">Ventil\u0101cija ar\u012b liet\u016b<\/li>\n<\/ul>\n<p data-start=\"1145\" data-end=\"1187\">\ud83d\udc49 Sauss, gai\u0161s un \u0113rts jebkuros apst\u0101k\u013cos<\/p>\n<hr data-start=\"1189\" data-end=\"1192\" \/>\n<h5 data-section-id=\"2ysmv5\" data-start=\"1194\" data-end=\"1218\">Praktiska ikdienai<\/h5>\n<ul data-start=\"1219\" data-end=\"1331\">\n<li data-section-id=\"1pc4d82\" data-start=\"1219\" data-end=\"1250\">Gultasve\u013ca var palikt telt\u012b<\/li>\n<li data-section-id=\"sdeiej\" data-start=\"1251\" data-end=\"1299\">Integr\u0113ts jumta bag\u0101\u017enieks papildapr\u012bkojumam<\/li>\n<li data-section-id=\"1krlayv\" data-start=\"1300\" data-end=\"1331\">Nav j\u0101ved k\u0101pnes auto iek\u0161\u0101<\/li>\n<\/ul>\n<hr data-start=\"1376\" data-end=\"1379\" \/>\n<h6 data-section-id=\"lbbog9\" data-start=\"1381\" data-end=\"1407\">\u00a0Tehnisk\u0101 inform\u0101cija<\/h6>\n<ul data-start=\"1408\" data-end=\"1519\">\n<li data-section-id=\"nt0z9t\" data-start=\"1408\" data-end=\"1428\">Svars: ~77-82 kg<\/li>\n<li data-section-id=\"18ls3sr\" data-start=\"1429\" data-end=\"1463\">Sl\u0113gt\u0101 augstums: ~29.5\u201333.5 cm<\/li>\n<li data-section-id=\"11g0cc4\" data-start=\"1464\" data-end=\"1496\">Pamatne: alum\u012bnija honeycomb<\/li>\n<li data-section-id=\"1uqomtx\" data-start=\"1497\" data-end=\"1519\">R\u0101v\u0113jsl\u0113dz\u0113ji: YKK<\/li>\n<\/ul>\n<hr data-start=\"1521\" data-end=\"1524\" \/>\n<h2 data-section-id=\"1u09zj8\" data-start=\"1526\" data-end=\"1549\">Ide\u0101li piem\u0113rota:<\/h2>\n<ul data-start=\"1550\" data-end=\"1588\">\n<li data-section-id=\"177ov4o\" data-start=\"1550\" data-end=\"1557\">SUV<\/li>\n<li data-section-id=\"1k6qpqa\" data-start=\"1558\" data-end=\"1570\">busi\u0146iem<\/li>\n<li data-section-id=\"pdax8d\" data-start=\"1571\" data-end=\"1588\">off-road auto<\/li>\n<\/ul>\n<hr data-start=\"1590\" data-end=\"1593\" \/>\n<h2 data-section-id=\"1aoyoip\" data-start=\"1595\" data-end=\"1627\">\ud83d\udcac K\u0101p\u0113c izv\u0113l\u0113ties TEAK 180?<\/h2>\n<p data-start=\"1629\" data-end=\"1747\">\u2714 Liel\u0101ka par standarta jumta telt\u012bm<br data-start=\"1665\" data-end=\"1668\" \/>\u2714 \u0100tr\u0101ka uzst\u0101d\u012b\u0161ana nek\u0101 klasiskaj\u0101m telt\u012bm<br data-start=\"1712\" data-end=\"1715\" \/>\u2714 Komforts k\u0101 mini gu\u013camistab\u0101<\/p>","protected":false},"excerpt":{"rendered":"<h5 data-section-id=\"e5d0rm\" data-start=\"119\" data-end=\"147\">TEAK 2.0 jumta telts<\/h5>\n<h5 data-start=\"148\" data-end=\"202\"><strong data-start=\"148\" data-end=\"202\">Vair\u0101k vietas. Vair\u0101k komforta. Maz\u0101k sare\u017e\u0123\u012bjumu.<\/strong><\/h5>\n<p data-start=\"204\" data-end=\"308\">TEAK 2.0 ir uzlabota versija popul\u0101rajam TEAK 135 \u2014 rad\u012bta tiem, kas ce\u013co vair\u0101k un v\u0113las vair\u0101k vietas.<\/p>\n<hr data-start=\"310\" data-end=\"313\" \/>\n<h4 data-section-id=\"ffuxjo\" data-start=\"315\" data-end=\"345\">Galven\u0101s priek\u0161roc\u012bbas:<\/h4>\n<p data-start=\"347\" data-end=\"436\"><strong data-start=\"351\" data-end=\"388\">Pla\u0161a gu\u013cvieta (l\u012bdz 3 cilv\u0113kiem)<\/strong><br data-start=\"388\" data-end=\"391\" \/>~145\/165 \u00d7 200 cm \u2013 ide\u0101li p\u0101riem vai \u0123imen\u0113m<\/p>\n<p data-start=\"438\" data-end=\"515\"><strong data-start=\"440\" data-end=\"472\">\u0100tra uzst\u0101d\u012b\u0161ana (~1 min\u016bte)<\/strong><br data-start=\"472\" data-end=\"475\" \/>Bez stie\u0146iem \u2013 vienk\u0101r\u0161i atver un gatavs<\/p>\n<p data-start=\"517\" data-end=\"597\"><strong data-start=\"520\" data-end=\"541\">Integr\u0113tas k\u0101pnes<\/strong><br data-start=\"541\" data-end=\"544\" \/>Paliek telt\u012b ar\u012b aizv\u0113rt\u0101 st\u0101vokl\u012b \u2013 nav j\u0101glab\u0101 auto<\/p>\n<p data-start=\"599\" data-end=\"654\"><strong data-start=\"602\" data-end=\"624\">Vair\u0101k vietas auto<\/strong><br data-start=\"624\" data-end=\"627\" \/>Gultasve\u013ca var palikt telt\u012b<\/p>\n<p data-start=\"656\" data-end=\"728\"><strong data-start=\"659\" data-end=\"691\">Liel\u0101ks augstums un komforts<\/strong><br data-start=\"691\" data-end=\"694\" \/>\u0112rta kust\u012bba vis\u0101 gu\u013cvietas garum\u0101<\/p>\n<p data-start=\"730\" data-end=\"791\"><strong data-start=\"733\" data-end=\"762\">Papildu vieta apr\u012bkojumam<\/strong><br data-start=\"762\" data-end=\"765\" \/>Integr\u0113ts jumta bag\u0101\u017enieks<\/p>\n<h5 data-section-id=\"ln3mnc\" data-start=\"798\" data-end=\"821\">Ide\u0101li piem\u0113rota:<\/h5>\n<ul data-start=\"822\" data-end=\"871\">\n<li data-section-id=\"1obonoq\" data-start=\"822\" data-end=\"830\">p\u0101riem<\/li>\n<li data-section-id=\"sdsadt\" data-start=\"831\" data-end=\"849\">\u0123imen\u0113m ar b\u0113rnu<\/li>\n<li data-section-id=\"1noevoh\" data-start=\"850\" data-end=\"871\">akt\u012bviem ce\u013cot\u0101jiem<\/li>\n<\/ul>","protected":false},"featured_media":21627,"comment_status":"open","ping_status":"closed","template":"","meta":{"om_disable_all_campaigns":false,"_monsterinsights_skip_tracking":false,"_monsterinsights_sitenote_active":false,"_monsterinsights_sitenote_note":"","_monsterinsights_sitenote_category":0},"product_brand":[],"product_cat":[21,203,141],"product_tag":[],"class_list":{"0":"post-21637","1":"product","2":"type-product","3":"status-publish","4":"has-post-thumbnail","6":"product_cat-bez-kategorijas","7":"product_cat-hibrida-jumta-teltis","8":"product_cat-teltis","9":"product_shipping_class-liels","11":"first","12":"onbackorder","13":"shipping-taxable","14":"purchasable","15":"product-type-simple"},"aioseo_notices":[],"_links":{"self":[{"href":"https:\/\/minicampers.lv\/en\/wp-json\/wp\/v2\/product\/21637","targetHints":{"allow":["GET"]}}],"collection":[{"href":"https:\/\/minicampers.lv\/en\/wp-json\/wp\/v2\/product"}],"about":[{"href":"https:\/\/minicampers.lv\/en\/wp-json\/wp\/v2\/types\/product"}],"replies":[{"embeddable":true,"href":"https:\/\/minicampers.lv\/en\/wp-json\/wp\/v2\/comments?post=21637"}],"version-history":[{"count":2,"href":"https:\/\/minicampers.lv\/en\/wp-json\/wp\/v2\/product\/21637\/revisions"}],"predecessor-version":[{"id":21682,"href":"https:\/\/minicampers.lv\/en\/wp-json\/wp\/v2\/product\/21637\/revisions\/21682"}],"wp:featuredmedia":[{"embeddable":true,"href":"https:\/\/minicampers.lv\/en\/wp-json\/wp\/v2\/media\/21627"}],"wp:attachment":[{"href":"https:\/\/minicampers.lv\/en\/wp-json\/wp\/v2\/media?parent=21637"}],"wp:term":[{"taxonomy":"product_brand","embeddable":true,"href":"https:\/\/minicampers.lv\/en\/wp-json\/wp\/v2\/product_brand?post=21637"},{"taxonomy":"product_cat","embeddable":true,"href":"https:\/\/minicampers.lv\/en\/wp-json\/wp\/v2\/product_cat?post=21637"},{"taxonomy":"product_tag","embeddable":true,"href":"https:\/\/minicampers.lv\/en\/wp-json\/wp\/v2\/product_tag?post=21637"}],"curies":[{"name":"wp","href":"https:\/\/api.w.org\/{rel}","templated":true}]}}