{"id":21338,"date":"2025-09-23T08:13:14","date_gmt":"2025-09-23T05:13:14","guid":{"rendered":"https:\/\/minicampers.lv\/?post_type=product&#038;p=21338"},"modified":"2025-09-23T08:54:51","modified_gmt":"2025-09-23T05:54:51","slug":"vickywood-mighty-oak-gen-3-0-eco-grey-190-jumta-telts-mazlietota","status":"publish","type":"product","link":"https:\/\/minicampers.lv\/en\/Veikals\/bez-kategorijas\/vickywood-mighty-oak-gen-3-0-eco-grey-190-jumta-telts-mazlietota\/","title":{"rendered":"VICKYWOOD Mighty Oak GEN.3.0 ECO grey 190 jumta telts MAZLIETOTA"},"content":{"rendered":"","protected":false},"excerpt":{"rendered":"<p><span class=\"jCAhz ChMk0b\"><span class=\"ryNqvb\">Ciet\u0101 apvalka saliekam\u0101 telts MIGHTY OAK\u00a0 Gen. 3.0 190 grey<\/span><\/span><\/p>\n<ul>\n<li><span class=\"jCAhz ChMk0b\"><span class=\"ryNqvb\">NEW: recycled tent fabric<\/span><\/span><\/li>\n<li><span class=\"jCAhz ChMk0b\"><span class=\"ryNqvb\">NEW: very durable, matte hard shell with Line-X coating, incl.<\/span><\/span> <span class=\"jCAhz ChMk0b\"><span class=\"ryNqvb\">VICKYWOOD z\u012bmols<\/span><\/span><\/li>\n<li><span class=\"jCAhz ChMk0b\"><span class=\"ryNqvb\">liels salik\u0161anas \u0101trums pateicoties stabilaj\u0101m STABILUS g\u0101zes spiediena atsper\u0113m<\/span><\/span><\/li>\n<li><span class=\"jCAhz ChMk0b\"><span class=\"ryNqvb\">piem\u0113rots 3 &#8211; 4 person\u0101m<\/span><\/span><\/li>\n<li><span class=\"jCAhz ChMk0b\"><span class=\"ryNqvb\">made of durable and light materials<\/span><\/span><\/li>\n<li><span class=\"jCAhz ChMk0b\"><span class=\"ryNqvb\">sl\u0113gt\u0101 st\u0101vokl\u012b papildus v\u0101ks nav nepiecie\u0161ams<\/span><\/span><\/li>\n<li><span class=\"jCAhz ChMk0b\"><span class=\"ryNqvb\">memory foam matracis ar <\/span><\/span><span class=\"jCAhz ChMk0b\"><span class=\"ryNqvb\">Oxford Cloth matra\u010da p\u0101rvalku nodro\u0161ina \u0113rtu gul\u0113\u0161anu<\/span><\/span><\/li>\n<li><span class=\"jCAhz ChMk0b\"><span class=\"ryNqvb\">2x adjustable LED lights 1x in the interior and 1x in the entrance area with USB connection<\/span><\/span><\/li>\n<li><span class=\"jCAhz ChMk0b\"><span class=\"ryNqvb\">tightly drawn mosquito nets at all openings<\/span><\/span><\/li>\n<li><span class=\"jCAhz ChMk0b\"><span class=\"ryNqvb\">lockable buckles (with key)<\/span><\/span><\/li>\n<li><span class=\"jCAhz ChMk0b\"><span class=\"ryNqvb\">2 lielas apavu uzglab\u0101\u0161anas vietas ab\u0101s pus\u0113s pie telts ieejas.<\/span><\/span><\/li>\n<li><span class=\"jCAhz ChMk0b\"><span class=\"ryNqvb\">removable black telescopic aluminum ladder:<\/span><\/span> <span class=\"jCAhz ChMk0b\"><span class=\"ryNqvb\">&#8211; 2,3 m garums<\/span><\/span> <span class=\"jCAhz ChMk0b\"><span class=\"ryNqvb\">\u2013 with one-button operation (can load up to 150 kg)<\/span><\/span><\/li>\n<li>Instrukcija &#8211;<a href=\"https:\/\/minicampers.lv\/wp-content\/uploads\/2023\/05\/Manual-VICKYWOOD-MIGHTY-OAK.pdf\">Manual-VICKYWOOD-MIGHTY OAK<\/a><\/li>\n<\/ul>","protected":false},"featured_media":20521,"comment_status":"open","ping_status":"closed","template":"","meta":{"om_disable_all_campaigns":false,"_monsterinsights_skip_tracking":false,"_monsterinsights_sitenote_active":false,"_monsterinsights_sitenote_note":"","_monsterinsights_sitenote_category":0},"product_brand":[],"product_cat":[21,203,141],"product_tag":[163,168,155,156],"class_list":{"0":"post-21338","1":"product","2":"type-product","3":"status-publish","4":"has-post-thumbnail","6":"product_cat-bez-kategorijas","7":"product_cat-hibrida-jumta-teltis","8":"product_cat-teltis","9":"product_tag-173-x-200","10":"product_tag-cita","11":"product_tag-hard-shell","12":"product_tag-peleka","13":"product_shipping_class-liels","15":"first","16":"outofstock","17":"shipping-taxable","18":"purchasable","19":"product-type-simple"},"aioseo_notices":[],"_links":{"self":[{"href":"https:\/\/minicampers.lv\/en\/wp-json\/wp\/v2\/product\/21338","targetHints":{"allow":["GET"]}}],"collection":[{"href":"https:\/\/minicampers.lv\/en\/wp-json\/wp\/v2\/product"}],"about":[{"href":"https:\/\/minicampers.lv\/en\/wp-json\/wp\/v2\/types\/product"}],"replies":[{"embeddable":true,"href":"https:\/\/minicampers.lv\/en\/wp-json\/wp\/v2\/comments?post=21338"}],"version-history":[{"count":1,"href":"https:\/\/minicampers.lv\/en\/wp-json\/wp\/v2\/product\/21338\/revisions"}],"predecessor-version":[{"id":21339,"href":"https:\/\/minicampers.lv\/en\/wp-json\/wp\/v2\/product\/21338\/revisions\/21339"}],"wp:featuredmedia":[{"embeddable":true,"href":"https:\/\/minicampers.lv\/en\/wp-json\/wp\/v2\/media\/20521"}],"wp:attachment":[{"href":"https:\/\/minicampers.lv\/en\/wp-json\/wp\/v2\/media?parent=21338"}],"wp:term":[{"taxonomy":"product_brand","embeddable":true,"href":"https:\/\/minicampers.lv\/en\/wp-json\/wp\/v2\/product_brand?post=21338"},{"taxonomy":"product_cat","embeddable":true,"href":"https:\/\/minicampers.lv\/en\/wp-json\/wp\/v2\/product_cat?post=21338"},{"taxonomy":"product_tag","embeddable":true,"href":"https:\/\/minicampers.lv\/en\/wp-json\/wp\/v2\/product_tag?post=21338"}],"curies":[{"name":"wp","href":"https:\/\/api.w.org\/{rel}","templated":true}]}}