{"id":21282,"date":"2025-04-29T10:50:04","date_gmt":"2025-04-29T07:50:04","guid":{"rendered":"https:\/\/minicampers.lv\/?post_type=product&#038;p=21282"},"modified":"2026-03-17T21:46:23","modified_gmt":"2026-03-17T19:46:23","slug":"auto-markize-140cm-melna-noma","status":"publish","type":"product","link":"https:\/\/minicampers.lv\/en\/Veikals\/bez-kategorijas\/auto-markize-140cm-melna-noma\/","title":{"rendered":"Vickywood Markize auto 140cm melna NOMA"},"content":{"rendered":"","protected":false},"excerpt":{"rendered":"<h3 data-section-id=\"af0a1h\" data-start=\"0\" data-end=\"32\">Auto mar\u0137\u012bzes noma kempingam<\/h3>\n<p data-start=\"34\" data-end=\"343\">Vai pl\u0101nojat izbraucienu dab\u0101 un v\u0113laties vair\u0101k komforta? <strong data-start=\"93\" data-end=\"147\"><span class=\"hover:entity-accent entity-underline inline cursor-pointer align-baseline\"><span class=\"whitespace-normal\">VICKYWOOD<\/span><\/span> auto mar\u0137\u012bze<\/strong> ir lielisks risin\u0101jums kempingam, ce\u013cojumiem un atp\u016btai br\u012bv\u0101 dab\u0101. T\u0101 nodro\u0161ina \u0113rtu patv\u0113rumu no saules un lietus, k\u0101 ar\u012b rada pat\u012bkamu vietu \u0113diena gatavo\u0161anai vai vakara sarun\u0101m pie auto. \u26fa\ud83c\udf3f<\/p>\n<p data-start=\"345\" data-end=\"485\">Auto mar\u0137\u012bze ir \u0101tri uzst\u0101d\u0101ma un kompakta, t\u0101p\u0113c t\u0101 ir ide\u0101li piem\u0113rota ce\u013cot\u0101jiem, kuri v\u0113las vair\u0101k komforta kemping\u0101 vai roadtrip laik\u0101.<\/p>\n<h4 data-start=\"487\" data-end=\"509\">Nomas pied\u0101v\u0101jums<\/h4>\n<ul data-start=\"510\" data-end=\"706\">\n<li data-section-id=\"1dkurul\" data-start=\"510\" data-end=\"569\">\n<p data-start=\"512\" data-end=\"569\"><strong data-start=\"512\" data-end=\"529\">Auto mar\u0137\u012bze:<\/strong> <span class=\"hover:entity-accent entity-underline inline cursor-pointer align-baseline\"><span class=\"whitespace-normal\">VICKYWOOD<\/span><\/span><\/p>\n<\/li>\n<li data-section-id=\"3fbc0w\" data-start=\"570\" data-end=\"598\">\n<p data-start=\"572\" data-end=\"598\"><strong data-start=\"572\" data-end=\"583\">Izm\u0113rs:<\/strong> 140 \u00d7 200 cm<\/p>\n<\/li>\n<li data-section-id=\"bh1p7d\" data-start=\"599\" data-end=\"674\">\n<p data-start=\"601\" data-end=\"674\"><strong data-start=\"601\" data-end=\"615\">Piem\u0113rota:<\/strong> kempingam, roadtrip, mak\u0161\u0137er\u0113\u0161anai un izbraucieniem dab\u0101<\/p>\n<\/li>\n<li data-section-id=\"ioai7p\" data-start=\"675\" data-end=\"706\">\n<p data-start=\"677\" data-end=\"706\"><strong data-start=\"677\" data-end=\"706\">\u0100tra uzst\u0101d\u012b\u0161ana pie auto<\/strong><\/p>\n<\/li>\n<\/ul>\n<p data-start=\"708\" data-end=\"733\"><strong data-start=\"711\" data-end=\"733\">Nomas maksa: 100 \u20ac<\/strong><\/p>\n<p>&nbsp;<\/p>","protected":false},"featured_media":21534,"comment_status":"open","ping_status":"closed","template":"","meta":{"om_disable_all_campaigns":false,"_monsterinsights_skip_tracking":false,"_monsterinsights_sitenote_active":false,"_monsterinsights_sitenote_note":"","_monsterinsights_sitenote_category":0},"product_brand":[],"product_cat":[21,140],"product_tag":[],"class_list":{"0":"post-21282","1":"product","2":"type-product","3":"status-publish","4":"has-post-thumbnail","6":"product_cat-bez-kategorijas","7":"product_cat-noma","9":"first","10":"instock","11":"shipping-taxable","12":"product-type-simple"},"aioseo_notices":[],"_links":{"self":[{"href":"https:\/\/minicampers.lv\/en\/wp-json\/wp\/v2\/product\/21282","targetHints":{"allow":["GET"]}}],"collection":[{"href":"https:\/\/minicampers.lv\/en\/wp-json\/wp\/v2\/product"}],"about":[{"href":"https:\/\/minicampers.lv\/en\/wp-json\/wp\/v2\/types\/product"}],"replies":[{"embeddable":true,"href":"https:\/\/minicampers.lv\/en\/wp-json\/wp\/v2\/comments?post=21282"}],"version-history":[{"count":4,"href":"https:\/\/minicampers.lv\/en\/wp-json\/wp\/v2\/product\/21282\/revisions"}],"predecessor-version":[{"id":21594,"href":"https:\/\/minicampers.lv\/en\/wp-json\/wp\/v2\/product\/21282\/revisions\/21594"}],"wp:featuredmedia":[{"embeddable":true,"href":"https:\/\/minicampers.lv\/en\/wp-json\/wp\/v2\/media\/21534"}],"wp:attachment":[{"href":"https:\/\/minicampers.lv\/en\/wp-json\/wp\/v2\/media?parent=21282"}],"wp:term":[{"taxonomy":"product_brand","embeddable":true,"href":"https:\/\/minicampers.lv\/en\/wp-json\/wp\/v2\/product_brand?post=21282"},{"taxonomy":"product_cat","embeddable":true,"href":"https:\/\/minicampers.lv\/en\/wp-json\/wp\/v2\/product_cat?post=21282"},{"taxonomy":"product_tag","embeddable":true,"href":"https:\/\/minicampers.lv\/en\/wp-json\/wp\/v2\/product_tag?post=21282"}],"curies":[{"name":"wp","href":"https:\/\/api.w.org\/{rel}","templated":true}]}}