{"id":21278,"date":"2025-04-29T10:11:12","date_gmt":"2025-04-29T07:11:12","guid":{"rendered":"https:\/\/minicampers.lv\/?post_type=product&#038;p=21278"},"modified":"2026-03-17T21:47:38","modified_gmt":"2026-03-17T19:47:38","slug":"dometic-ledusskapis-33l-noma","status":"publish","type":"product","link":"https:\/\/minicampers.lv\/en\/Veikals\/bez-kategorijas\/dometic-ledusskapis-33l-noma\/","title":{"rendered":"Ledusskapis Dometic 33L Noma"},"content":{"rendered":"","protected":false},"excerpt":{"rendered":"<h3 data-section-id=\"wavz0y\" data-start=\"0\" data-end=\"35\">Auto ledusskapja noma kempingam<\/h3>\n<p data-start=\"37\" data-end=\"302\">Dodoties ce\u013cojum\u0101 vai kemping\u0101, svaigs \u0113diens un auksti dz\u0113rieni vienm\u0113r ir liels pluss. <strong data-start=\"126\" data-end=\"204\"><span class=\"hover:entity-accent entity-underline inline cursor-pointer align-baseline\"><span class=\"whitespace-normal\">Dometic<\/span><\/span> univers\u0101lais auto ledusskapis (33 L)<\/strong> ir praktisks risin\u0101jums, lai ce\u013cojuma laik\u0101 saglab\u0101tu p\u0101rtiku un dz\u0113rienus v\u0113sus un svaigus. \ud83d\ude90\u2744\ufe0f<\/p>\n<p data-start=\"304\" data-end=\"478\">Kompaktais un ietilp\u012bgais ledusskapis ir ide\u0101li piem\u0113rots kempingam, izbraucieniem dab\u0101, mak\u0161\u0137er\u0113\u0161anai vai roadtrip braucieniem. Tas ir \u0113rti p\u0101rvietojams un viegli lietojams.<\/p>\n<h4 data-start=\"480\" data-end=\"502\">Nomas pied\u0101v\u0101jums<\/h4>\n<ul data-start=\"503\" data-end=\"705\">\n<li data-section-id=\"uzl1ko\" data-start=\"503\" data-end=\"566\">\n<p data-start=\"505\" data-end=\"566\"><strong data-start=\"505\" data-end=\"526\">Auto ledusskapis:<\/strong> <span class=\"hover:entity-accent entity-underline inline cursor-pointer align-baseline\"><span class=\"whitespace-normal\">Dometic<\/span><\/span><\/p>\n<\/li>\n<li data-section-id=\"gxazuc\" data-start=\"567\" data-end=\"588\">\n<p data-start=\"569\" data-end=\"588\"><strong data-start=\"569\" data-end=\"581\">Tilpums:<\/strong> 33 L<\/p>\n<\/li>\n<li data-section-id=\"v0ttai\" data-start=\"589\" data-end=\"666\">\n<p data-start=\"591\" data-end=\"666\"><strong data-start=\"591\" data-end=\"605\">Piem\u0113rots:<\/strong> kempingam, ce\u013cojumiem, mak\u0161\u0137er\u0113\u0161anai un izbraucieniem dab\u0101<\/p>\n<\/li>\n<li data-section-id=\"mzkb8t\" data-start=\"667\" data-end=\"705\">\n<p data-start=\"669\" data-end=\"705\"><strong data-start=\"669\" data-end=\"705\">\u0112rta lieto\u0161ana un transport\u0113\u0161ana<\/strong><\/p>\n<\/li>\n<\/ul>\n<p data-start=\"707\" data-end=\"731\">\ud83d\udcb0 <strong data-start=\"710\" data-end=\"731\">Nomas maksa: 50 \u20ac<\/strong><\/p>\n<p data-start=\"733\" data-end=\"865\">Izv\u0113lieties <strong data-start=\"745\" data-end=\"770\">auto ledusskapja nomu<\/strong>, lai ce\u013cojuma laik\u0101 vienm\u0113r b\u016btu pieejami svaigi produkti un pat\u012bkami atdzes\u0113ti dz\u0113rieni. \ud83e\uddca\ud83c\udf3f<\/p>","protected":false},"featured_media":21536,"comment_status":"open","ping_status":"closed","template":"","meta":{"om_disable_all_campaigns":false,"_monsterinsights_skip_tracking":false,"_monsterinsights_sitenote_active":false,"_monsterinsights_sitenote_note":"","_monsterinsights_sitenote_category":0},"product_brand":[],"product_cat":[21,140],"product_tag":[],"class_list":{"0":"post-21278","1":"product","2":"type-product","3":"status-publish","4":"has-post-thumbnail","6":"product_cat-bez-kategorijas","7":"product_cat-noma","9":"first","10":"instock","11":"shipping-taxable","12":"product-type-simple"},"aioseo_notices":[],"_links":{"self":[{"href":"https:\/\/minicampers.lv\/en\/wp-json\/wp\/v2\/product\/21278","targetHints":{"allow":["GET"]}}],"collection":[{"href":"https:\/\/minicampers.lv\/en\/wp-json\/wp\/v2\/product"}],"about":[{"href":"https:\/\/minicampers.lv\/en\/wp-json\/wp\/v2\/types\/product"}],"replies":[{"embeddable":true,"href":"https:\/\/minicampers.lv\/en\/wp-json\/wp\/v2\/comments?post=21278"}],"version-history":[{"count":6,"href":"https:\/\/minicampers.lv\/en\/wp-json\/wp\/v2\/product\/21278\/revisions"}],"predecessor-version":[{"id":21596,"href":"https:\/\/minicampers.lv\/en\/wp-json\/wp\/v2\/product\/21278\/revisions\/21596"}],"wp:featuredmedia":[{"embeddable":true,"href":"https:\/\/minicampers.lv\/en\/wp-json\/wp\/v2\/media\/21536"}],"wp:attachment":[{"href":"https:\/\/minicampers.lv\/en\/wp-json\/wp\/v2\/media?parent=21278"}],"wp:term":[{"taxonomy":"product_brand","embeddable":true,"href":"https:\/\/minicampers.lv\/en\/wp-json\/wp\/v2\/product_brand?post=21278"},{"taxonomy":"product_cat","embeddable":true,"href":"https:\/\/minicampers.lv\/en\/wp-json\/wp\/v2\/product_cat?post=21278"},{"taxonomy":"product_tag","embeddable":true,"href":"https:\/\/minicampers.lv\/en\/wp-json\/wp\/v2\/product_tag?post=21278"}],"curies":[{"name":"wp","href":"https:\/\/api.w.org\/{rel}","templated":true}]}}