{"id":21260,"date":"2025-04-28T16:18:01","date_gmt":"2025-04-28T13:18:01","guid":{"rendered":"https:\/\/minicampers.lv\/?post_type=product&#038;p=21260"},"modified":"2026-03-31T16:53:52","modified_gmt":"2026-03-31T13:53:52","slug":"vickywood-markizes-nojume-bruna-140cm","status":"publish","type":"product","link":"https:\/\/minicampers.lv\/en\/Veikals\/bez-kategorijas\/vickywood-markizes-nojume-bruna-140cm\/","title":{"rendered":"Auto markizes NOJUME Br\u016bna 140cm"},"content":{"rendered":"<ul>\n<li>Vienk\u0101r\u0161a piestiprin\u0101\u0161ana pie VICKYWOOD mark\u012bzes, izmantojot \u0137\u012b\u013ca un Velcro sist\u0113mu<\/li>\n<li>Nodro\u0161ina sl\u0113gtu un aizsarg\u0101tu telpu aiz\/blakus transportl\u012bdzeklim<\/li>\n<li>No\u0146emama gr\u012bda<\/li>\n<li>Lielas durvju\/logu atveres vis\u0101s \u010detr\u0101s pus\u0113s ar smalku mosk\u012btu t\u012bklu<\/li>\n<\/ul>\n<p>Saliktas konstrukcijas izm\u0113ri (garums x platums x augstums):<\/p>\n<p>140 \/ 200 \/ 250 x 200 x 200 cm<\/p>\n<p>Teleskopiskie stie\u0146i (regul\u0113jami): aptuveni 143\u2013250 cm<\/p>\n<p>Iepakotas konstrukcijas izm\u0113ri: aptuveni 71 x 36 x 36 cm<\/p>\n<p>Telts telpas svars: aptuveni 16\u201318 kg<\/p>\n<p>Teleskopisko stie\u0146u svars: aptuveni 3,25 kg<\/p>","protected":false},"excerpt":{"rendered":"<p>VICKYWOOD telts telpa ir ide\u0101ls risin\u0101jums J\u016bsu mar\u0137\u012bzei sliktiem laikapst\u0101k\u013ciem.<\/p>\n<p>Pievienojam\u0101 telpa, kas piestiprin\u0101ma pie J\u016bsu VICKYWOOD mark\u012bzes, nodro\u0161ina sl\u0113gtu telpu ar griestiem un gr\u012bdu. J\u016bs acumirkl\u012b varat izveidot no v\u0113ja un laikapst\u0101k\u013ciem aizsarg\u0101tu telpu ar pla\u0161iem logiem, kas apr\u012bkoti ar elast\u012bgiem mosk\u012btu t\u012bkliem.<\/p>\n<p>T\u0101 ir ide\u0101la vieta \u0113diena gatavo\u0161anai, \u0113\u0161anai, socializ\u0113\u0161anai vai vienk\u0101r\u0161i atp\u016btai, kad laikapst\u0101k\u013ci nelutina.<\/p>\n<p>VICKYWOOD telts telpa aizmugur\u0113jai vai s\u0101nu mark\u012bzei ir pieejama tr\u012bs da\u017e\u0101dos izm\u0113ros un tr\u012bs kr\u0101s\u0101s. Izv\u0113lieties sev piem\u0113rot\u0101ko versiju:<\/p>\n<p>140cm, 200cm, 250cm mar\u0137\u012bzei br\u016bn\u0101 un meln\u0101 kr\u0101s\u0101.<\/p>","protected":false},"featured_media":21262,"comment_status":"open","ping_status":"closed","template":"","meta":{"om_disable_all_campaigns":false,"_monsterinsights_skip_tracking":false,"_monsterinsights_sitenote_active":false,"_monsterinsights_sitenote_note":"","_monsterinsights_sitenote_category":0},"product_brand":[],"product_cat":[21,143],"product_tag":[],"class_list":{"0":"post-21260","1":"product","2":"type-product","3":"status-publish","4":"has-post-thumbnail","6":"product_cat-bez-kategorijas","7":"product_cat-markizes","8":"product_shipping_class-liels","10":"first","11":"onbackorder","12":"shipping-taxable","13":"purchasable","14":"product-type-simple"},"aioseo_notices":[],"_links":{"self":[{"href":"https:\/\/minicampers.lv\/en\/wp-json\/wp\/v2\/product\/21260","targetHints":{"allow":["GET"]}}],"collection":[{"href":"https:\/\/minicampers.lv\/en\/wp-json\/wp\/v2\/product"}],"about":[{"href":"https:\/\/minicampers.lv\/en\/wp-json\/wp\/v2\/types\/product"}],"replies":[{"embeddable":true,"href":"https:\/\/minicampers.lv\/en\/wp-json\/wp\/v2\/comments?post=21260"}],"version-history":[{"count":2,"href":"https:\/\/minicampers.lv\/en\/wp-json\/wp\/v2\/product\/21260\/revisions"}],"predecessor-version":[{"id":21690,"href":"https:\/\/minicampers.lv\/en\/wp-json\/wp\/v2\/product\/21260\/revisions\/21690"}],"wp:featuredmedia":[{"embeddable":true,"href":"https:\/\/minicampers.lv\/en\/wp-json\/wp\/v2\/media\/21262"}],"wp:attachment":[{"href":"https:\/\/minicampers.lv\/en\/wp-json\/wp\/v2\/media?parent=21260"}],"wp:term":[{"taxonomy":"product_brand","embeddable":true,"href":"https:\/\/minicampers.lv\/en\/wp-json\/wp\/v2\/product_brand?post=21260"},{"taxonomy":"product_cat","embeddable":true,"href":"https:\/\/minicampers.lv\/en\/wp-json\/wp\/v2\/product_cat?post=21260"},{"taxonomy":"product_tag","embeddable":true,"href":"https:\/\/minicampers.lv\/en\/wp-json\/wp\/v2\/product_tag?post=21260"}],"curies":[{"name":"wp","href":"https:\/\/api.w.org\/{rel}","templated":true}]}}