{"id":21106,"date":"2024-10-02T13:11:30","date_gmt":"2024-10-02T10:11:30","guid":{"rendered":"https:\/\/minicampers.lv\/?post_type=product&#038;p=21106"},"modified":"2026-03-31T16:54:29","modified_gmt":"2026-03-31T13:54:29","slug":"vickywood-markize-200cm-peleka","status":"publish","type":"product","link":"https:\/\/minicampers.lv\/en\/Veikals\/bez-kategorijas\/vickywood-markize-200cm-peleka\/","title":{"rendered":"VICKYWOOD MARKIZE 200cm pel\u0113ka"},"content":{"rendered":"<p>S\u0101nu nojume | VICKYWOOD<\/p>\n<p>&#8220;Nojume&#8221; s\u0113d\u0113\u0161anai, \u0113diena gatavo\u0161anai un kop\u0101 b\u016b\u0161anai.<br \/>\nS\u0101nu nojume 2 m x 2 m no VICYKWOOD.<\/p>\n<p>Viegli uzliekama un \u0101tri gatava lieto\u0161anai. M\u016bsu ieteikums katrai jumta teltij.<\/p>\n<p>&nbsp;<\/p>\n<p>Materi\u0101ls:<\/p>\n<p>Iztur\u012bba: 320\u00a0gsm RipStop poliesters, PU-beschichtung: 3000 mm, W\/P, W\/R, UV 50+<br \/>\nAuduma kr\u0101sa: pel\u0113ka<br \/>\nUzmava: 1000g PVC meln\u0101 kr\u0101s\u0101<br \/>\nR\u0101mis: Viegls alum\u012bnija teleskopiskais stienis ar 22\/25 mm<\/p>\n<p>&nbsp;<\/p>\n<p>Manu\u0101lis uzst\u0101d\u012b\u0161anai:<\/p>\n<p><a href=\"https:\/\/minicampers.lv\/wp-content\/uploads\/2023\/05\/2022_Manual-VickyWood-Markise.pdf\">2022_Manual-VickyWood-Markise<\/a><\/p>","protected":false},"excerpt":{"rendered":"<p>S\u0101nu nojume | VICKYWOOD &#8220;Nojume&#8221; s\u0113d\u0113\u0161anai, \u0113diena gatavo\u0161anai un kop\u0101 b\u016b\u0161anai. S\u0101nu nojume 2 m x 2 m no VICYKWOOD. Viegli uzliekama un \u0101tri gatava lieto\u0161anai. M\u016bsu ieteikums katrai jumta teltij. &nbsp; Materi\u0101ls: Iztur\u012bba: 320\u00a0gsm RipStop poliesters, PU-beschichtung: 3000 mm, W\/P, W\/R, UV 50+ Auduma kr\u0101sa: pel\u0113ka Uzmava: 1000g PVC meln\u0101 kr\u0101s\u0101 R\u0101mis: Viegls alum\u012bnija [&hellip;]<\/p>","protected":false},"featured_media":21101,"comment_status":"open","ping_status":"closed","template":"","meta":{"om_disable_all_campaigns":false,"_monsterinsights_skip_tracking":false,"_monsterinsights_sitenote_active":false,"_monsterinsights_sitenote_note":"","_monsterinsights_sitenote_category":0},"product_brand":[],"product_cat":[21,143],"product_tag":[],"class_list":{"0":"post-21106","1":"product","2":"type-product","3":"status-publish","4":"has-post-thumbnail","6":"product_cat-bez-kategorijas","7":"product_cat-markizes","8":"product_shipping_class-liels","10":"first","11":"onbackorder","12":"shipping-taxable","13":"purchasable","14":"product-type-simple"},"aioseo_notices":[],"_links":{"self":[{"href":"https:\/\/minicampers.lv\/en\/wp-json\/wp\/v2\/product\/21106","targetHints":{"allow":["GET"]}}],"collection":[{"href":"https:\/\/minicampers.lv\/en\/wp-json\/wp\/v2\/product"}],"about":[{"href":"https:\/\/minicampers.lv\/en\/wp-json\/wp\/v2\/types\/product"}],"replies":[{"embeddable":true,"href":"https:\/\/minicampers.lv\/en\/wp-json\/wp\/v2\/comments?post=21106"}],"version-history":[{"count":2,"href":"https:\/\/minicampers.lv\/en\/wp-json\/wp\/v2\/product\/21106\/revisions"}],"predecessor-version":[{"id":21692,"href":"https:\/\/minicampers.lv\/en\/wp-json\/wp\/v2\/product\/21106\/revisions\/21692"}],"wp:featuredmedia":[{"embeddable":true,"href":"https:\/\/minicampers.lv\/en\/wp-json\/wp\/v2\/media\/21101"}],"wp:attachment":[{"href":"https:\/\/minicampers.lv\/en\/wp-json\/wp\/v2\/media?parent=21106"}],"wp:term":[{"taxonomy":"product_brand","embeddable":true,"href":"https:\/\/minicampers.lv\/en\/wp-json\/wp\/v2\/product_brand?post=21106"},{"taxonomy":"product_cat","embeddable":true,"href":"https:\/\/minicampers.lv\/en\/wp-json\/wp\/v2\/product_cat?post=21106"},{"taxonomy":"product_tag","embeddable":true,"href":"https:\/\/minicampers.lv\/en\/wp-json\/wp\/v2\/product_tag?post=21106"}],"curies":[{"name":"wp","href":"https:\/\/api.w.org\/{rel}","templated":true}]}}