{"id":21092,"date":"2024-09-23T09:13:02","date_gmt":"2024-09-23T06:13:02","guid":{"rendered":"https:\/\/minicampers.lv\/?post_type=product&#038;p=21092"},"modified":"2025-09-09T11:15:35","modified_gmt":"2025-09-09T08:15:35","slug":"vickywood-big-willow-gen-3-0-eco-golden-brown-180-jumta-telts-mazlietota","status":"publish","type":"product","link":"https:\/\/minicampers.lv\/en\/Veikals\/bez-kategorijas\/vickywood-big-willow-gen-3-0-eco-golden-brown-180-jumta-telts-mazlietota\/","title":{"rendered":"VICKYWOOD Big Willow GEN.3.0 ECO golden brown 180 jumta telts MAZLIETOTA"},"content":{"rendered":"<ul>\n<li>Telts piem\u0113rota l\u012bdz pat 4 person\u0101m<\/li>\n<li>Izm\u0113ri uzst\u0101d\u012btai 240cm x 180cm x 115cm<\/li>\n<li>Suitable for almost any vehicle<\/li>\n<li>Made of durable and light materials<\/li>\n<li>Augsta bl\u012bvuma auksto putu matracis ar flane\u013ca p\u0101rkl\u0101ju nodro\u0161ina \u0113rtu gul\u0113\u0161anu<\/li>\n<li>12W LED apgaismojums iek\u0161pus\u0113<\/li>\n<li>2 lieli panor\u0101mas logi jumt\u0101<\/li>\n<li>Pie vis\u0101m atver\u0113m pievilkti mosk\u012btu t\u012bkli<\/li>\n<li>2 lielas apavu somas ab\u0101s telts ieejas pus\u0113s<\/li>\n<li>No\u0146emamas melnas teleskopiskas alum\u012bnija k\u0101pnes:<br \/>\n2,3 m garum\u0101<\/li>\n<li>Papildu aizsardz\u012bba\u00a0 k\u0101pn\u0113m un ieejai no laikapst\u0101k\u013ciem<\/li>\n<\/ul>","protected":false},"excerpt":{"rendered":"<p>Telts piem\u0113rota l\u012bdz pat 4 person\u0101m Izm\u0113ri uzst\u0101d\u012btai 240cm x 180cm x 115cm Der gandr\u012bz jebkuram transportl\u012bdzeklim Izgatavota no iztur\u012bgiem un viegliem materi\u0101liem Augsta bl\u012bvuma auksto putu matracis ar flane\u013ca p\u0101rkl\u0101ju nodro\u0161ina \u0113rtu gul\u0113\u0161anu 12W LED apgaismojums iek\u0161pus\u0113 2 lieli panor\u0101mas logi jumt\u0101 Pie vis\u0101m atver\u0113m pievilkti mosk\u012btu t\u012bkli 2 lielas apavu somas ab\u0101s telts [&hellip;]<\/p>","protected":false},"featured_media":20775,"comment_status":"open","ping_status":"closed","template":"","meta":{"om_disable_all_campaigns":false,"_monsterinsights_skip_tracking":false,"_monsterinsights_sitenote_active":false,"_monsterinsights_sitenote_note":"","_monsterinsights_sitenote_category":0},"product_brand":[],"product_cat":[21,202],"product_tag":[],"class_list":{"0":"post-21092","1":"product","2":"type-product","3":"status-publish","4":"has-post-thumbnail","6":"product_cat-bez-kategorijas","7":"product_cat-saliekama-jumta-telts","8":"product_shipping_class-liels","10":"first","11":"instock","12":"shipping-taxable","13":"purchasable","14":"product-type-simple"},"aioseo_notices":[],"_links":{"self":[{"href":"https:\/\/minicampers.lv\/en\/wp-json\/wp\/v2\/product\/21092","targetHints":{"allow":["GET"]}}],"collection":[{"href":"https:\/\/minicampers.lv\/en\/wp-json\/wp\/v2\/product"}],"about":[{"href":"https:\/\/minicampers.lv\/en\/wp-json\/wp\/v2\/types\/product"}],"replies":[{"embeddable":true,"href":"https:\/\/minicampers.lv\/en\/wp-json\/wp\/v2\/comments?post=21092"}],"version-history":[{"count":1,"href":"https:\/\/minicampers.lv\/en\/wp-json\/wp\/v2\/product\/21092\/revisions"}],"predecessor-version":[{"id":21093,"href":"https:\/\/minicampers.lv\/en\/wp-json\/wp\/v2\/product\/21092\/revisions\/21093"}],"wp:featuredmedia":[{"embeddable":true,"href":"https:\/\/minicampers.lv\/en\/wp-json\/wp\/v2\/media\/20775"}],"wp:attachment":[{"href":"https:\/\/minicampers.lv\/en\/wp-json\/wp\/v2\/media?parent=21092"}],"wp:term":[{"taxonomy":"product_brand","embeddable":true,"href":"https:\/\/minicampers.lv\/en\/wp-json\/wp\/v2\/product_brand?post=21092"},{"taxonomy":"product_cat","embeddable":true,"href":"https:\/\/minicampers.lv\/en\/wp-json\/wp\/v2\/product_cat?post=21092"},{"taxonomy":"product_tag","embeddable":true,"href":"https:\/\/minicampers.lv\/en\/wp-json\/wp\/v2\/product_tag?post=21092"}],"curies":[{"name":"wp","href":"https:\/\/api.w.org\/{rel}","templated":true}]}}