{"id":21090,"date":"2024-09-23T09:04:00","date_gmt":"2024-09-23T06:04:00","guid":{"rendered":"https:\/\/minicampers.lv\/?post_type=product&#038;p=21090"},"modified":"2026-03-03T12:58:22","modified_gmt":"2026-03-03T10:58:22","slug":"vickywood-mighty-oak-gen-3-0-eco-grey-160-jumta-telts-mazlietota","status":"publish","type":"product","link":"https:\/\/minicampers.lv\/en\/Veikals\/bez-kategorijas\/vickywood-mighty-oak-gen-3-0-eco-grey-160-jumta-telts-mazlietota\/","title":{"rendered":"Mighty Oak GEN.3.0 ECO grey 160 LIETOTA"},"content":{"rendered":"","protected":false},"excerpt":{"rendered":"<p><span class=\"jCAhz ChMk0b\"><span class=\"ryNqvb\">Ciet\u0101 apvalka saliekam\u0101 telts MIGHTY OAK\u00a0 Gen. 3.0 160 grey<\/span><\/span><\/p>\n<ul>\n<li><span class=\"jCAhz ChMk0b\"><span class=\"ryNqvb\">P\u0101rstr\u0101d\u0101ts telts audums<\/span><\/span><\/li>\n<li><span class=\"jCAhz ChMk0b\"><span class=\"ryNqvb\">\u013boti iztur\u012bgs, mat\u0113ts ciets apvalks ar Line-X p\u0101rkl\u0101jumu, t.sk.<\/span><\/span>\u00a0<span class=\"jCAhz ChMk0b\"><span class=\"ryNqvb\">VICKYWOOD z\u012bmols<\/span><\/span><\/li>\n<li><span class=\"jCAhz ChMk0b\"><span class=\"ryNqvb\">\u0100tra salik\u0161ana pateicoties stabilaj\u0101m STABILUS g\u0101zes spiediena atsper\u0113m<\/span><\/span><\/li>\n<li><span class=\"jCAhz ChMk0b\"><span class=\"ryNqvb\">suitable for 2-3 persons<\/span><\/span><\/li>\n<li><span class=\"jCAhz ChMk0b\"><span class=\"ryNqvb\">made of durable and light materials<\/span><\/span><\/li>\n<li><span class=\"jCAhz ChMk0b\"><span class=\"ryNqvb\">sl\u0113gt\u0101 st\u0101vokl\u012b papildus v\u0101ks nav nepiecie\u0161ams<\/span><\/span><\/li>\n<li><span class=\"jCAhz ChMk0b\"><span class=\"ryNqvb\">memory foam matracis ar\u00a0<\/span><\/span><span class=\"jCAhz ChMk0b\"><span class=\"ryNqvb\">Oxford Cloth matra\u010da p\u0101rvalku nodro\u0161ina \u0113rtu gul\u0113\u0161anu<\/span><\/span><\/li>\n<li><span class=\"jCAhz ChMk0b\"><span class=\"ryNqvb\">2x adjustable LED lights 1x in the interior and 1x in the entrance area with USB connection<\/span><\/span><\/li>\n<li><span class=\"jCAhz ChMk0b\"><span class=\"ryNqvb\">tightly drawn mosquito nets at all openings<\/span><\/span><\/li>\n<li><span class=\"jCAhz ChMk0b\"><span class=\"ryNqvb\">lockable buckles (with key)<\/span><\/span><\/li>\n<li><span class=\"jCAhz ChMk0b\"><span class=\"ryNqvb\">2 lielas apavu uzglab\u0101\u0161anas vietas ab\u0101s pus\u0113s pie telts ieejas.<\/span><\/span><\/li>\n<li><span class=\"jCAhz ChMk0b\"><span class=\"ryNqvb\">removable black telescopic aluminum ladder:<\/span><\/span>\u00a0<span class=\"jCAhz ChMk0b\"><span class=\"ryNqvb\">\u2013 2,3 m garums<\/span><\/span>\u00a0<span class=\"jCAhz ChMk0b\"><span class=\"ryNqvb\">\u2013 ar vienas pogas darb\u012bbu (var slogot l\u012bdz 150 kg)<\/span><\/span><\/li>\n<li>Instrukcija \u2013<a href=\"https:\/\/minicampers.lv\/wp-content\/uploads\/2023\/05\/Manual-VICKYWOOD-MIGHTY-OAK.pdf\">Manual-VICKYWOOD-MIGHTY OAK<\/a><\/li>\n<\/ul>","protected":false},"featured_media":20521,"comment_status":"open","ping_status":"closed","template":"","meta":{"om_disable_all_campaigns":false,"_monsterinsights_skip_tracking":false,"_monsterinsights_sitenote_active":false,"_monsterinsights_sitenote_note":"","_monsterinsights_sitenote_category":0},"product_brand":[],"product_cat":[21,203],"product_tag":[205,162,155],"class_list":{"0":"post-21090","1":"product","2":"type-product","3":"status-publish","4":"has-post-thumbnail","6":"product_cat-bez-kategorijas","7":"product_cat-hibrida-jumta-teltis","8":"product_tag-160-x-200","9":"product_tag-grey","10":"product_tag-hard-shell","11":"product_shipping_class-liels","13":"first","14":"outofstock","15":"shipping-taxable","16":"purchasable","17":"product-type-simple"},"aioseo_notices":[],"_links":{"self":[{"href":"https:\/\/minicampers.lv\/en\/wp-json\/wp\/v2\/product\/21090","targetHints":{"allow":["GET"]}}],"collection":[{"href":"https:\/\/minicampers.lv\/en\/wp-json\/wp\/v2\/product"}],"about":[{"href":"https:\/\/minicampers.lv\/en\/wp-json\/wp\/v2\/types\/product"}],"replies":[{"embeddable":true,"href":"https:\/\/minicampers.lv\/en\/wp-json\/wp\/v2\/comments?post=21090"}],"version-history":[{"count":2,"href":"https:\/\/minicampers.lv\/en\/wp-json\/wp\/v2\/product\/21090\/revisions"}],"predecessor-version":[{"id":21404,"href":"https:\/\/minicampers.lv\/en\/wp-json\/wp\/v2\/product\/21090\/revisions\/21404"}],"wp:featuredmedia":[{"embeddable":true,"href":"https:\/\/minicampers.lv\/en\/wp-json\/wp\/v2\/media\/20521"}],"wp:attachment":[{"href":"https:\/\/minicampers.lv\/en\/wp-json\/wp\/v2\/media?parent=21090"}],"wp:term":[{"taxonomy":"product_brand","embeddable":true,"href":"https:\/\/minicampers.lv\/en\/wp-json\/wp\/v2\/product_brand?post=21090"},{"taxonomy":"product_cat","embeddable":true,"href":"https:\/\/minicampers.lv\/en\/wp-json\/wp\/v2\/product_cat?post=21090"},{"taxonomy":"product_tag","embeddable":true,"href":"https:\/\/minicampers.lv\/en\/wp-json\/wp\/v2\/product_tag?post=21090"}],"curies":[{"name":"wp","href":"https:\/\/api.w.org\/{rel}","templated":true}]}}