{"id":21056,"date":"2024-06-18T12:25:27","date_gmt":"2024-06-18T09:25:27","guid":{"rendered":"https:\/\/minicampers.lv\/?post_type=product&#038;p=21056"},"modified":"2026-03-26T13:57:39","modified_gmt":"2026-03-26T11:57:39","slug":"pludmales-nojume","status":"publish","type":"product","link":"https:\/\/minicampers.lv\/en\/Veikals\/bez-kategorijas\/pludmales-nojume\/","title":{"rendered":"VICKYWOOD pludmales telts | Pludmales apvalks"},"content":{"rendered":"","protected":false},"excerpt":{"rendered":"<p><span class=\"jCAhz JxVs2d ChMk0b\"><span class=\"ryNqvb\">VICKYWOOD pludmales telts |<\/span><\/span> <span class=\"jCAhz JxVs2d\"><span class=\"ryNqvb\">Pludmales apvalks <\/span><\/span><\/p>\n<p><span class=\"jCAhz JxVs2d ChMk0b\"><span class=\"ryNqvb\">Uzst\u0101d\u012b\u0161ana un demont\u0101\u017ea da\u017eu sekun\u017eu laik\u0101, pateicoties pacel\u0161anas meh\u0101nismam <\/span><\/span><\/p>\n<p><span class=\"jCAhz JxVs2d ChMk0b\"><span class=\"ryNqvb\">Divas lielas ieejas un pusapa\u013ci logi s\u0101nu sien\u0101s nodro\u0161ina labu ventil\u0101ciju <\/span><\/span><\/p>\n<p><span class=\"jCAhz JxVs2d ChMk0b\"><span class=\"ryNqvb\">9,5 mm stikla \u0161\u0137iedras stabi nodro\u0161ina vieglumu un stabilit\u0101ti<\/span><\/span><\/p>\n<p><span class=\"jCAhz JxVs2d ChMk0b\"><span class=\"ryNqvb\">Kompakts iepakojuma izm\u0113rs \u0113rtai transport\u0113\u0161anai un uzglab\u0101\u0161anai <\/span><\/span><span class=\"jCAhz JxVs2d\"><span class=\"ryNqvb\">t.sk.<\/span><\/span> <span class=\"jCAhz JxVs2d ChMk0b\"><span class=\"ryNqvb\">plastmasas kna\u0123us un auklas, lai piesietu un nostiprin\u0101tu telti <\/span><\/span><span class=\"jCAhz JxVs2d\"><span class=\"ryNqvb\">div\u0101m person\u0101m <\/span><\/span><\/p>\n<p><span class=\"jCAhz JxVs2d\"><span class=\"ryNqvb\">Kr\u0101sa: tum\u0161i pel\u0113ka |<\/span><\/span> <span class=\"jCAhz JxVs2d ChMk0b\"><span class=\"ryNqvb\">balta logotipa apdruka<\/span><\/span><\/p>","protected":false},"featured_media":21057,"comment_status":"open","ping_status":"closed","template":"","meta":{"om_disable_all_campaigns":false,"_monsterinsights_skip_tracking":false,"_monsterinsights_sitenote_active":false,"_monsterinsights_sitenote_note":"","_monsterinsights_sitenote_category":0},"product_brand":[],"product_cat":[21,144],"product_tag":[],"class_list":{"0":"post-21056","1":"product","2":"type-product","3":"status-publish","4":"has-post-thumbnail","6":"product_cat-bez-kategorijas","7":"product_cat-piederumi","9":"first","10":"instock","11":"shipping-taxable","12":"purchasable","13":"product-type-simple"},"aioseo_notices":[],"_links":{"self":[{"href":"https:\/\/minicampers.lv\/en\/wp-json\/wp\/v2\/product\/21056","targetHints":{"allow":["GET"]}}],"collection":[{"href":"https:\/\/minicampers.lv\/en\/wp-json\/wp\/v2\/product"}],"about":[{"href":"https:\/\/minicampers.lv\/en\/wp-json\/wp\/v2\/types\/product"}],"replies":[{"embeddable":true,"href":"https:\/\/minicampers.lv\/en\/wp-json\/wp\/v2\/comments?post=21056"}],"version-history":[{"count":7,"href":"https:\/\/minicampers.lv\/en\/wp-json\/wp\/v2\/product\/21056\/revisions"}],"predecessor-version":[{"id":21683,"href":"https:\/\/minicampers.lv\/en\/wp-json\/wp\/v2\/product\/21056\/revisions\/21683"}],"wp:featuredmedia":[{"embeddable":true,"href":"https:\/\/minicampers.lv\/en\/wp-json\/wp\/v2\/media\/21057"}],"wp:attachment":[{"href":"https:\/\/minicampers.lv\/en\/wp-json\/wp\/v2\/media?parent=21056"}],"wp:term":[{"taxonomy":"product_brand","embeddable":true,"href":"https:\/\/minicampers.lv\/en\/wp-json\/wp\/v2\/product_brand?post=21056"},{"taxonomy":"product_cat","embeddable":true,"href":"https:\/\/minicampers.lv\/en\/wp-json\/wp\/v2\/product_cat?post=21056"},{"taxonomy":"product_tag","embeddable":true,"href":"https:\/\/minicampers.lv\/en\/wp-json\/wp\/v2\/product_tag?post=21056"}],"curies":[{"name":"wp","href":"https:\/\/api.w.org\/{rel}","templated":true}]}}