{"id":20946,"date":"2024-04-04T16:55:52","date_gmt":"2024-04-04T13:55:52","guid":{"rendered":"https:\/\/minicampers.lv\/?post_type=product&#038;p=20946"},"modified":"2024-04-04T17:46:37","modified_gmt":"2024-04-04T14:46:37","slug":"side-awning-270-light-leaf-left-200cm-sand","status":"publish","type":"product","link":"https:\/\/minicampers.lv\/en\/Veikals\/bez-kategorijas\/side-awning-270-light-leaf-left-200cm-sand\/","title":{"rendered":"Side Awning 270\u00b0 LIGHT LEAF Left 200cm sand"},"content":{"rendered":"<div class=\"lRu31\" dir=\"ltr\"><span class=\"HwtZe\" lang=\"lv\"><span class=\"jCAhz ChMk0b\"><span class=\"ryNqvb\"><a href=\"https:\/\/minicampers.lv\/wp-content\/uploads\/2024\/04\/VW-SA200-27L-KI_Opening.gif\"><img fetchpriority=\"high\" decoding=\"async\" class=\"alignleft size-medium\" src=\"https:\/\/minicampers.lv\/wp-content\/uploads\/2024\/04\/VW-SA200-27L-KI_Opening.gif\" width=\"750\" height=\"375\" \/><\/a><\/span><\/span><\/span><\/div>\n<div dir=\"ltr\"><\/div>\n<div dir=\"ltr\"><\/div>\n<div dir=\"ltr\"><\/div>\n<div dir=\"ltr\"><\/div>\n<div dir=\"ltr\"><\/div>\n<div dir=\"ltr\"><\/div>\n<div dir=\"ltr\"><\/div>\n<div dir=\"ltr\"><\/div>\n<div dir=\"ltr\"><\/div>\n<div dir=\"ltr\"><\/div>\n<div dir=\"ltr\"><\/div>\n<div dir=\"ltr\"><\/div>\n<div dir=\"ltr\"><\/div>\n<div dir=\"ltr\"><\/div>\n<div dir=\"ltr\"><\/div>\n<div dir=\"ltr\"><\/div>\n<div dir=\"ltr\"><\/div>\n<div class=\"lRu31\" dir=\"ltr\"><span class=\"HwtZe\" lang=\"lv\"><span class=\"jCAhz ChMk0b\"><span class=\"ryNqvb\">Autom\u0101tisk\u0101 s\u0101nu mar\u0137\u012bze 270\u00b0 LIGHT LEAF Left \u00a02 m \u2014 izcila aizsardz\u012bba un komforts J\u016bsu piedz\u012bvojumiem.<\/span><\/span><\/span><\/div>\n<div dir=\"ltr\"><\/div>\n<div class=\"lRu31\" dir=\"ltr\"><span class=\"HwtZe\" lang=\"lv\"> <span class=\"jCAhz ChMk0b\"><span class=\"ryNqvb\">Autom\u0101tisk\u0101 s\u0101nu mar\u0137\u012bze 270\u00b0 LIGHT LEAF Left 2m smil\u0161u kr\u0101s\u0101 ir ide\u0101ls risin\u0101jums, lai aizsarg\u0101tu transportl\u012bdzekli no saules, lietus un citiem, vienlaikus nodro\u0161inot papildu komfortu J\u016bsu piedz\u012bvojumiem br\u012bv\u0101 dab\u0101!\u00a0\u00a0<\/span><\/span><\/span><\/div>\n<div dir=\"ltr\"><\/div>\n<div class=\"lRu31\" dir=\"ltr\"><span class=\"HwtZe\" lang=\"lv\"><span class=\"jCAhz ChMk0b\"><span class=\"ryNqvb\">\u0160\u012b novatorisk\u0101 mar\u0137\u012bze ir \u012bpa\u0161i izstr\u0101d\u0101ta J\u016bsu transportl\u012bdzek\u013ca kreisajai pusei, pied\u0101v\u0101jot bag\u0101t\u012bgu nojumes laukumu, kas neman\u0101mi ap\u0146em J\u016bsu transportl\u012bdzekli.<\/span><\/span> <\/span><\/div>\n<div dir=\"ltr\"><\/div>\n<div class=\"lRu31\" dir=\"ltr\"><span class=\"HwtZe\" lang=\"lv\"><span class=\"jCAhz ChMk0b\"><span class=\"ryNqvb\">Daudzpus\u012bgi lietojam\u0101<\/span><\/span>\u00a0<span class=\"jCAhz ChMk0b\"><span class=\"ryNqvb\">Autom\u0101tisk\u0101 s\u0101nu mark\u012bze 270\u00b0 LIGHT LEAF Left 2m ir lieliski piem\u0113rota kempinga braucieniem, pludmales dien\u0101m, piknikiem br\u012bv\u0101 dab\u0101 un vis\u0101m cit\u0101m \u0101ra aktivit\u0101t\u0113m.<\/span><\/span> <\/span><\/div>\n<div dir=\"ltr\"><\/div>\n<div class=\"lRu31\" dir=\"ltr\"><span class=\"HwtZe\" lang=\"lv\"><span class=\"jCAhz ChMk0b\"><span class=\"ryNqvb\">Izmantojiet to, lai \u0101tri un viegli nodro\u0161in\u0101tu \u0113nu un pasarg\u0101tu sevi, lai kur J\u016bs dotos.<\/span><\/span> <span class=\"jCAhz ChMk0b\"><span class=\"ryNqvb\">Pateicoties t\u0101 vieglajam dizainam un vienk\u0101r\u0161ai vad\u0101m\u012bbai, \u0161\u012b nojume ir \u012bpa\u0161i piem\u0113rota \u012bsiem apst\u0101\u0161an\u0101s gad\u012bjumiem un spont\u0101niem izbraucieniem.<\/span><\/span> <\/span><\/div>\n<div dir=\"ltr\"><\/div>\n<div class=\"lRu31\" dir=\"ltr\"><span class=\"HwtZe\" lang=\"lv\"><span class=\"jCAhz ChMk0b\"><span class=\"ryNqvb\">T\u0101 pied\u0101v\u0101 elast\u012bbu, lai piln\u012bb\u0101 izbaud\u012btu savu \u0101ra dz\u012bvesveidu, nezaud\u0113jot komfortu un aizsardz\u012bbu.<\/span><\/span> <\/span><\/div>\n<div dir=\"ltr\"><\/div>\n<div class=\"lRu31\" dir=\"ltr\"><span class=\"HwtZe\" lang=\"lv\"><span class=\"jCAhz ChMk0b\"><span class=\"ryNqvb\">Funkcijas un priek\u0161roc\u012bbas:\u00a0<\/span><\/span><\/span><\/div>\n<ul>\n<li class=\"lRu31\" dir=\"ltr\"><span class=\"HwtZe\" lang=\"lv\"> <span class=\"jCAhz ChMk0b\"><span class=\"ryNqvb\">Pla\u0161a aizsardz\u012bba pret sauli un lietus ar 270 gr\u0101du p\u0101rkl\u0101jumu<\/span><\/span><\/span><\/li>\n<li class=\"lRu31\" dir=\"ltr\"><span class=\"HwtZe\" lang=\"lv\"><span class=\"jCAhz ChMk0b\"><span class=\"ryNqvb\">Viegla un iztur\u012bga konstrukcija \u0113rtai lieto\u0161anai un \u0101trai uzst\u0101d\u012b\u0161anai<\/span><\/span> <\/span><\/li>\n<li class=\"lRu31\" dir=\"ltr\"><span class=\"HwtZe\" lang=\"lv\"><span class=\"jCAhz ChMk0b\"><span class=\"ryNqvb\">Ietver m\u016bsu jaunos un iztur\u012bgos teleskopiskos balstus, kas nodro\u0161ina papildu stabilit\u0101ti un iztur\u012bbu<\/span><\/span> <\/span><\/li>\n<li class=\"lRu31\" dir=\"ltr\"><span class=\"HwtZe\" lang=\"lv\"><span class=\"jCAhz ChMk0b\"><span class=\"ryNqvb\">Augstas kvalit\u0101tes telts audums ar tum\u0161u p\u0101rkl\u0101jumu apak\u0161pus\u0113, lai palielin\u0101tu iztur\u012bbu pret nodilumu un net\u012brumiem<\/span><\/span> <\/span><\/li>\n<li class=\"lRu31\" dir=\"ltr\"><span class=\"HwtZe\" lang=\"lv\"><span class=\"jCAhz ChMk0b\"><span class=\"ryNqvb\">Silti balts LED apgaismojums papildu komfortam tums\u0101<\/span><\/span> <\/span><\/li>\n<\/ul>\n<p><span class=\"HwtZe\" lang=\"lv\"><span class=\"jCAhz ChMk0b\"><span class=\"ryNqvb\">Tehnisk\u0101s specifik\u0101cijas<\/span><\/span> <\/span><\/p>\n<ul>\n<li><span class=\"HwtZe\" lang=\"lv\"><span class=\"jCAhz ChMk0b\"><span class=\"ryNqvb\">Kr\u0101sa: smiltis<\/span><\/span> <\/span><\/li>\n<li><span class=\"HwtZe\" lang=\"lv\"><span class=\"jCAhz ChMk0b\"><span class=\"ryNqvb\">Svars: 26,3 kg<\/span><\/span> <\/span><\/li>\n<li><span class=\"HwtZe\" lang=\"lv\"><span class=\"jCAhz ChMk0b\"><span class=\"ryNqvb\">Garums: 2m<\/span><\/span> <\/span><\/li>\n<\/ul>\n<p>&nbsp;<\/p>\n<p><span class=\"HwtZe\" lang=\"lv\"><span class=\"jCAhz ChMk0b\"><span class=\"ryNqvb\">Uzst\u0101d\u012b\u0161ana un iepakojuma saturs:<\/span><\/span><\/span><\/p>\n<p><span class=\"HwtZe\" lang=\"lv\"> <span class=\"jCAhz ChMk0b\"><span class=\"ryNqvb\">Autom\u0101tisk\u0101 s\u0101nu mark\u012bze 270\u00b0 LIGHT LEAF Left 2m ir viegli uzst\u0101d\u0101ma, un t\u0101 ir apr\u012bkota ar visiem nepiecie\u0161amajiem univers\u0101lajiem mont\u0101\u017eas materi\u0101liem.<\/span><\/span> <span class=\"jCAhz ChMk0b\"><span class=\"ryNqvb\">Uzst\u0101d\u012b\u0161ana ir \u0101tra un vienk\u0101r\u0161a, \u013caujot Jums nekav\u0113joties g\u016bt labumu no t\u0101 aizsardz\u012bbas un komforta.<\/span><\/span> <span class=\"jCAhz ChMk0b\"><span class=\"ryNqvb\">Ieg\u016bstiet autom\u0101tisko s\u0101nu mar\u0137\u012bzi 270\u00b0 LIGHT LEAF pa kreisi 2 m tagad un izbaudiet izcilu aizsardz\u012bbu un komfortu ce\u013cojumos!<\/span><\/span><\/span><\/p>\n<div id=\"ow2000\"><\/div>\n<div class=\"UdTY9 WdefRb\" aria-hidden=\"true\" data-location=\"2\"><\/div>","protected":false},"excerpt":{"rendered":"<div class=\"lRu31\" dir=\"ltr\"><span class=\"HwtZe\" lang=\"lv\"><span class=\"jCAhz ChMk0b\"><span class=\"ryNqvb\">Autom\u0101tisk\u0101 s\u0101nu mar\u0137\u012bze 270\u00b0 LIGHT LEAF Left \u00a02 m \u2014 izcila aizsardz\u012bba un komforts J\u016bsu piedz\u012bvojumiem.<\/span><\/span><\/span><\/div>\n<div dir=\"ltr\"><\/div>\n<div class=\"lRu31\" dir=\"ltr\"><span class=\"HwtZe\" lang=\"lv\"><span class=\"jCAhz ChMk0b\"><span class=\"ryNqvb\">Funkcijas un priek\u0161roc\u012bbas:\u00a0<\/span><\/span><\/span><\/div>\n<ul>\n<li class=\"lRu31\" dir=\"ltr\"><span class=\"HwtZe\" lang=\"lv\"> <span class=\"jCAhz ChMk0b\"><span class=\"ryNqvb\">Pla\u0161a aizsardz\u012bba pret sauli un lietus ar 270 gr\u0101du p\u0101rkl\u0101jumu<\/span><\/span><\/span><\/li>\n<li class=\"lRu31\" dir=\"ltr\"><span class=\"HwtZe\" lang=\"lv\"><span class=\"jCAhz ChMk0b\"><span class=\"ryNqvb\">Viegla un iztur\u012bga konstrukcija \u0113rtai lieto\u0161anai un \u0101trai uzst\u0101d\u012b\u0161anai<\/span><\/span> <\/span><\/li>\n<li class=\"lRu31\" dir=\"ltr\"><span class=\"HwtZe\" lang=\"lv\"><span class=\"jCAhz ChMk0b\"><span class=\"ryNqvb\">Ietver m\u016bsu jaunos un iztur\u012bgos teleskopiskos balstus, kas nodro\u0161ina papildu stabilit\u0101ti un iztur\u012bbu<\/span><\/span> <\/span><\/li>\n<li class=\"lRu31\" dir=\"ltr\"><span class=\"HwtZe\" lang=\"lv\"><span class=\"jCAhz ChMk0b\"><span class=\"ryNqvb\">Augstas kvalit\u0101tes telts audums ar tum\u0161u p\u0101rkl\u0101jumu apak\u0161pus\u0113, lai palielin\u0101tu iztur\u012bbu pret nodilumu un net\u012brumiem<\/span><\/span> <\/span><\/li>\n<li class=\"lRu31\" dir=\"ltr\"><span class=\"HwtZe\" lang=\"lv\"><span class=\"jCAhz ChMk0b\"><span class=\"ryNqvb\">Silti balts LED apgaismojums papildu komfortam tums\u0101<\/span><\/span> <\/span><\/li>\n<\/ul>\n<p><span class=\"HwtZe\" lang=\"lv\"><span class=\"jCAhz ChMk0b\"><span class=\"ryNqvb\">Tehnisk\u0101s specifik\u0101cijas<\/span><\/span> <\/span><\/p>\n<ul>\n<li><span class=\"HwtZe\" lang=\"lv\"><span class=\"jCAhz ChMk0b\"><span class=\"ryNqvb\">Kr\u0101sa: smiltis<\/span><\/span> <\/span><\/li>\n<li><span class=\"HwtZe\" lang=\"lv\"><span class=\"jCAhz ChMk0b\"><span class=\"ryNqvb\">Svars: 26,3 kg<\/span><\/span> <\/span><\/li>\n<li><span class=\"HwtZe\" lang=\"lv\"><span class=\"jCAhz ChMk0b\"><span class=\"ryNqvb\">Garums: 2m<\/span><\/span><\/span><\/li>\n<\/ul>\n<p>&nbsp;<\/p>","protected":false},"featured_media":20947,"comment_status":"open","ping_status":"closed","template":"","meta":{"om_disable_all_campaigns":false,"_monsterinsights_skip_tracking":false,"_monsterinsights_sitenote_active":false,"_monsterinsights_sitenote_note":"","_monsterinsights_sitenote_category":0},"product_brand":[],"product_cat":[21,143],"product_tag":[],"class_list":{"0":"post-20946","1":"product","2":"type-product","3":"status-publish","4":"has-post-thumbnail","6":"product_cat-bez-kategorijas","7":"product_cat-markizes","8":"product_shipping_class-liels","10":"first","11":"onbackorder","12":"shipping-taxable","13":"purchasable","14":"product-type-simple"},"aioseo_notices":[],"_links":{"self":[{"href":"https:\/\/minicampers.lv\/en\/wp-json\/wp\/v2\/product\/20946","targetHints":{"allow":["GET"]}}],"collection":[{"href":"https:\/\/minicampers.lv\/en\/wp-json\/wp\/v2\/product"}],"about":[{"href":"https:\/\/minicampers.lv\/en\/wp-json\/wp\/v2\/types\/product"}],"replies":[{"embeddable":true,"href":"https:\/\/minicampers.lv\/en\/wp-json\/wp\/v2\/comments?post=20946"}],"version-history":[{"count":5,"href":"https:\/\/minicampers.lv\/en\/wp-json\/wp\/v2\/product\/20946\/revisions"}],"predecessor-version":[{"id":20966,"href":"https:\/\/minicampers.lv\/en\/wp-json\/wp\/v2\/product\/20946\/revisions\/20966"}],"wp:featuredmedia":[{"embeddable":true,"href":"https:\/\/minicampers.lv\/en\/wp-json\/wp\/v2\/media\/20947"}],"wp:attachment":[{"href":"https:\/\/minicampers.lv\/en\/wp-json\/wp\/v2\/media?parent=20946"}],"wp:term":[{"taxonomy":"product_brand","embeddable":true,"href":"https:\/\/minicampers.lv\/en\/wp-json\/wp\/v2\/product_brand?post=20946"},{"taxonomy":"product_cat","embeddable":true,"href":"https:\/\/minicampers.lv\/en\/wp-json\/wp\/v2\/product_cat?post=20946"},{"taxonomy":"product_tag","embeddable":true,"href":"https:\/\/minicampers.lv\/en\/wp-json\/wp\/v2\/product_tag?post=20946"}],"curies":[{"name":"wp","href":"https:\/\/api.w.org\/{rel}","templated":true}]}}