{"id":20915,"date":"2024-04-04T15:55:28","date_gmt":"2024-04-04T12:55:28","guid":{"rendered":"https:\/\/minicampers.lv\/?post_type=product&#038;p=20915"},"modified":"2025-02-25T13:58:51","modified_gmt":"2025-02-25T11:58:51","slug":"voited-x-vickywood-cloudtouch-blanket-high-season-sega","status":"publish","type":"product","link":"https:\/\/minicampers.lv\/en\/Veikals\/bez-kategorijas\/voited-x-vickywood-cloudtouch-blanket-high-season-sega\/","title":{"rendered":"VOITED x VICKYWOOD CLOUDTOUCH\u00ae Blanket HIGH SEASON sega"},"content":{"rendered":"","protected":false},"excerpt":{"rendered":"<p><span class=\"jCAhz ChMk0b\"><span class=\"ryNqvb\">4 IN 1 &#8211; SPILVENS, SEGA, PLEDS, GU\u013bAMMAISS<\/span><\/span><\/p>\n<p><span class=\"jCAhz ChMk0b\"><span class=\"ryNqvb\">Pateicoties praktiskaj\u0101m aizdar\u0113m, m\u016bsu univers\u0101lo CLOUDTOUCH var\u00a0 papla\u0161in\u0101t un \u0101tri p\u0101rveidot par m\u0101j\u012bgu gu\u013cammaisu diviem cilv\u0113kiem.<\/span><\/span><\/p>\n<p><span class=\"jCAhz ChMk0b\"><span class=\"ryNqvb\">Ja tas nav vajadz\u012bgs, vienk\u0101r\u0161i un \u0101tri salieciet atpaka\u013c un p\u0101rveidojiet par m\u012bkstu spilvenu.<\/span><\/span><\/p>\n<p><span class=\"jCAhz ChMk0b\"><span class=\"ryNqvb\">Materi\u0101la \u012bpatn\u012bba sl\u0113pjas ne tikai izmantotajos otrreiz\u0113j\u0101s p\u0101rstr\u0101des audumos, bet ar\u012b t\u0101 tekst\u016br\u0101.<\/span><\/span> <span class=\"jCAhz ChMk0b\"><span class=\"ryNqvb\">Mitrums ir visur eso\u0161s.<\/span><\/span> <span class=\"jCAhz ChMk0b\"><span class=\"ryNqvb\">T\u0101p\u0113c ir v\u0113l, jo svar\u012bg\u0101k, lai materi\u0101li b\u016btu ne tikai \u016bdeni atgr\u016bdo\u0161i, bet, pirmk\u0101rt, \u0101tri \u017e\u016bsto\u0161i.<\/span><\/span><\/p>\n<p><span class=\"jCAhz ChMk0b\"><span class=\"ryNqvb\">Kur\u0161 gan v\u0113las zaud\u0113t nevajadz\u012bgu laiku, kad n\u0101kamais piedz\u012bvojums jau ir tepat aiz st\u016bra.<\/span><\/span> <span class=\"jCAhz ChMk0b\"><span class=\"ryNqvb\">M\u016bsu segai \u0101rpus\u0113 ir ilgtsp\u0113j\u012bgs, \u016bdeni atgr\u016bdo\u0161s p\u0101rkl\u0101jums.<\/span><\/span> <span class=\"jCAhz ChMk0b\"><span class=\"ryNqvb\">M\u012bkst\u0101 iek\u0161puse svaig\u0101 gais\u0101 iz\u017e\u016bst \u013coti \u0101tri.<\/span><\/span> <span class=\"jCAhz ChMk0b\"><span class=\"ryNqvb\">Zem\u0101s temperat\u016br\u0101s izol\u0113jo\u0161ais iek\u0161\u0113jais sl\u0101nis ar\u012b uztur\u0113s siltumu.<\/span><\/span> <span class=\"jCAhz ChMk0b\"><span class=\"ryNqvb\">Ar VOITED segu esat elast\u012bgs uz ce\u013ca un vienlaikus aizsarg\u0101jat vidi.<\/span><\/span> <span class=\"jCAhz ChMk0b\"><span class=\"ryNqvb\">Jo sega ir izgatavota no t\u0101 saukt\u0101 REPREVE\u00ae auduma, kas n\u0101k no p\u0101rstr\u0101d\u0101t\u0101m plastmasas pudel\u0113m.<\/span><\/span> <span class=\"jCAhz ChMk0b\"><span class=\"ryNqvb\">Tas padara segu iztur\u012bgu un ekolo\u0123iski ra\u017eotu.<\/span><\/span><\/p>\n<p><span class=\"jCAhz ChMk0b\"><span class=\"ryNqvb\">Ieteicam\u0101 zem\u0101k\u0101 temperat\u016bra: 8\u00b0C.<\/span><\/span> <span class=\"jCAhz ChMk0b\"><span class=\"ryNqvb\">L\u016bdzu, \u0146emiet v\u0113r\u0101, ka \u0161is r\u0101d\u012bt\u0101js ir subjekt\u012bvs.<\/span><\/span><\/p>\n<p>Materi\u0101li:<\/p>\n<ul>\n<li>Teflon EcoElite\u2122 Coating 50D<\/li>\n<li>100% Recycled RipStop REPREVE\u00ae<\/li>\n<li>3D Synthetic Featherlight Fiber Insulation 100% Yarn<\/li>\n<li>Ultra Fluffy 100% Polyester Brushed CloudTouch<sup><span style=\"font-size: small;\">\u00ae<\/span><\/sup><\/li>\n<\/ul>\n<p>Size:<\/p>\n<ul>\n<li><span class=\"jCAhz ChMk0b\"><span class=\"ryNqvb\">Iepakots: 36 x 20 x 20 cm (14 x 8 x 8 collas)<\/span><\/span><\/li>\n<li><span class=\"jCAhz ChMk0b\"><span class=\"ryNqvb\">Spilvens: 48 x 48 x 10 cm (19 x 19 x 4 collas)<\/span><\/span><\/li>\n<li><span class=\"jCAhz ChMk0b\"><span class=\"ryNqvb\">Sega: 137 x 203 cm (54 x 80 collas)<\/span><\/span><\/li>\n<\/ul>","protected":false},"featured_media":20916,"comment_status":"open","ping_status":"closed","template":"","meta":{"om_disable_all_campaigns":false,"_monsterinsights_skip_tracking":false,"_monsterinsights_sitenote_active":false,"_monsterinsights_sitenote_note":"","_monsterinsights_sitenote_category":0},"product_brand":[],"product_cat":[21,144],"product_tag":[],"class_list":{"0":"post-20915","1":"product","2":"type-product","3":"status-publish","4":"has-post-thumbnail","6":"product_cat-bez-kategorijas","7":"product_cat-piederumi","8":"product_shipping_class-mazs","10":"first","11":"onbackorder","12":"shipping-taxable","13":"purchasable","14":"product-type-simple"},"aioseo_notices":[],"_links":{"self":[{"href":"https:\/\/minicampers.lv\/en\/wp-json\/wp\/v2\/product\/20915","targetHints":{"allow":["GET"]}}],"collection":[{"href":"https:\/\/minicampers.lv\/en\/wp-json\/wp\/v2\/product"}],"about":[{"href":"https:\/\/minicampers.lv\/en\/wp-json\/wp\/v2\/types\/product"}],"replies":[{"embeddable":true,"href":"https:\/\/minicampers.lv\/en\/wp-json\/wp\/v2\/comments?post=20915"}],"version-history":[{"count":1,"href":"https:\/\/minicampers.lv\/en\/wp-json\/wp\/v2\/product\/20915\/revisions"}],"predecessor-version":[{"id":20927,"href":"https:\/\/minicampers.lv\/en\/wp-json\/wp\/v2\/product\/20915\/revisions\/20927"}],"wp:featuredmedia":[{"embeddable":true,"href":"https:\/\/minicampers.lv\/en\/wp-json\/wp\/v2\/media\/20916"}],"wp:attachment":[{"href":"https:\/\/minicampers.lv\/en\/wp-json\/wp\/v2\/media?parent=20915"}],"wp:term":[{"taxonomy":"product_brand","embeddable":true,"href":"https:\/\/minicampers.lv\/en\/wp-json\/wp\/v2\/product_brand?post=20915"},{"taxonomy":"product_cat","embeddable":true,"href":"https:\/\/minicampers.lv\/en\/wp-json\/wp\/v2\/product_cat?post=20915"},{"taxonomy":"product_tag","embeddable":true,"href":"https:\/\/minicampers.lv\/en\/wp-json\/wp\/v2\/product_tag?post=20915"}],"curies":[{"name":"wp","href":"https:\/\/api.w.org\/{rel}","templated":true}]}}