{"id":20887,"date":"2024-04-04T14:59:37","date_gmt":"2024-04-04T11:59:37","guid":{"rendered":"https:\/\/minicampers.lv\/?post_type=product&#038;p=20887"},"modified":"2024-04-04T15:41:07","modified_gmt":"2024-04-04T12:41:07","slug":"vickywood-universal-car-door-step-2-0-foldable-180kg-silver","status":"publish","type":"product","link":"https:\/\/minicampers.lv\/en\/Veikals\/bez-kategorijas\/vickywood-universal-car-door-step-2-0-foldable-180kg-silver\/","title":{"rendered":"VICKYWOOD universal automa\u0161\u012bnu durvju pak\u0101piens 2.0 foldable 180kg sudraba"},"content":{"rendered":"","protected":false},"excerpt":{"rendered":"<p><span class=\"jCAhz ChMk0b\"><span class=\"ryNqvb\">Ar m\u016bsu praktisk\u0101 <strong>automa\u0161\u012bnas durvju pak\u0101piena<\/strong> pal\u012bdz\u012bbu viegli sasniegt sava transportl\u012bdzek\u013ca jumtu.<\/span><\/span> <span class=\"jCAhz ChMk0b\"><span class=\"ryNqvb\">Tas \u013cauj novietot lielgabar\u012bta priek\u0161metus pat augst\u0101kos transportl\u012bdzek\u013cos.<\/span><\/span> <span class=\"jCAhz ChMk0b\"><span class=\"ryNqvb\">Iztur\u012bgais\u00a0 pretsl\u012bdes p\u0101rkl\u0101jums nodro\u0161ina dro\u0161u un stabilu satv\u0113rienu.<\/span><\/span><\/p>\n<p><span class=\"jCAhz ChMk0b\"><span class=\"ryNqvb\"><strong>Kravnes\u012bba ir l\u012bdz 180 kg<\/strong>.<\/span><\/span> <span class=\"jCAhz ChMk0b\"><span class=\"ryNqvb\">Rot\u0113jo\u0161\u0101 gumijas p\u0113da nodro\u0161ina da\u017e\u0101dus sl\u012bpuma le\u0146\u0137us pret durvju r\u0101mi, vienlaikus nov\u0113r\u0161ot iespiedumus un skr\u0101p\u0113jumus uz durvju r\u0101mja.<\/span><\/span> <span class=\"jCAhz ChMk0b\"><span class=\"ryNqvb\">T\u0101 saukt\u0101s &#8220;mobil\u0101s k\u0101pnes&#8221; ir savietojamas ar liel\u0101ko da\u013cu transportl\u012bdzek\u013cu.<\/span><\/span> <span class=\"jCAhz ChMk0b\"><span class=\"ryNqvb\">Pirms lieto\u0161anas p\u0101rbaudiet sava transportl\u012bdzek\u013ca durvju r\u0101mi un vai tas ir paredz\u0113ts \u0161\u0101dai slodzei.<\/span><\/span><\/p>","protected":false},"featured_media":20888,"comment_status":"open","ping_status":"closed","template":"","meta":{"om_disable_all_campaigns":false,"_monsterinsights_skip_tracking":false,"_monsterinsights_sitenote_active":false,"_monsterinsights_sitenote_note":"","_monsterinsights_sitenote_category":0},"product_brand":[],"product_cat":[21,144],"product_tag":[],"class_list":{"0":"post-20887","1":"product","2":"type-product","3":"status-publish","4":"has-post-thumbnail","6":"product_cat-bez-kategorijas","7":"product_cat-piederumi","8":"product_shipping_class-mazs","10":"first","11":"onbackorder","12":"shipping-taxable","13":"purchasable","14":"product-type-simple"},"aioseo_notices":[],"_links":{"self":[{"href":"https:\/\/minicampers.lv\/en\/wp-json\/wp\/v2\/product\/20887","targetHints":{"allow":["GET"]}}],"collection":[{"href":"https:\/\/minicampers.lv\/en\/wp-json\/wp\/v2\/product"}],"about":[{"href":"https:\/\/minicampers.lv\/en\/wp-json\/wp\/v2\/types\/product"}],"replies":[{"embeddable":true,"href":"https:\/\/minicampers.lv\/en\/wp-json\/wp\/v2\/comments?post=20887"}],"version-history":[{"count":3,"href":"https:\/\/minicampers.lv\/en\/wp-json\/wp\/v2\/product\/20887\/revisions"}],"predecessor-version":[{"id":20899,"href":"https:\/\/minicampers.lv\/en\/wp-json\/wp\/v2\/product\/20887\/revisions\/20899"}],"wp:featuredmedia":[{"embeddable":true,"href":"https:\/\/minicampers.lv\/en\/wp-json\/wp\/v2\/media\/20888"}],"wp:attachment":[{"href":"https:\/\/minicampers.lv\/en\/wp-json\/wp\/v2\/media?parent=20887"}],"wp:term":[{"taxonomy":"product_brand","embeddable":true,"href":"https:\/\/minicampers.lv\/en\/wp-json\/wp\/v2\/product_brand?post=20887"},{"taxonomy":"product_cat","embeddable":true,"href":"https:\/\/minicampers.lv\/en\/wp-json\/wp\/v2\/product_cat?post=20887"},{"taxonomy":"product_tag","embeddable":true,"href":"https:\/\/minicampers.lv\/en\/wp-json\/wp\/v2\/product_tag?post=20887"}],"curies":[{"name":"wp","href":"https:\/\/api.w.org\/{rel}","templated":true}]}}