{"id":20539,"date":"2023-09-12T13:04:55","date_gmt":"2023-09-12T10:04:55","guid":{"rendered":"https:\/\/minicampers.lv\/?post_type=product&#038;p=20539"},"modified":"2026-03-24T21:52:09","modified_gmt":"2026-03-24T19:52:09","slug":"vickywood-alu-triangle-cumaru-light-152-gray","status":"publish","type":"product","link":"https:\/\/minicampers.lv\/en\/Veikals\/bez-kategorijas\/vickywood-alu-triangle-cumaru-light-152-gray\/","title":{"rendered":"VICKYWOOD Alu Triangle CUMARU light 152 gray jumta telts"},"content":{"rendered":"<div data-elementor-type=\"wp-post\" data-elementor-id=\"20539\" class=\"elementor elementor-20539\">\n\t\t\t\t\t\t<section class=\"elementor-section elementor-top-section elementor-element elementor-element-320b171a elementor-section-boxed elementor-section-height-default elementor-section-height-default\" data-id=\"320b171a\" data-element_type=\"section\">\n\t\t\t\t\t\t<div class=\"elementor-container elementor-column-gap-default\">\n\t\t\t\t\t<div class=\"elementor-column elementor-col-100 elementor-top-column elementor-element elementor-element-3d7d63be\" data-id=\"3d7d63be\" data-element_type=\"column\">\n\t\t\t<div class=\"elementor-widget-wrap elementor-element-populated\">\n\t\t\t\t\t\t<div class=\"elementor-element elementor-element-4bf17db5 elementor-widget elementor-widget-text-editor\" data-id=\"4bf17db5\" data-element_type=\"widget\" data-widget_type=\"text-editor.default\">\n\t\t\t\t<div class=\"elementor-widget-container\">\n\t\t\t\t\t\t\t\t\t<p>\u00a0<\/p><ul><li><span class=\"jCAhz ChMk0b\"><span class=\"ryNqvb\">Cumaru LIGHT 152 ECO<\/span><\/span> <span class=\"jCAhz ChMk0b\"><span class=\"ryNqvb\">iztur\u012bgs alum\u012bnija cietais apvalks<\/span><\/span><\/li><li><span class=\"jCAhz ChMk0b\"><span class=\"ryNqvb\">STABILUS g\u0101zes spiediena atsperes \u0101trai, pusautom\u0101tiskai atv\u0113r\u0161anai<\/span><\/span><\/li><li><span class=\"jCAhz ChMk0b\"><span class=\"ryNqvb\">pied\u0101v\u0101 vietu l\u012bdz div\u0101m person\u0101m<\/span><\/span><\/li><li><span class=\"jCAhz ChMk0b\"><span class=\"ryNqvb\">6 cm biezs memory putu matracis ar no\u0146emamu p\u0101rvalku<\/span><\/span><\/li><li><span class=\"jCAhz ChMk0b\"><span class=\"ryNqvb\">3D t\u012bklveida pakl\u0101ja paliktnis zem matra\u010da (matra\u010da p\u0101rvalka aug\u0161da\u013ca izgatavota no flane\u013ca, apak\u0161\u0113j\u0101 da\u013ca no oksforda auduma)<\/span><\/span><\/li><li><span class=\"jCAhz ChMk0b\"><span class=\"ryNqvb\">divas bezpak\u0101pju, aptum\u0161ojamas LED gaismas (silti baltas)<\/span><\/span><\/li><li><span class=\"jCAhz ChMk0b\"><span class=\"ryNqvb\">Sl\u0113dzamas spr\u0101dzes (p\u0113c izv\u0113les)<\/span><\/span><\/li><li><span class=\"jCAhz ChMk0b\"><span class=\"ryNqvb\">2 lielas apavu uzglab\u0101\u0161anas kabatas, t.sk.<\/span><\/span> <span class=\"jCAhz ChMk0b\"><span class=\"ryNqvb\">sliedes un blo\u0137\u0113\u0161anas spr\u0101dzes<\/span><\/span> <span class=\"jCAhz ChMk0b\"><span class=\"ryNqvb\">praktiskas kabatas jumta telts apvalk\u0101<\/span><\/span> <span class=\"jCAhz ChMk0b\"><span class=\"ryNqvb\">SBS r\u0101v\u0113jsl\u0113dz\u0113ji<\/span><\/span> <span class=\"jCAhz ChMk0b\"><span class=\"ryNqvb\">no\u0146emamas, ar regul\u0113jamu augstumu,<\/span><\/span><\/li><li><span class=\"jCAhz ChMk0b\"><span class=\"ryNqvb\"> melnas teleskopiskas alum\u012bnija k\u0101pnes (l\u012bdz 2,3 m augstumam)<\/span><\/span><\/li><li><span class=\"jCAhz ChMk0b\"><span class=\"ryNqvb\">Kr\u0101sa: pel\u0113ki melna (telts kr\u0101sa pel\u0113ka, lietus p\u0101rsegs: melns)<\/span><\/span><\/li><li><span class=\"jCAhz ChMk0b\"><span class=\"ryNqvb\">VICKYWOOD topogr\u0101fijas druka uz ciet\u0101 apvalka<\/span><\/span><\/li><\/ul><p><span class=\"jCAhz ChMk0b\"><span class=\"ryNqvb\">Materi\u0101ls:<\/span><\/span><\/p><ul><li><span class=\"jCAhz ChMk0b\"><span class=\"ryNqvb\">Telts audums: p\u0101rstr\u0101d\u0101ts 320 g\/m2 Ripstop, PU p\u0101rkl\u0101jums<\/span><\/span><\/li><li><span class=\"jCAhz ChMk0b\"><span class=\"ryNqvb\">Lietus p\u0101rsegs: 600d poliestera oxford, PU p\u0101rkl\u0101jums, <\/span><\/span><\/li><li><span class=\"jCAhz ChMk0b\"><span class=\"ryNqvb\">w\/p,w\/g 5000 mm, <\/span><\/span><\/li><li><span class=\"jCAhz ChMk0b\"><span class=\"ryNqvb\">UV 50+<\/span><\/span><\/li><li><span class=\"jCAhz ChMk0b\"><span class=\"ryNqvb\">Alum\u012bnija apvalks: 6. s\u0113rija<\/span><\/span> <span class=\"jCAhz ChMk0b\"><span class=\"ryNqvb\">Rokturi un e\u0146\u0123es: 304 ner\u016bs\u0113jo\u0161ais t\u0113rauds<\/span><\/span><\/li><\/ul>\t\t\t\t\t\t\t\t<\/div>\n\t\t\t\t<\/div>\n\t\t\t\t\t<\/div>\n\t\t<\/div>\n\t\t\t\t\t<\/div>\n\t\t<\/section>\n\t\t\t\t<\/div>","protected":false},"excerpt":{"rendered":"<p><span class=\"jCAhz ChMk0b\"><span class=\"ryNqvb\">Tr\u012bsst\u016bra telts: CUMARU LIGHT<\/span><\/span><\/p>\n<p><span class=\"jCAhz ChMk0b\"><span class=\"ryNqvb\">Vienk\u0101r\u0161a uzst\u0101d\u012b\u0161ana, bez piep\u016bles no\u0146em\u0161ana: tikai ar div\u0101m spr\u0101dz\u0113m j\u016bs varat attais\u012bt\u00a0 iztur\u012bgo alum\u012bnija tr\u012bsst\u016bra telti.<\/span><\/span><\/p>\n<p><span class=\"jCAhz ChMk0b\"><span class=\"ryNqvb\">Pateicoties augstas kvalit\u0101tes g\u0101zes atsperu sist\u0113mai no STABILUS, jumta telts praktiski atveras pati no sevis.<\/span><\/span> <span class=\"jCAhz ChMk0b\"><span class=\"ryNqvb\">J\u016bs \u0101tri vien b\u016bsiet gatavs izp\u0113t\u012bt dabu.<\/span><\/span><\/p>\n<p><span class=\"jCAhz ChMk0b\"><span class=\"ryNqvb\">Un t\u0101 no\u0146em\u0161ana ir tikpat vienk\u0101r\u0161a: vienk\u0101r\u0161i novelciet uz leju apvalku ar iepriek\u0161 uzst\u0101d\u012bto siksnu, aizveriet spr\u0101dzes stiprin\u0101jumus un esat gatavs turpin\u0101t ce\u013cu.<\/span><\/span><\/p>\n<p><span class=\"jCAhz ChMk0b\"><span class=\"ryNqvb\">Aerodinamisks un kompakts: aizv\u0113rts CUMARU LIGHT cie\u0161i piegu\u013c j\u016bsu transportl\u012bdzek\u013ca jumtam, kura augstums ir tikai aptuveni 15 cm (bez jumta bag\u0101\u017enieka).<\/span><\/span><\/p>\n<p><span class=\"jCAhz ChMk0b\"><span class=\"ryNqvb\">\u0100r\u0113jais apvalks no augstas kvalit\u0101tes alum\u012bnija nodro\u0161ina iztur\u012bgu un stabilu konstrukciju.<\/span><\/span> <span class=\"jCAhz ChMk0b\"><span class=\"ryNqvb\">Neskatoties uz t\u0101 iztur\u012bgajiem materi\u0101liem, CUMARU LIGHT sver tikai aptuveni 70 kg \u2013 ide\u0101ls jebkuram piedz\u012bvojumam.<\/span><\/span><\/p>\n<p><span class=\"jCAhz ChMk0b\"><span class=\"ryNqvb\">Vair\u0101k komforta piedz\u012bvojumiem br\u012bv\u0101 dab\u0101: izbaudiet mier\u012bgu miegu uz m\u016bsu \u0113rt\u0101 6 cm bieza memory foam matra\u010da ar no\u0146emamu p\u0101rvalku un \u016bdensnecaurlaid\u012bgu apak\u0161pusi.<\/span><\/span> <span class=\"jCAhz ChMk0b\"><span class=\"ryNqvb\">3D sieta apak\u0161kl\u0101js nodro\u0161ina optim\u0101lu gaisa cirkul\u0101ciju, savuk\u0101rt praktisk\u0101s apavu kabatas pie telts ieejas saglab\u0101 t\u012bru un sakoptu interjeru.<\/span><\/span> <span class=\"jCAhz ChMk0b\"><span class=\"ryNqvb\">Daudzas kabatas un uzglab\u0101\u0161anas iesp\u0113jas nodro\u0161ina vietu\u00a0 person\u012bgajiem priek\u0161metiem.<\/span><\/span><\/p>\n<p><span class=\"jCAhz ChMk0b\"><span class=\"ryNqvb\">Videi draudz\u012bgs un ilgtsp\u0113j\u012bgs: M\u016bsu telts audums ir izgatavots no augstas kvalit\u0101tes ekolo\u0123iski p\u0101rstr\u0101d\u0101ta poliestera, kas ra\u017eots no p\u0101rstr\u0101d\u0101tiem plastmasas atkritumiem.<\/span><\/span> <span class=\"jCAhz ChMk0b\"><span class=\"ryNqvb\">Izmantojot aptuveni 185 plastmasas pudeles vien\u0101 telt\u012b, m\u0113s akt\u012bvi sniedzam ieguld\u012bjumu vides aizsardz\u012bb\u0101.<\/span><\/span><\/p>\n<p><span class=\"jCAhz ChMk0b\"><span class=\"ryNqvb\">Materi\u0101ls ir ar\u012b \u016bdeni atgr\u016bdo\u0161s, un t\u0101 \u016bdens stabs ir 5000 mm \u2013 lieliski piem\u0113rots jebkuriem laikapst\u0101k\u013ciem.<\/span><\/span><\/p>\n<p><span class=\"jCAhz ChMk0b\"><span class=\"ryNqvb\">Vair\u0101k gaismas, liel\u0101ka elast\u012bba: iek\u0161pus\u0113 ir integr\u0113tas divas bezgal\u012bgi aptum\u0161ojamas silti baltas LED sloksnes, kuras var savienot ar jebkuru 12V baro\u0161anas avotu, izmantojot USB savienojumu.<\/span><\/span><\/p>","protected":false},"featured_media":20540,"comment_status":"open","ping_status":"closed","template":"","meta":{"om_disable_all_campaigns":false,"_monsterinsights_skip_tracking":false,"_monsterinsights_sitenote_active":false,"_monsterinsights_sitenote_note":"","_monsterinsights_sitenote_category":0},"product_brand":[],"product_cat":[21,201,141],"product_tag":[157,162,155],"class_list":{"0":"post-20539","1":"product","2":"type-product","3":"status-publish","4":"has-post-thumbnail","6":"product_cat-bez-kategorijas","7":"product_cat-cieta-korpusa-jumta-telts","8":"product_cat-teltis","9":"product_tag-140-x-213","10":"product_tag-grey","11":"product_tag-hard-shell","12":"product_shipping_class-liels","14":"first","15":"onbackorder","16":"shipping-taxable","17":"purchasable","18":"product-type-simple"},"aioseo_notices":[],"_links":{"self":[{"href":"https:\/\/minicampers.lv\/en\/wp-json\/wp\/v2\/product\/20539","targetHints":{"allow":["GET"]}}],"collection":[{"href":"https:\/\/minicampers.lv\/en\/wp-json\/wp\/v2\/product"}],"about":[{"href":"https:\/\/minicampers.lv\/en\/wp-json\/wp\/v2\/types\/product"}],"replies":[{"embeddable":true,"href":"https:\/\/minicampers.lv\/en\/wp-json\/wp\/v2\/comments?post=20539"}],"version-history":[{"count":7,"href":"https:\/\/minicampers.lv\/en\/wp-json\/wp\/v2\/product\/20539\/revisions"}],"predecessor-version":[{"id":20835,"href":"https:\/\/minicampers.lv\/en\/wp-json\/wp\/v2\/product\/20539\/revisions\/20835"}],"wp:featuredmedia":[{"embeddable":true,"href":"https:\/\/minicampers.lv\/en\/wp-json\/wp\/v2\/media\/20540"}],"wp:attachment":[{"href":"https:\/\/minicampers.lv\/en\/wp-json\/wp\/v2\/media?parent=20539"}],"wp:term":[{"taxonomy":"product_brand","embeddable":true,"href":"https:\/\/minicampers.lv\/en\/wp-json\/wp\/v2\/product_brand?post=20539"},{"taxonomy":"product_cat","embeddable":true,"href":"https:\/\/minicampers.lv\/en\/wp-json\/wp\/v2\/product_cat?post=20539"},{"taxonomy":"product_tag","embeddable":true,"href":"https:\/\/minicampers.lv\/en\/wp-json\/wp\/v2\/product_tag?post=20539"}],"curies":[{"name":"wp","href":"https:\/\/api.w.org\/{rel}","templated":true}]}}