{"id":20529,"date":"2023-09-12T12:48:05","date_gmt":"2023-09-12T09:48:05","guid":{"rendered":"https:\/\/minicampers.lv\/?post_type=product&#038;p=20529"},"modified":"2026-03-17T21:56:55","modified_gmt":"2026-03-17T19:56:55","slug":"woody-kempinga-lampa-aptumsojama","status":"publish","type":"product","link":"https:\/\/minicampers.lv\/en\/Veikals\/bez-kategorijas\/woody-kempinga-lampa-aptumsojama\/","title":{"rendered":"Woody kempinga lampa &#8211; power banka"},"content":{"rendered":"<p style=\"text-align: left;\"><span class=\"jCAhz ChMk0b\"><span class=\"ryNqvb\">Woody LED kempinga lampa:<\/span><\/span> <span class=\"jCAhz ChMk0b\"><span class=\"ryNqvb\">infinitely dimmable<\/span><\/span>\u00a0<span class=\"jCAhz ChMk0b\"><span class=\"ryNqvb\">rechargeable via usb and usb-c connection<\/span><\/span> <span class=\"jCAhz ChMk0b\"><span class=\"ryNqvb\">t.sk.<\/span><\/span> <span class=\"jCAhz ChMk0b\"><span class=\"ryNqvb\">usb charging cable<\/span><\/span>\u00a0<span class=\"jCAhz ChMk0b\"><span class=\"ryNqvb\">can be used as a power bank<\/span><\/span> <span class=\"jCAhz ChMk0b\"><span class=\"ryNqvb\">izgatavots no augstas kvalit\u0101tes ner\u016bs\u0113jo\u0161\u0101 t\u0113rauda un bambusa materi\u0101liem<\/span><\/span> <span class=\"jCAhz ChMk0b\"><span class=\"ryNqvb\">with handle for carrying and hanging.<\/span><\/span><\/p>\n<p><span class=\"jCAhz ChMk0b\"><span class=\"ryNqvb\">Tehniskie dati:<\/span><\/span><\/p>\n<ul>\n<li><span class=\"jCAhz ChMk0b\"><span class=\"ryNqvb\">Lithium battery 3.7 V<\/span><\/span><\/li>\n<li><span class=\"jCAhz ChMk0b\"><span class=\"ryNqvb\">3600 mAh<\/span><\/span><\/li>\n<li><span class=\"jCAhz ChMk0b\"><span class=\"ryNqvb\">Power: 3.2 W<\/span><\/span><\/li>\n<li><span class=\"jCAhz ChMk0b\"><span class=\"ryNqvb\">2200K warm white<\/span><\/span><\/li>\n<li><span class=\"jCAhz ChMk0b\"><span class=\"ryNqvb\">5-180 lumens<\/span><\/span><\/li>\n<li><span class=\"jCAhz ChMk0b\"><span class=\"ryNqvb\">1x usb, <\/span><\/span><\/li>\n<li><span class=\"jCAhz ChMk0b\"><span class=\"ryNqvb\">usb-C<\/span><\/span><\/li>\n<li><span class=\"jCAhz ChMk0b\"><span class=\"ryNqvb\">Lighting time: approx.<\/span><\/span> <span class=\"jCAhz ChMk0b\"><span class=\"ryNqvb\">4,8-72 st.<\/span><\/span><\/li>\n<li><span class=\"jCAhz ChMk0b\"><span class=\"ryNqvb\">Charging time: approx.<\/span><\/span> <span class=\"jCAhz ChMk0b\"><span class=\"ryNqvb\">7 st.<\/span><\/span><\/li>\n<\/ul>\n<p><span class=\"jCAhz ChMk0b\"><span class=\"ryNqvb\">Izm\u0113ri\/materi\u0101ls:<\/span><\/span><\/p>\n<ul>\n<li><span class=\"jCAhz ChMk0b\"><span class=\"ryNqvb\">Height: approx.<\/span><\/span> <span class=\"jCAhz ChMk0b\"><span class=\"ryNqvb\">23 cm (without handle)<\/span><\/span><\/li>\n<li><span class=\"jCAhz ChMk0b\"><span class=\"ryNqvb\">Diameter: approx.<\/span><\/span> <span class=\"jCAhz ChMk0b\"><span class=\"ryNqvb\">13 cm<\/span><\/span><\/li>\n<li><span class=\"jCAhz ChMk0b\"><span class=\"ryNqvb\">Weight: approx.<\/span><\/span> <span class=\"jCAhz ChMk0b\"><span class=\"ryNqvb\">450 g (without battery)<\/span><\/span><\/li>\n<li><span class=\"jCAhz ChMk0b\"><span class=\"ryNqvb\">Material: bamboo, stainless steel, plastic<\/span><\/span><\/li>\n<\/ul>\n<p style=\"text-align: right;\">","protected":false},"excerpt":{"rendered":"<p><span class=\"jCAhz ChMk0b\"><span class=\"ryNqvb\">Our WOODY camping lamp is the perfect companion for your next camping trip!<\/span><\/span><\/p>\n<p><span class=\"jCAhz ChMk0b\"><span class=\"ryNqvb\">The dimmable lantern is versatile - both on the camping table, in the roof tent, on the canopy or at home on the terrace.<\/span><\/span><\/p>\n<p><span class=\"jCAhz ChMk0b\"><span class=\"ryNqvb\">The practical carrying handle allows you to use it as a lantern or hang it.<\/span><\/span> <span class=\"jCAhz ChMk0b\"><span class=\"ryNqvb\">Thanks to the combination of high-quality materials stainless steel and bamboo, it visually attracts attention!<\/span><\/span> <span class=\"jCAhz ChMk0b\"><span class=\"ryNqvb\">The lantern is infinitely dimmable so you can set the perfect, atmospheric lighting.<\/span><\/span> <span class=\"jCAhz ChMk0b\"><span class=\"ryNqvb\">Conveniently charged via USB and USB-C port.<\/span><\/span><\/p>\n<p><span class=\"jCAhz ChMk0b\"><span class=\"ryNqvb\">The universal device ensures that USB devices such as a smartphone can be charged with the help of the integrated power bank.<\/span><\/span> <span class=\"jCAhz ChMk0b\"><span class=\"ryNqvb\">The light is turned on by long pressing the rotary button.<\/span><\/span> <span class=\"jCAhz ChMk0b\"><span class=\"ryNqvb\">The brightness can then be adjusted as desired by turning it.<\/span><\/span><\/p>","protected":false},"featured_media":20530,"comment_status":"open","ping_status":"closed","template":"","meta":{"om_disable_all_campaigns":false,"_monsterinsights_skip_tracking":false,"_monsterinsights_sitenote_active":false,"_monsterinsights_sitenote_note":"","_monsterinsights_sitenote_category":0},"product_brand":[],"product_cat":[21,144],"product_tag":[],"class_list":{"0":"post-20529","1":"product","2":"type-product","3":"status-publish","4":"has-post-thumbnail","6":"product_cat-bez-kategorijas","7":"product_cat-piederumi","8":"product_shipping_class-mazs","10":"first","11":"onbackorder","12":"shipping-taxable","13":"purchasable","14":"product-type-simple"},"aioseo_notices":[],"_links":{"self":[{"href":"https:\/\/minicampers.lv\/en\/wp-json\/wp\/v2\/product\/20529","targetHints":{"allow":["GET"]}}],"collection":[{"href":"https:\/\/minicampers.lv\/en\/wp-json\/wp\/v2\/product"}],"about":[{"href":"https:\/\/minicampers.lv\/en\/wp-json\/wp\/v2\/types\/product"}],"replies":[{"embeddable":true,"href":"https:\/\/minicampers.lv\/en\/wp-json\/wp\/v2\/comments?post=20529"}],"version-history":[{"count":2,"href":"https:\/\/minicampers.lv\/en\/wp-json\/wp\/v2\/product\/20529\/revisions"}],"predecessor-version":[{"id":21598,"href":"https:\/\/minicampers.lv\/en\/wp-json\/wp\/v2\/product\/20529\/revisions\/21598"}],"wp:featuredmedia":[{"embeddable":true,"href":"https:\/\/minicampers.lv\/en\/wp-json\/wp\/v2\/media\/20530"}],"wp:attachment":[{"href":"https:\/\/minicampers.lv\/en\/wp-json\/wp\/v2\/media?parent=20529"}],"wp:term":[{"taxonomy":"product_brand","embeddable":true,"href":"https:\/\/minicampers.lv\/en\/wp-json\/wp\/v2\/product_brand?post=20529"},{"taxonomy":"product_cat","embeddable":true,"href":"https:\/\/minicampers.lv\/en\/wp-json\/wp\/v2\/product_cat?post=20529"},{"taxonomy":"product_tag","embeddable":true,"href":"https:\/\/minicampers.lv\/en\/wp-json\/wp\/v2\/product_tag?post=20529"}],"curies":[{"name":"wp","href":"https:\/\/api.w.org\/{rel}","templated":true}]}}