{"id":20520,"date":"2023-08-28T19:36:12","date_gmt":"2023-08-28T16:36:12","guid":{"rendered":"https:\/\/minicampers.lv\/?post_type=product&#038;p=20520"},"modified":"2026-03-22T21:32:00","modified_gmt":"2026-03-22T19:32:00","slug":"vickywood-mighty-oak-gen-3-0-eco-grey-190-jumta-telts","status":"publish","type":"product","link":"https:\/\/minicampers.lv\/en\/Veikals\/bez-kategorijas\/vickywood-mighty-oak-gen-3-0-eco-grey-190-jumta-telts\/","title":{"rendered":"Mighty Oak GEN.3.0 ECO grey 190"},"content":{"rendered":"<p><iframe title=\"VICKYWOOD \u2013 Aufbauvideo Mighty Oak Gen 3.0\" width=\"500\" height=\"281\" src=\"https:\/\/www.youtube.com\/embed\/VhjnxmTMXSg?feature=oembed&#038;enablejsapi=1&#038;origin=https:\/\/minicampers.lv\" frameborder=\"0\" allow=\"accelerometer; autoplay; clipboard-write; encrypted-media; gyroscope; picture-in-picture; web-share\" referrerpolicy=\"strict-origin-when-cross-origin\" allowfullscreen><\/iframe><\/p>\n<p><a href=\"https:\/\/minicampers.lv\/wp-content\/uploads\/2023\/05\/WINCH-Industry_Safety_Sheet_Rooft-Tents_DE_EN.pdf\">WINCH-Industry_Safety_Sheet_Rooft-Tents_DE_EN<\/a><\/p>\n<p><a href=\"https:\/\/minicampers.lv\/wp-content\/uploads\/2023\/05\/2023-03_Manual-VICKYWOOD-MIGHTY-OAK.pdf\">2023-03_Manual-VICKYWOOD-MIGHTY OAK<\/a><\/p>","protected":false},"excerpt":{"rendered":"<p data-start=\"207\" data-end=\"248\"><strong data-start=\"207\" data-end=\"248\">Hard shell jumta telts<\/strong><\/p>\n<p data-start=\"250\" data-end=\"421\">Praktiska un \u0113rta auto jumta telts.<\/p>\n<p data-start=\"423\" data-end=\"447\"><strong data-start=\"425\" data-end=\"447\">Galven\u0101s \u012bpa\u0161\u012bbas:<\/strong><\/p>\n<ul data-start=\"448\" data-end=\"599\">\n<li data-section-id=\"nqs9au\" data-start=\"448\" data-end=\"477\">Piem\u0113rota l\u012bdz 3-4person\u0101m<\/li>\n<li data-section-id=\"1tzt6ej\" data-start=\"515\" data-end=\"549\">\u0100tra uzst\u0101d\u012b\u0161ana un saloc\u012b\u0161ana<\/li>\n<li data-section-id=\"1oggdlg\" data-start=\"550\" data-end=\"599\">Iztur\u012bga konstrukcija da\u017e\u0101diem laikapst\u0101k\u013ciem<\/li>\n<\/ul>\n<p data-start=\"601\" data-end=\"615\"><strong data-start=\"604\" data-end=\"615\">Size:<\/strong><\/p>\n<ul data-start=\"616\" data-end=\"667\">\n<li data-section-id=\"1qxykec\" data-start=\"616\" data-end=\"667\">Gu\u013camzona: ~180 x 200 x 110 cm (maks. augstums)<\/li>\n<\/ul>\n<p data-start=\"669\" data-end=\"682\"><strong data-start=\"672\" data-end=\"682\">Svars:<\/strong><\/p>\n<ul data-start=\"683\" data-end=\"693\">\n<li data-section-id=\"11javp4\" data-start=\"683\" data-end=\"693\">~94kg<\/li>\n<\/ul>\n<h4 data-section-id=\"g2lt2b\" data-start=\"425\" data-end=\"450\">Maksim\u0101ls komforts<\/h4>\n<ul data-start=\"451\" data-end=\"609\">\n<li data-section-id=\"1xsp60a\" data-start=\"451\" data-end=\"512\">6 cm <strong data-start=\"458\" data-end=\"482\">memory foam matracis<\/strong> ar \u016bdeni atgr\u016bdo\u0161u p\u0101rvalku<\/li>\n<li data-section-id=\"iim0wp\" data-start=\"513\" data-end=\"573\">Papildu <strong data-start=\"523\" data-end=\"550\">mesh sl\u0101nis zem matra\u010da<\/strong> lab\u0101kai ventil\u0101cijai<\/li>\n<li data-section-id=\"1u1ekux\" data-start=\"574\" data-end=\"609\">Pla\u0161a gu\u013camzona l\u012bdz 4 person\u0101m<\/li>\n<li data-section-id=\"vpgto8\" data-start=\"637\" data-end=\"735\">2 regul\u0113jami (dimm\u0113jami) <strong data-start=\"664\" data-end=\"691\">LED apgaismojumi ar USB<\/strong>\n<ul data-start=\"696\" data-end=\"735\">\n<li data-section-id=\"1mwt34d\" data-start=\"696\" data-end=\"711\">viens telt\u012b<\/li>\n<li data-section-id=\"62ikxw\" data-start=\"714\" data-end=\"735\">viens ieejas zon\u0101<\/li>\n<\/ul>\n<\/li>\n<li data-section-id=\"16jmatc\" data-start=\"736\" data-end=\"788\">2 lielas <strong data-start=\"747\" data-end=\"775\">apavu glab\u0101\u0161anas kabatas<\/strong> pie ieejas<\/li>\n<li data-section-id=\"mvvagg\" data-start=\"828\" data-end=\"876\">Smalka sieta <strong data-start=\"843\" data-end=\"874\">mosk\u012btu t\u012bkli vis\u0101m atver\u0113m<\/strong><\/li>\n<\/ul>\n<hr data-start=\"929\" data-end=\"932\" \/>\n<h4 data-section-id=\"k3yg0s\" data-start=\"934\" data-end=\"960\">Dro\u0161\u012bba un kvalit\u0101te<\/h4>\n<ul data-start=\"961\" data-end=\"1049\">\n<li data-section-id=\"hjwl07\" data-start=\"961\" data-end=\"1003\"><strong data-start=\"963\" data-end=\"1001\">Sl\u0113dzami stiprin\u0101jumi (ar atsl\u0113gu)<\/strong><\/li>\n<li data-section-id=\"gmpk9d\" data-start=\"1004\" data-end=\"1049\">Iztur\u012bga konstrukcija stabilai lieto\u0161anai<\/li>\n<\/ul>\n<hr data-start=\"1051\" data-end=\"1054\" \/>\n<h4 data-section-id=\"1ytatew\" data-start=\"1056\" data-end=\"1075\">Komplekt\u0101cija<\/h4>\n<ul data-start=\"1076\" data-end=\"1180\">\n<li data-section-id=\"1550pni\" data-start=\"1076\" data-end=\"1126\">No\u0146emamas melna alum\u012bnija teleskopisk\u0101s k\u0101pnes<\/li>\n<li data-section-id=\"f43x2e\" data-start=\"1127\" data-end=\"1180\">Garums: l\u012bdz 230 cm<\/li>\n<\/ul>\n<hr data-start=\"1274\" data-end=\"1277\" \/>\n<p data-start=\"1279\" data-end=\"1364\">Ide\u0101li piem\u0113rota gan \u012bsiem weekend izbraucieniem, gan ilg\u0101kiem ce\u013cojumiem ar auto.<\/p>","protected":false},"featured_media":20521,"comment_status":"open","ping_status":"closed","template":"","meta":{"om_disable_all_campaigns":false,"_monsterinsights_skip_tracking":false,"_monsterinsights_sitenote_active":false,"_monsterinsights_sitenote_note":"","_monsterinsights_sitenote_category":0},"product_brand":[],"product_cat":[21,203,141],"product_tag":[163,168,155,156],"class_list":{"0":"post-20520","1":"product","2":"type-product","3":"status-publish","4":"has-post-thumbnail","6":"product_cat-bez-kategorijas","7":"product_cat-hibrida-jumta-teltis","8":"product_cat-teltis","9":"product_tag-173-x-200","10":"product_tag-cita","11":"product_tag-hard-shell","12":"product_tag-peleka","13":"product_shipping_class-liels","15":"first","16":"instock","17":"shipping-taxable","18":"purchasable","19":"product-type-simple"},"aioseo_notices":[],"_links":{"self":[{"href":"https:\/\/minicampers.lv\/en\/wp-json\/wp\/v2\/product\/20520","targetHints":{"allow":["GET"]}}],"collection":[{"href":"https:\/\/minicampers.lv\/en\/wp-json\/wp\/v2\/product"}],"about":[{"href":"https:\/\/minicampers.lv\/en\/wp-json\/wp\/v2\/types\/product"}],"replies":[{"embeddable":true,"href":"https:\/\/minicampers.lv\/en\/wp-json\/wp\/v2\/comments?post=20520"}],"version-history":[{"count":8,"href":"https:\/\/minicampers.lv\/en\/wp-json\/wp\/v2\/product\/20520\/revisions"}],"predecessor-version":[{"id":21599,"href":"https:\/\/minicampers.lv\/en\/wp-json\/wp\/v2\/product\/20520\/revisions\/21599"}],"wp:featuredmedia":[{"embeddable":true,"href":"https:\/\/minicampers.lv\/en\/wp-json\/wp\/v2\/media\/20521"}],"wp:attachment":[{"href":"https:\/\/minicampers.lv\/en\/wp-json\/wp\/v2\/media?parent=20520"}],"wp:term":[{"taxonomy":"product_brand","embeddable":true,"href":"https:\/\/minicampers.lv\/en\/wp-json\/wp\/v2\/product_brand?post=20520"},{"taxonomy":"product_cat","embeddable":true,"href":"https:\/\/minicampers.lv\/en\/wp-json\/wp\/v2\/product_cat?post=20520"},{"taxonomy":"product_tag","embeddable":true,"href":"https:\/\/minicampers.lv\/en\/wp-json\/wp\/v2\/product_tag?post=20520"}],"curies":[{"name":"wp","href":"https:\/\/api.w.org\/{rel}","templated":true}]}}