{"id":20486,"date":"2023-08-25T09:07:28","date_gmt":"2023-08-25T06:07:28","guid":{"rendered":"https:\/\/minicampers.lv\/?post_type=product&#038;p=20486"},"modified":"2025-09-23T09:47:09","modified_gmt":"2025-09-23T06:47:09","slug":"vickywood-small-willow-golden-brown-140-jumta-telts","status":"publish","type":"product","link":"https:\/\/minicampers.lv\/en\/Veikals\/bez-kategorijas\/vickywood-small-willow-golden-brown-140-jumta-telts\/","title":{"rendered":"VICKYWOOD Small Willow 140 golden brown jumta telts MAZLIETOTA"},"content":{"rendered":"","protected":false},"excerpt":{"rendered":"<ul>\n<li>Suitable for almost any vehicle<\/li>\n<li>Tent dimensions 143 x 240 x 126<\/li>\n<li>piem\u0113rota 2 &#8211; 3 cilv\u0113kiem<\/li>\n<li>Fast installation<\/li>\n<li>High quality materials<\/li>\n<li>High density mattress<\/li>\n<li>12 W LED lighting<\/li>\n<li>2 large panoramic windows<\/li>\n<li>Mosquito net on all windows<\/li>\n<li>2 shoe bags<\/li>\n<li>No\u0146emamas teleskopisk\u0101s k\u0101pnes<\/li>\n<li>Instrukcija:<a href=\"https:\/\/minicampers.lv\/wp-content\/uploads\/2023\/05\/Manual-VICKYWOOD-WILLOWS-BALSA-2.pdf\">Manual-VICKYWOOD-WILLOWS-BALSA<\/a><\/li>\n<\/ul>","protected":false},"featured_media":20487,"comment_status":"open","ping_status":"closed","template":"","meta":{"om_disable_all_campaigns":false,"_monsterinsights_skip_tracking":false,"_monsterinsights_sitenote_active":false,"_monsterinsights_sitenote_note":"","_monsterinsights_sitenote_category":0},"product_brand":[],"product_cat":[21,202,141],"product_tag":[161,170,168,159],"class_list":{"0":"post-20486","1":"product","2":"type-product","3":"status-publish","4":"has-post-thumbnail","6":"product_cat-bez-kategorijas","7":"product_cat-saliekama-jumta-telts","8":"product_cat-teltis","9":"product_tag-143-x-240","10":"product_tag-bruna","11":"product_tag-cita","12":"product_tag-soft-shell","13":"product_shipping_class-liels","15":"first","16":"instock","17":"shipping-taxable","18":"purchasable","19":"product-type-simple"},"aioseo_notices":[],"_links":{"self":[{"href":"https:\/\/minicampers.lv\/en\/wp-json\/wp\/v2\/product\/20486","targetHints":{"allow":["GET"]}}],"collection":[{"href":"https:\/\/minicampers.lv\/en\/wp-json\/wp\/v2\/product"}],"about":[{"href":"https:\/\/minicampers.lv\/en\/wp-json\/wp\/v2\/types\/product"}],"replies":[{"embeddable":true,"href":"https:\/\/minicampers.lv\/en\/wp-json\/wp\/v2\/comments?post=20486"}],"version-history":[{"count":5,"href":"https:\/\/minicampers.lv\/en\/wp-json\/wp\/v2\/product\/20486\/revisions"}],"predecessor-version":[{"id":21340,"href":"https:\/\/minicampers.lv\/en\/wp-json\/wp\/v2\/product\/20486\/revisions\/21340"}],"wp:featuredmedia":[{"embeddable":true,"href":"https:\/\/minicampers.lv\/en\/wp-json\/wp\/v2\/media\/20487"}],"wp:attachment":[{"href":"https:\/\/minicampers.lv\/en\/wp-json\/wp\/v2\/media?parent=20486"}],"wp:term":[{"taxonomy":"product_brand","embeddable":true,"href":"https:\/\/minicampers.lv\/en\/wp-json\/wp\/v2\/product_brand?post=20486"},{"taxonomy":"product_cat","embeddable":true,"href":"https:\/\/minicampers.lv\/en\/wp-json\/wp\/v2\/product_cat?post=20486"},{"taxonomy":"product_tag","embeddable":true,"href":"https:\/\/minicampers.lv\/en\/wp-json\/wp\/v2\/product_tag?post=20486"}],"curies":[{"name":"wp","href":"https:\/\/api.w.org\/{rel}","templated":true}]}}