{"id":19953,"date":"2023-05-18T10:26:26","date_gmt":"2023-05-18T07:26:26","guid":{"rendered":"https:\/\/minicampers.lv\/?post_type=product&#038;p=19953"},"modified":"2024-04-04T14:44:21","modified_gmt":"2024-04-04T11:44:21","slug":"vickywood-lightweight-kempinga-komplekts","status":"publish","type":"product","link":"https:\/\/minicampers.lv\/en\/Veikals\/bez-kategorijas\/vickywood-lightweight-kempinga-komplekts\/","title":{"rendered":"VICKYWOOD LIGHTWEIGHT 2.0 kempinga komplekts"},"content":{"rendered":"<p><strong><span class=\"jCAhz ChMk0b\"><span class=\"ryNqvb\">Kempinga kr\u0113sls:<\/span><\/span> <\/strong><\/p>\n<p><span class=\"jCAhz ChMk0b\"><span class=\"ryNqvb\">Izm\u0113ri (Iestat\u012bjums): 38 x 28 x 65,5 cm<\/span><\/span><\/p>\n<p><span class=\"jCAhz ChMk0b\"><span class=\"ryNqvb\">Iepakojuma izm\u0113ri: 41 x 13 x 13 cm<\/span><\/span><\/p>\n<p><span class=\"jCAhz ChMk0b\"><span class=\"ryNqvb\">Svars: 1,10 kg<\/span><\/span><\/p>\n<p><span class=\"jCAhz ChMk0b\"><span class=\"ryNqvb\">Kravnes\u012bba: aptuveni 125 kg<\/span><\/span><\/p>\n<p><strong><span class=\"jCAhz ChMk0b\"><span class=\"ryNqvb\">Kempinga galds:<\/span><\/span> <\/strong><\/p>\n<p><span class=\"jCAhz ChMk0b\"><span class=\"ryNqvb\">Izm\u0113ri (Iestat\u012bjums): 48 x 46 x 38 cm<\/span><\/span><\/p>\n<p><span class=\"jCAhz ChMk0b\"><span class=\"ryNqvb\">Iepakojuma izm\u0113ri: 59 x 12 x 12 cm<\/span><\/span><\/p>\n<p><span class=\"jCAhz ChMk0b\"><span class=\"ryNqvb\">Svars: 1,10 kg<\/span><\/span><\/p>\n<p><span class=\"jCAhz ChMk0b\"><span class=\"ryNqvb\">Kravnes\u012bba: aptuveni 20 kg<\/span><\/span><\/p>","protected":false},"excerpt":{"rendered":"<p><strong>VICKYWOOD Lightweight 2.0 kempinga kr\u0113sli un galds komplekts!<\/strong><\/p>\n<p><span class=\"jCAhz ChMk0b\"><span class=\"ryNqvb\">\u012apa\u0161i viegls un tom\u0113r iztur\u012bgs<\/span><\/span> <span class=\"jCAhz ChMk0b\"><span class=\"ryNqvb\">VICKYWOOD Lightweight 2.0 kempinga m\u0113beles, kas sver tikai 1,10 kg uz vienu vien\u012bbu, ir patiesi vieglas.<\/span><\/span><\/p>\n<p><span class=\"jCAhz ChMk0b\"><span class=\"ryNqvb\">Ta\u010du ne\u013caujiet to vieglumam J\u016bs maldin\u0101t \u2013 to iztur\u012bgais alum\u012bnija r\u0101mis nodro\u0161ina stabilu st\u0101ju un ilgu kalpo\u0161anas laiku.<\/span><\/span><\/p>\n<p><span class=\"jCAhz ChMk0b\"><span class=\"ryNqvb\">Neatkar\u012bgi no t\u0101, vai atrodaties nel\u012bdzen\u0101 reljef\u0101 vai ros\u012bg\u0101 festiv\u0101la atmosf\u0113r\u0101, \u0161\u012bs m\u0113beles ir iztur\u012bgas.<\/span><\/span><\/p>\n<p><span class=\"jCAhz ChMk0b\"><span class=\"ryNqvb\">\u0100tr\u0101 iestat\u012b\u0161ana un iesai\u0146o\u0161ana.<\/span><\/span>\u00a0<span class=\"jCAhz ChMk0b\"><span class=\"ryNqvb\">Tas atst\u0101j vair\u0101k laika tam, kas patie\u0161\u0101m ir svar\u012bgs: dabas baud\u012b\u0161anai.<\/span><\/span><\/p>\n<p><span class=\"jCAhz ChMk0b\"><span class=\"ryNqvb\">Praktiskas iesp\u0113jas maksim\u0101lam komfortam.<\/span><\/span><\/p>\n<p><span class=\"jCAhz ChMk0b\"><span class=\"ryNqvb\">Kempinga galdam apak\u0161\u0101 ir t\u012bkls, kas ir lieliski piem\u0113rots \u017eurn\u0101lu, uzkodu vai citu mazu priek\u0161metu uzglab\u0101\u0161anai.<\/span><\/span><\/p>\n<p><span class=\"jCAhz ChMk0b\"><span class=\"ryNqvb\">Audums izgatavots no nodilumiztur\u012bga +900 D poliestera auduma, nodro\u0161inot t\u0101 kvalit\u0101ti ar\u012b intens\u012bvi lietojot.<\/span><\/span> <span class=\"jCAhz ChMk0b\"><span class=\"ryNqvb\">Vietu taupo\u0161s dizains<\/span><\/span> p<span class=\"jCAhz ChMk0b\"><span class=\"ryNqvb\">ateicoties kompaktajiem izm\u0113riem iepakotas, VICKYWOOD Lightweight 2.0 m\u0113beles viegli iederas jebkur\u0101 automa\u0161\u012bnas bag\u0101\u017eniek\u0101 vai mugursom\u0101. <\/span><\/span><\/p>\n<p><span class=\"jCAhz ChMk0b\"><span class=\"ryNqvb\">Premium materi\u0101ls un stil\u012bgs dizains. K<\/span><\/span><span class=\"jCAhz ChMk0b\"><span class=\"ryNqvb\">r\u0113sli un galdi ir izgatavoti no augstas kvalit\u0101tes 7075 alum\u012bnija (kr\u0113sla r\u0101mis) un 6063 alum\u012bnija (galda r\u0101mis), kas ir ne tikai viegli, bet ar\u012b \u012bpa\u0161i iztur\u012bgi.<\/span><\/span> <span class=\"jCAhz ChMk0b\"><span class=\"ryNqvb\">Melni ol\u012bvza\u013cais dizains ar VICKYWOOD z\u012bmolu pie\u0161\u0137ir m\u0113bel\u0113m modernu un pievilc\u012bgu izskatu, kas neman\u0101mi iek\u013caujas jebkur\u0101 \u0101ra vid\u0113.<\/span><\/span><\/p>\n<p>&nbsp;<\/p>","protected":false},"featured_media":20886,"comment_status":"open","ping_status":"closed","template":"","meta":{"om_disable_all_campaigns":false,"_monsterinsights_skip_tracking":false,"_monsterinsights_sitenote_active":false,"_monsterinsights_sitenote_note":"","_monsterinsights_sitenote_category":0},"product_brand":[],"product_cat":[21,144],"product_tag":[],"class_list":{"0":"post-19953","1":"product","2":"type-product","3":"status-publish","4":"has-post-thumbnail","6":"product_cat-bez-kategorijas","7":"product_cat-piederumi","8":"product_shipping_class-mazs","10":"first","11":"onbackorder","12":"shipping-taxable","13":"purchasable","14":"product-type-simple"},"aioseo_notices":[],"_links":{"self":[{"href":"https:\/\/minicampers.lv\/en\/wp-json\/wp\/v2\/product\/19953","targetHints":{"allow":["GET"]}}],"collection":[{"href":"https:\/\/minicampers.lv\/en\/wp-json\/wp\/v2\/product"}],"about":[{"href":"https:\/\/minicampers.lv\/en\/wp-json\/wp\/v2\/types\/product"}],"replies":[{"embeddable":true,"href":"https:\/\/minicampers.lv\/en\/wp-json\/wp\/v2\/comments?post=19953"}],"version-history":[{"count":4,"href":"https:\/\/minicampers.lv\/en\/wp-json\/wp\/v2\/product\/19953\/revisions"}],"predecessor-version":[{"id":20738,"href":"https:\/\/minicampers.lv\/en\/wp-json\/wp\/v2\/product\/19953\/revisions\/20738"}],"wp:featuredmedia":[{"embeddable":true,"href":"https:\/\/minicampers.lv\/en\/wp-json\/wp\/v2\/media\/20886"}],"wp:attachment":[{"href":"https:\/\/minicampers.lv\/en\/wp-json\/wp\/v2\/media?parent=19953"}],"wp:term":[{"taxonomy":"product_brand","embeddable":true,"href":"https:\/\/minicampers.lv\/en\/wp-json\/wp\/v2\/product_brand?post=19953"},{"taxonomy":"product_cat","embeddable":true,"href":"https:\/\/minicampers.lv\/en\/wp-json\/wp\/v2\/product_cat?post=19953"},{"taxonomy":"product_tag","embeddable":true,"href":"https:\/\/minicampers.lv\/en\/wp-json\/wp\/v2\/product_tag?post=19953"}],"curies":[{"name":"wp","href":"https:\/\/api.w.org\/{rel}","templated":true}]}}