{"id":19949,"date":"2023-05-18T10:14:19","date_gmt":"2023-05-18T07:14:19","guid":{"rendered":"https:\/\/minicampers.lv\/?post_type=product&#038;p=19949"},"modified":"2025-09-23T09:20:33","modified_gmt":"2025-09-23T06:20:33","slug":"vickywood-kempinga-komplekts","status":"publish","type":"product","link":"https:\/\/minicampers.lv\/en\/Veikals\/bez-kategorijas\/vickywood-kempinga-komplekts\/","title":{"rendered":"VICKYWOOD PREMIUM kempinga komplekts"},"content":{"rendered":"","protected":false},"excerpt":{"rendered":"<p><strong>Komplekt\u0101 iek\u013cauts VICKYWOOD BAMBOO kempinga galds un 2 VICKYWOOD kempinga kr\u0113sli!<\/strong><\/p>\n<p>VICKYWOOD BAMBOO Galds:<\/p>\n<ul>\n<li>Bamboo table top, aluminum frame<\/li>\n<li>Table legs with adjustable height: 50-57-70cm incl.<\/li>\n<li>Foldable for small pack size<\/li>\n<li>Convenient carrying, storage bag<br \/>\nSize:<\/li>\n<\/ul>\n<p>Assembled: 110 x 60 x 50\/57\/70 cm (length x width x height)<br \/>\nPackage size: 110 x 30 x 8 cm (L x W x D)<\/p>\n<p>Load capacity 30kg max.<\/p>\n<p>VICKYWOOD kempinga kr\u0113sli:<\/p>\n<p>Unfolded dimensions: 62 x 49 x 88 cm<br \/>\nDimensions when folded: 50 x 56 x 17 cm<br \/>\nSeat height: 45.5 cm<br \/>\nWeight: 4.9 kg<br \/>\nFabric: 1800D polyester fabric<br \/>\nFrame: Aluminum frame with powder coating<br \/>\nColor: black with sewn-on VICKYWOOD leather patch<br \/>\nLoad capacity: about 110 kg<\/p>","protected":false},"featured_media":19950,"comment_status":"open","ping_status":"closed","template":"","meta":{"om_disable_all_campaigns":false,"_monsterinsights_skip_tracking":false,"_monsterinsights_sitenote_active":false,"_monsterinsights_sitenote_note":"","_monsterinsights_sitenote_category":0},"product_brand":[],"product_cat":[21,144],"product_tag":[],"class_list":{"0":"post-19949","1":"product","2":"type-product","3":"status-publish","4":"has-post-thumbnail","6":"product_cat-bez-kategorijas","7":"product_cat-piederumi","9":"first","10":"onbackorder","11":"shipping-taxable","12":"purchasable","13":"product-type-simple"},"aioseo_notices":[],"_links":{"self":[{"href":"https:\/\/minicampers.lv\/en\/wp-json\/wp\/v2\/product\/19949","targetHints":{"allow":["GET"]}}],"collection":[{"href":"https:\/\/minicampers.lv\/en\/wp-json\/wp\/v2\/product"}],"about":[{"href":"https:\/\/minicampers.lv\/en\/wp-json\/wp\/v2\/types\/product"}],"replies":[{"embeddable":true,"href":"https:\/\/minicampers.lv\/en\/wp-json\/wp\/v2\/comments?post=19949"}],"version-history":[{"count":3,"href":"https:\/\/minicampers.lv\/en\/wp-json\/wp\/v2\/product\/19949\/revisions"}],"predecessor-version":[{"id":19966,"href":"https:\/\/minicampers.lv\/en\/wp-json\/wp\/v2\/product\/19949\/revisions\/19966"}],"wp:featuredmedia":[{"embeddable":true,"href":"https:\/\/minicampers.lv\/en\/wp-json\/wp\/v2\/media\/19950"}],"wp:attachment":[{"href":"https:\/\/minicampers.lv\/en\/wp-json\/wp\/v2\/media?parent=19949"}],"wp:term":[{"taxonomy":"product_brand","embeddable":true,"href":"https:\/\/minicampers.lv\/en\/wp-json\/wp\/v2\/product_brand?post=19949"},{"taxonomy":"product_cat","embeddable":true,"href":"https:\/\/minicampers.lv\/en\/wp-json\/wp\/v2\/product_cat?post=19949"},{"taxonomy":"product_tag","embeddable":true,"href":"https:\/\/minicampers.lv\/en\/wp-json\/wp\/v2\/product_tag?post=19949"}],"curies":[{"name":"wp","href":"https:\/\/api.w.org\/{rel}","templated":true}]}}