{"id":19882,"date":"2023-05-14T18:05:48","date_gmt":"2023-05-14T15:05:48","guid":{"rendered":"https:\/\/minicampers.lv\/?post_type=product&#038;p=19882"},"modified":"2024-04-05T07:01:30","modified_gmt":"2024-04-05T04:01:30","slug":"big-willow-180-sand-papildu-telpa","status":"publish","type":"product","link":"https:\/\/minicampers.lv\/en\/Veikals\/bez-kategorijas\/big-willow-180-sand-papildu-telpa\/","title":{"rendered":"BIG WILLOW 180 SAND papildu telpa"},"content":{"rendered":"<ul>\n<li>Pla\u0161s interjers<\/li>\n<li>Atveras uz \u010detr\u0101m pus\u0113m<\/li>\n<li>Iek\u0161\u0113j\u0101 gr\u012bda<\/li>\n<li>Teleskopiskie stie\u0146i pagarin\u0101tai jumta lieto\u0161anai<\/li>\n<li>Viegli piestiprin\u0101ma pie jumta telts ar SBS r\u0101v\u0113jsl\u0113dz\u0113ja savienojumu<\/li>\n<li>Mosk\u012btu t\u012bkli no vis\u0101m pus\u0113m<\/li>\n<li>Kr\u0101sa: br\u016bna<\/li>\n<li>Izm\u0113ri: 1,80 m x 1,90 m, k\u013c\u016bst plat\u0101ks virzien\u0101 uz leju<\/li>\n<li>Augstums: 1,80m | var sa\u012bsin\u0101t par 15 cm ar r\u0101v\u0113jsl\u0113dz\u0113ju<\/li>\n<\/ul>","protected":false},"excerpt":{"rendered":"<p>BIG WILLOW zem\u0101 pieb\u016bves telpa ir daudzpus\u012bgs papildin\u0101jums J\u016bsu jumta teltij un pied\u0101v\u0101 segtu ieeju. T\u0101 der gandr\u012bz jebkuram transportl\u012bdzeklim, jo \u200b\u200bto var regul\u0113t augstum\u0101 (165 &#8211; 180 cm), izmantojot viedo r\u0101v\u0113jsl\u0113dz\u0113ju sist\u0113mu. Ar tentu jums ir iesp\u0113ja papla\u0161in\u0101t savu BIG WILLOW ar papildu glab\u0101\u0161anas vietu, div\u0101m papildu gu\u013camviet\u0101m vai aizsarg\u0101tu dz\u012bvojamo telpu.<\/p>\n<p>Pateicoties p\u0101rkl\u0101jo\u0161ajiem auduma pane\u013ciem, \u016bdensiztur\u012bgiem r\u0101v\u0113jsl\u0113dz\u0113jiem un\u00a0 \u0161uv\u0113m, nojume ir notur\u012bga pret laikapst\u0101k\u013ciem un aizv\u0113rta ir piln\u012bgi necaursp\u012bd\u012bga, t\u0101p\u0113c varat to izmantot ar\u012b k\u0101 \u0123\u0113rbtuvi. Tentu var atv\u0113rt no vis\u0101m \u010detr\u0101m pus\u0113m, lai j\u016bs vienm\u0113r var\u0113tu dro\u0161i aizsniegt savu automa\u0161\u012bnu un izmantot s\u0101nu bag\u0101\u017eas nodal\u012bjuma durvju sist\u0113mas, virtuves atvilktnes utt. jebkuros laika apst\u0101k\u013cos. Atveres ir apr\u012bkotas ar\u012b ar elast\u012bgiem mosk\u012btu t\u012bkliem, t\u0101p\u0113c J\u016bs esat pasarg\u0101ts no nepat\u012bkamiem maziem pasa\u017eieriem, v\u0113dinot savu priek\u0161telpu.<\/p>\n<p>Ar teleskopisko stie\u0146u sist\u0113mu Jums ir iesp\u0113ja izveidot nelielu verandu ar jumtu, kas nodro\u0161ina \u0113nu vai s\u0113dvietu viegl\u0101 liet\u016b. Mark\u012bzes gr\u012bda ir izgatavota no iztur\u012bga 680 g\/m\u00b2 PVC kravas brezenta auduma, kas padara to \u013coti iztur\u012bgu un nodilumiztur\u012bgu.<\/p>\n<p>Papildus: gr\u012bdai ir ar\u012b r\u0101v\u0113jsl\u0113dz\u0113js, lai j\u016bs var\u0113tu viegli no\u0146emt apak\u0161\u0113jo da\u013cu un p\u0101rveidot nojumes par du\u0161as kab\u012bni \ud83d\ude09<\/p>","protected":false},"featured_media":19883,"comment_status":"open","ping_status":"closed","template":"","meta":{"om_disable_all_campaigns":false,"_monsterinsights_skip_tracking":false,"_monsterinsights_sitenote_active":false,"_monsterinsights_sitenote_note":"","_monsterinsights_sitenote_category":0},"product_brand":[],"product_cat":[21,142],"product_tag":[],"class_list":{"0":"post-19882","1":"product","2":"type-product","3":"status-publish","4":"has-post-thumbnail","6":"product_cat-bez-kategorijas","7":"product_cat-nojumes","8":"product_shipping_class-mazs","10":"first","11":"onbackorder","12":"shipping-taxable","13":"purchasable","14":"product-type-simple"},"aioseo_notices":[],"_links":{"self":[{"href":"https:\/\/minicampers.lv\/en\/wp-json\/wp\/v2\/product\/19882","targetHints":{"allow":["GET"]}}],"collection":[{"href":"https:\/\/minicampers.lv\/en\/wp-json\/wp\/v2\/product"}],"about":[{"href":"https:\/\/minicampers.lv\/en\/wp-json\/wp\/v2\/types\/product"}],"replies":[{"embeddable":true,"href":"https:\/\/minicampers.lv\/en\/wp-json\/wp\/v2\/comments?post=19882"}],"version-history":[{"count":1,"href":"https:\/\/minicampers.lv\/en\/wp-json\/wp\/v2\/product\/19882\/revisions"}],"predecessor-version":[{"id":19889,"href":"https:\/\/minicampers.lv\/en\/wp-json\/wp\/v2\/product\/19882\/revisions\/19889"}],"wp:featuredmedia":[{"embeddable":true,"href":"https:\/\/minicampers.lv\/en\/wp-json\/wp\/v2\/media\/19883"}],"wp:attachment":[{"href":"https:\/\/minicampers.lv\/en\/wp-json\/wp\/v2\/media?parent=19882"}],"wp:term":[{"taxonomy":"product_brand","embeddable":true,"href":"https:\/\/minicampers.lv\/en\/wp-json\/wp\/v2\/product_brand?post=19882"},{"taxonomy":"product_cat","embeddable":true,"href":"https:\/\/minicampers.lv\/en\/wp-json\/wp\/v2\/product_cat?post=19882"},{"taxonomy":"product_tag","embeddable":true,"href":"https:\/\/minicampers.lv\/en\/wp-json\/wp\/v2\/product_tag?post=19882"}],"curies":[{"name":"wp","href":"https:\/\/api.w.org\/{rel}","templated":true}]}}