{"id":19867,"date":"2023-05-14T16:51:22","date_gmt":"2023-05-14T13:51:22","guid":{"rendered":"https:\/\/minicampers.lv\/?post_type=product&#038;p=19867"},"modified":"2024-04-04T16:44:42","modified_gmt":"2024-04-04T13:44:42","slug":"vickywood-markize-sand-250cm","status":"publish","type":"product","link":"https:\/\/minicampers.lv\/en\/Veikals\/bez-kategorijas\/vickywood-markize-sand-250cm\/","title":{"rendered":"VICKYWOOD MAR\u0136\u012aZE 250cm br\u016bna"},"content":{"rendered":"<p>VICKYWOOD mar\u0137\u012bze \u2013 neatkar\u012bgi no t\u0101, vai v\u0113laties gatavot \u0113dienu, s\u0113d\u0113t, vai uztur\u0113ties \u0113n\u0101\u00a0 un atp\u016bsties sl\u0113pjoties no lietus.<br \/>\nMark\u012bze tiek uzst\u0101d\u012bta atsevi\u0161\u0137i uz J\u016bsu jumta bag\u0101\u017enieka izmantojot slie\u017eu sist\u0113mu. Teleskopiskie stie\u0146i ar regul\u0113jamu augstumu veido stabilu J\u016bsu nojumes karkasu. \u013boti vienk\u0101r\u0161i ar velcro siksn\u0101m savienojiet audumu ar stabi\u0146iem, un J\u016bsu nojume ir gatava tikai da\u017eu so\u013cu laik\u0101!<\/p>\n<p>Uzst\u0101di \u0101tri un \u0113rti \u2013<\/p>\n<div style=\"width: 1920px;\" class=\"wp-video\"><!--[if lt IE 9]><script>document.createElement('video');<\/script><![endif]-->\n<video class=\"wp-video-shortcode\" id=\"video-19867-1\" width=\"1920\" height=\"1080\" preload=\"metadata\" controls=\"controls\"><source type=\"video\/mp4\" src=\"https:\/\/minicampers.lv\/wp-content\/uploads\/2023\/05\/Markise_Aufbauvideo_ohneText-2.mp4?_=1\" \/><a href=\"https:\/\/minicampers.lv\/wp-content\/uploads\/2023\/05\/Markise_Aufbauvideo_ohneText-2.mp4\">https:\/\/minicampers.lv\/wp-content\/uploads\/2023\/05\/Markise_Aufbauvideo_ohneText-2.mp4<\/a><\/video><\/div>","protected":false},"excerpt":{"rendered":"<p>S\u0101nu nojume | VICKYWOOD SAND<\/p>\n<p>\u201cNojume\u201d s\u0113d\u0113\u0161anai, \u0113diena gatavo\u0161anai un kop\u0101 b\u016b\u0161anai.<\/p>\n<p>Viegli uzliekama un \u0101tri gatava lieto\u0161anai. M\u016bsu ieteikums katrai jumta teltij.<\/p>\n<p>Materi\u0101ls:<\/p>\n<p>Iztur\u012bba: 320\u00a0gsm RipStop poliesters, PU-beschichtung: 3000 mm, W\/P, W\/R, UV 50+<br \/>\nAuduma kr\u0101sa: br\u016bns<br \/>\nUzmava: 1000g PVC meln\u0101 kr\u0101s\u0101<br \/>\nR\u0101mis: Viegls alum\u012bnija teleskopiskais stienis ar 22\/25 mm<\/p>","protected":false},"featured_media":19854,"comment_status":"open","ping_status":"closed","template":"","meta":{"om_disable_all_campaigns":false,"_monsterinsights_skip_tracking":false,"_monsterinsights_sitenote_active":false,"_monsterinsights_sitenote_note":"","_monsterinsights_sitenote_category":0},"product_brand":[],"product_cat":[21,143],"product_tag":[],"class_list":{"0":"post-19867","1":"product","2":"type-product","3":"status-publish","4":"has-post-thumbnail","6":"product_cat-bez-kategorijas","7":"product_cat-markizes","8":"product_shipping_class-liels","10":"first","11":"onbackorder","12":"shipping-taxable","13":"purchasable","14":"product-type-simple"},"aioseo_notices":[],"_links":{"self":[{"href":"https:\/\/minicampers.lv\/en\/wp-json\/wp\/v2\/product\/19867","targetHints":{"allow":["GET"]}}],"collection":[{"href":"https:\/\/minicampers.lv\/en\/wp-json\/wp\/v2\/product"}],"about":[{"href":"https:\/\/minicampers.lv\/en\/wp-json\/wp\/v2\/types\/product"}],"replies":[{"embeddable":true,"href":"https:\/\/minicampers.lv\/en\/wp-json\/wp\/v2\/comments?post=19867"}],"version-history":[{"count":3,"href":"https:\/\/minicampers.lv\/en\/wp-json\/wp\/v2\/product\/19867\/revisions"}],"predecessor-version":[{"id":20941,"href":"https:\/\/minicampers.lv\/en\/wp-json\/wp\/v2\/product\/19867\/revisions\/20941"}],"wp:featuredmedia":[{"embeddable":true,"href":"https:\/\/minicampers.lv\/en\/wp-json\/wp\/v2\/media\/19854"}],"wp:attachment":[{"href":"https:\/\/minicampers.lv\/en\/wp-json\/wp\/v2\/media?parent=19867"}],"wp:term":[{"taxonomy":"product_brand","embeddable":true,"href":"https:\/\/minicampers.lv\/en\/wp-json\/wp\/v2\/product_brand?post=19867"},{"taxonomy":"product_cat","embeddable":true,"href":"https:\/\/minicampers.lv\/en\/wp-json\/wp\/v2\/product_cat?post=19867"},{"taxonomy":"product_tag","embeddable":true,"href":"https:\/\/minicampers.lv\/en\/wp-json\/wp\/v2\/product_tag?post=19867"}],"curies":[{"name":"wp","href":"https:\/\/api.w.org\/{rel}","templated":true}]}}