{"id":19846,"date":"2023-05-14T09:06:01","date_gmt":"2023-05-14T06:06:01","guid":{"rendered":"https:\/\/minicampers.lv\/?post_type=product&#038;p=19846"},"modified":"2026-03-17T21:10:39","modified_gmt":"2026-03-17T19:10:39","slug":"minicampers-noma","status":"publish","type":"product","link":"https:\/\/minicampers.lv\/en\/Veikals\/noma\/minicampers-noma\/","title":{"rendered":"MINICAMPERS NOMA"},"content":{"rendered":"","protected":false},"excerpt":{"rendered":"<h5>Minicampers atrad\u012bsi:<\/h5>\n<p>&#8211; matra\u010dus nak\u0161\u0146o\u0161anai 2gab. ( 70 x 200cm), kop\u0113j\u0101 gu\u013cam zona 140cm x 200cm,\u00a0 kurus \u0113rti p\u0101rveidot par dienas d\u012bv\u0101nu;<br \/>\n&#8211; apgaismojumus iek\u0161\u0101 un \u0101r\u0101;<br \/>\n&#8211; kastes mantu organiz\u0113\u0161anai;<br \/>\n&#8211; galdu\/plauktu lietainai r\u012bta kafijai;<br \/>\n&#8211; logi ar \u017eal\u016bzij\u0101m;<br \/>\n&#8211; 12V l\u0101d\u0113t\u0101ja kontakts;<\/p>\n<p>Viss kas vajadz\u012bgs ir auto ar piekabes \u0101\u0137i. Var vilkt ar\u012b elektro auto, jo pa\u0161masa ir vien 320kg.<\/p>\n<p data-start=\"932\" data-end=\"1005\">Ce\u013cot\u0101jiem, kas v\u0113las apvienot komfortu ar br\u012bv\u012bbu dab\u0101.<\/p>\n<p>Noma &#8211; 1diena &#8211; 5diena = 100 EUR, 5diena &#8211; 1diena = 100 EUR, Ned\u0113\u013ca = 200 EUR<\/p>\n<h4 data-start=\"932\" data-end=\"1005\">Rezerv\u0113 savu piedz\u012bvojumu jau tagad!<br \/>\n+371 29930473 (zvani vai raksti)<\/h4>\n<div class=\"forminator-ui forminator-custom-form forminator-custom-form-21213 forminator-design--default  forminator_ajax\" data-forminator-render=\"0\" data-form=\"forminator-module-21213\" data-uid=\"6a033d03e226c\"><\/div>\n<form\n\t\t\t\tid=\"forminator-module-21213\"\n\t\t\t\tclass=\"forminator-ui forminator-custom-form forminator-custom-form-21213 forminator-design--default  forminator_ajax\"\n\t\t\t\tmethod=\"post\"\n\t\t\t\tdata-forminator-render=\"0\"\n\t\t\t\tdata-form-id=\"21213\"\n\t\t\t\t\n\t\t\t\tdata-design=\"default\"\n\t\t\t\t\n\t\t\t\t\n\t\t\t\t\n\t\t\t\tdata-grid=\"open\"\n\t\t\t\t\n\t\t\t\t\n\t\t\t\tstyle=\"display: none;\"\n\t\t\t\t\n\t\t\t\tdata-uid=\"6a033d03e226c\" action=\"\"\n\t\t\t><\/p>\n<div role=\"alert\" aria-live=\"polite\" class=\"forminator-response-message forminator-error\" aria-hidden=\"true\"><\/div>\n<div class=\"forminator-row\">\n<div id=\"text-1\" class=\"forminator-field-text forminator-col forminator-col-12\">\n<div class=\"forminator-field\"><label for=\"forminator-field-text-1_6a033d03e226c\" id=\"forminator-field-text-1_6a033d03e226c-label\" class=\"forminator-label\">J\u016bsu v\u0101rds <span class=\"forminator-required\">*<\/span><\/label><input type=\"text\" name=\"text-1\" value=\"\" placeholder=\"\" id=\"forminator-field-text-1_6a033d03e226c\" class=\"forminator-input forminator-name--field\" data-required=\"1\" \/><\/div>\n<\/div>\n<\/div>\n<div class=\"forminator-row\">\n<div id=\"phone-1\" class=\"forminator-field-phone forminator-col forminator-col-12\">\n<div class=\"forminator-field\"><label for=\"forminator-field-phone-1_6a033d03e226c\" id=\"forminator-field-phone-1_6a033d03e226c-label\" class=\"forminator-label\">Telefona numurs <span class=\"forminator-required\">*<\/span><\/label><input type=\"text\" name=\"phone-1\" value=\"\" placeholder=\"\" id=\"forminator-field-phone-1_6a033d03e226c\" class=\"forminator-input forminator-field--phone\" data-required=\"1\" aria-required=\"true\" autocomplete=\"off\" data-national_mode=\"disabled\" data-country=\"lv\" data-validation=\"international\" \/><\/div>\n<\/div>\n<\/div>\n<div class=\"forminator-row\">\n<div id=\"email-1\" class=\"forminator-field-email forminator-col forminator-col-12\">\n<div class=\"forminator-field\"><label for=\"forminator-field-email-1_6a033d03e226c\" id=\"forminator-field-email-1_6a033d03e226c-label\" class=\"forminator-label\">J\u016bsu e-pasta adrese <span class=\"forminator-required\">*<\/span><\/label><input type=\"email\" name=\"email-1\" value=\"\" placeholder=\"\" id=\"forminator-field-email-1_6a033d03e226c\" class=\"forminator-input forminator-email--field\" data-required=\"1\" aria-required=\"true\" \/><\/div>\n<\/div>\n<\/div>\n<div class=\"forminator-row\">\n<div id=\"date-1\" class=\"forminator-field-date forminator-col forminator-col-12\">\n<div class=\"forminator-field\"><label for=\"forminator-field-date-1-picker_6a033d03e226c\" id=\"forminator-field-date-1-picker_6a033d03e226c-label\" class=\"forminator-label\">Nomas perioda s\u0101kums <span class=\"forminator-required\">*<\/span><\/label><\/p>\n<div class=\"forminator-input-with-icon\"><span class=\"forminator-icon-calendar\" aria-hidden=\"true\"><\/span><input autocomplete=\"off\" type=\"text\" size=\"1\" name=\"date-1\" value=\"12-05-2026\" placeholder=\"Datums\" id=\"forminator-field-date-1-picker_6a033d03e226c\" class=\"forminator-input forminator-datepicker\" data-required=\"1\" data-format=\"dd-mm-yy\" data-restrict-type=\"\" data-restrict=\"\" data-start-year=\"2026\" data-end-year=\"2126\" data-past-dates=\"enable\" data-start-of-week=\"1\" data-start-date=\"2026-05-12\" data-end-date=\"\" data-start-field=\"\" data-end-field=\"\" data-start-offset=\"\" data-end-offset=\"\" data-disable-date=\"\" data-disable-range=\"\" \/><\/div>\n<\/div>\n<\/div>\n<\/div>\n<div class=\"forminator-row\">\n<div id=\"date-2\" class=\"forminator-field-date forminator-col forminator-col-12\">\n<div class=\"forminator-field\"><label for=\"forminator-field-date-2-picker_6a033d03e226c\" id=\"forminator-field-date-2-picker_6a033d03e226c-label\" class=\"forminator-label\">Nomas perioda beigas <span class=\"forminator-required\">*<\/span><\/label><\/p>\n<div class=\"forminator-input-with-icon\"><span class=\"forminator-icon-calendar\" aria-hidden=\"true\"><\/span><input autocomplete=\"off\" type=\"text\" size=\"1\" name=\"date-2\" value=\"12-05-2026\" placeholder=\"Datums\" id=\"forminator-field-date-2-picker_6a033d03e226c\" class=\"forminator-input forminator-datepicker\" data-required=\"1\" data-format=\"dd-mm-yy\" data-restrict-type=\"\" data-restrict=\"\" data-start-year=\"1926\" data-end-year=\"2126\" data-past-dates=\"enable\" data-start-of-week=\"1\" data-start-date=\"\" data-end-date=\"\" data-start-field=\"date-1\" data-end-field=\"\" data-start-offset=\"+_1_days\" data-end-offset=\"\" data-disable-date=\"\" data-disable-range=\"\" \/><\/div>\n<\/div>\n<\/div>\n<\/div>\n<p><input type=\"hidden\" name=\"referer_url\" value=\"\" \/><\/p>\n<div class=\"forminator-row forminator-row-last\">\n<div class=\"forminator-col\">\n<div class=\"forminator-field\"><button class=\"forminator-button forminator-button-submit\">Nos\u016bt\u012bt pieteikumu<\/button><\/div>\n<\/div>\n<\/div>\n<p><input type=\"hidden\" id=\"forminator_nonce\" name=\"forminator_nonce\" value=\"f4d77588b1\" \/><input type=\"hidden\" name=\"_wp_http_referer\" value=\"\/en\/wp-json\/wp\/v2\/product\/19846\" \/><input type=\"hidden\" name=\"form_id\" value=\"21213\"><input type=\"hidden\" name=\"page_id\" value=\"19846\"><input type=\"hidden\" name=\"form_type\" value=\"default\"><input type=\"hidden\" name=\"current_url\" value=\"https:\/\/minicampers.lv\/en\/Veikals\/noma\/minicampers-noma\/\"><input type=\"hidden\" name=\"render_id\" value=\"0\"><input type=\"hidden\" name=\"action\" value=\"forminator_submit_form_custom-forms\"><label for=\"input_6\" class=\"forminator-hidden\" aria-hidden=\"true\">Please do not fill in this field. <input id=\"input_6\" type=\"text\" name=\"input_6\" value=\"\" autocomplete=\"off\"><\/label><input type=\"hidden\" name=\"trp-form-language\" value=\"en\"\/><\/form>","protected":false},"featured_media":20090,"comment_status":"open","ping_status":"closed","template":"","meta":{"om_disable_all_campaigns":false,"_monsterinsights_skip_tracking":false,"_monsterinsights_sitenote_active":false,"_monsterinsights_sitenote_note":"","_monsterinsights_sitenote_category":0},"product_brand":[],"product_cat":[140],"product_tag":[],"class_list":{"0":"post-19846","1":"product","2":"type-product","3":"status-publish","4":"has-post-thumbnail","6":"product_cat-noma","8":"first","9":"instock","10":"shipping-taxable","11":"product-type-simple"},"aioseo_notices":[],"_links":{"self":[{"href":"https:\/\/minicampers.lv\/en\/wp-json\/wp\/v2\/product\/19846","targetHints":{"allow":["GET"]}}],"collection":[{"href":"https:\/\/minicampers.lv\/en\/wp-json\/wp\/v2\/product"}],"about":[{"href":"https:\/\/minicampers.lv\/en\/wp-json\/wp\/v2\/types\/product"}],"replies":[{"embeddable":true,"href":"https:\/\/minicampers.lv\/en\/wp-json\/wp\/v2\/comments?post=19846"}],"version-history":[{"count":9,"href":"https:\/\/minicampers.lv\/en\/wp-json\/wp\/v2\/product\/19846\/revisions"}],"predecessor-version":[{"id":21573,"href":"https:\/\/minicampers.lv\/en\/wp-json\/wp\/v2\/product\/19846\/revisions\/21573"}],"wp:featuredmedia":[{"embeddable":true,"href":"https:\/\/minicampers.lv\/en\/wp-json\/wp\/v2\/media\/20090"}],"wp:attachment":[{"href":"https:\/\/minicampers.lv\/en\/wp-json\/wp\/v2\/media?parent=19846"}],"wp:term":[{"taxonomy":"product_brand","embeddable":true,"href":"https:\/\/minicampers.lv\/en\/wp-json\/wp\/v2\/product_brand?post=19846"},{"taxonomy":"product_cat","embeddable":true,"href":"https:\/\/minicampers.lv\/en\/wp-json\/wp\/v2\/product_cat?post=19846"},{"taxonomy":"product_tag","embeddable":true,"href":"https:\/\/minicampers.lv\/en\/wp-json\/wp\/v2\/product_tag?post=19846"}],"curies":[{"name":"wp","href":"https:\/\/api.w.org\/{rel}","templated":true}]}}