{"id":19810,"date":"2023-05-14T07:14:16","date_gmt":"2023-05-14T04:14:16","guid":{"rendered":"https:\/\/minicampers.lv\/?post_type=product&#038;p=19810"},"modified":"2026-03-17T21:06:04","modified_gmt":"2026-03-17T19:06:04","slug":"vickywood-small-willlow-140-jumta-telts-noma","status":"publish","type":"product","link":"https:\/\/minicampers.lv\/en\/Veikals\/noma\/vickywood-small-willlow-140-jumta-telts-noma\/","title":{"rendered":"SMALL WILLLOW 140 NOMA"},"content":{"rendered":"","protected":false},"excerpt":{"rendered":"<p data-start=\"207\" data-end=\"248\"><strong data-start=\"207\" data-end=\"248\">Soft shell jumta telts<\/strong><\/p>\n<p data-start=\"250\" data-end=\"421\">Praktiska un \u0113rta auto jumta telts.<\/p>\n<p data-start=\"423\" data-end=\"447\"><strong data-start=\"425\" data-end=\"447\">Galven\u0101s \u012bpa\u0161\u012bbas:<\/strong><\/p>\n<ul data-start=\"448\" data-end=\"599\">\n<li data-section-id=\"nqs9au\" data-start=\"448\" data-end=\"477\">Piem\u0113rota l\u012bdz 2-3 person\u0101m<\/li>\n<li data-section-id=\"1tzt6ej\" data-start=\"515\" data-end=\"549\">\u0100tra uzst\u0101d\u012b\u0161ana un saloc\u012b\u0161ana<\/li>\n<li data-section-id=\"1oggdlg\" data-start=\"550\" data-end=\"599\">Iztur\u012bga konstrukcija da\u017e\u0101diem laikapst\u0101k\u013ciem<\/li>\n<\/ul>\n<p data-start=\"601\" data-end=\"615\"><strong data-start=\"604\" data-end=\"615\">Size:<\/strong><\/p>\n<ul data-start=\"616\" data-end=\"667\">\n<li data-section-id=\"1qxykec\" data-start=\"616\" data-end=\"667\">Gu\u013camzona: ~140 x 240 x 115 cm (maks. augstums)<\/li>\n<\/ul>\n<p data-start=\"669\" data-end=\"682\"><strong data-start=\"672\" data-end=\"682\">Svars:<\/strong><\/p>\n<ul data-start=\"683\" data-end=\"693\">\n<li data-section-id=\"11javp4\" data-start=\"683\" data-end=\"693\">~62kg<\/li>\n<\/ul>\n<h3 data-section-id=\"g2lt2b\" data-start=\"425\" data-end=\"450\">Maksim\u0101ls komforts<\/h3>\n<ul data-start=\"637\" data-end=\"788\">\n<li data-section-id=\"1xsp60a\" data-start=\"451\" data-end=\"512\">6 cm <strong data-start=\"458\" data-end=\"482\">memory foam matracis<\/strong> ar \u016bdeni atgr\u016bdo\u0161u p\u0101rvalku<\/li>\n<li data-section-id=\"1xsp60a\" data-start=\"451\" data-end=\"512\">LED apgaismojumi ar USB<\/li>\n<li data-section-id=\"16jmatc\" data-start=\"736\" data-end=\"788\">2 lielas <strong data-start=\"747\" data-end=\"775\">apavu glab\u0101\u0161anas kabatas<\/strong> pie ieejas<\/li>\n<li data-section-id=\"mvvagg\" data-start=\"828\" data-end=\"876\">Smalka sieta <strong data-start=\"843\" data-end=\"874\">mosk\u012btu t\u012bkli vis\u0101m atver\u0113m<\/strong><\/li>\n<li data-section-id=\"3fier7\" data-start=\"877\" data-end=\"927\">P\u0101rsegta ieeja aizsardz\u012bbai pret lietu un v\u0113ju<\/li>\n<\/ul>\n<h2 data-section-id=\"1ytatew\" data-start=\"1056\" data-end=\"1075\">Komplekt\u0101cija<\/h2>\n<ul data-start=\"1076\" data-end=\"1180\">\n<li data-section-id=\"1550pni\" data-start=\"1076\" data-end=\"1126\">No\u0146emamas melna alum\u012bnija teleskopisk\u0101s k\u0101pnes<\/li>\n<li data-section-id=\"f43x2e\" data-start=\"1127\" data-end=\"1180\">Garums: l\u012bdz 230 cm<\/li>\n<\/ul>\n<hr data-start=\"1274\" data-end=\"1277\" \/>\n<p data-start=\"1279\" data-end=\"1364\">Ide\u0101li piem\u0113rota gan \u012bsiem weekend izbraucieniem, gan ilg\u0101kiem ce\u013cojumiem ar auto.<\/p>\n<p data-start=\"932\" data-end=\"1005\">Ce\u013cot\u0101jiem, kas v\u0113las apvienot komfortu ar br\u012bv\u012bbu dab\u0101.<\/p>\n<h4 data-start=\"932\" data-end=\"1005\">Rezerv\u0113 savu piedz\u012bvojumu jau tagad!<br \/>\n+371 29930473 (zvani vai raksti)<\/h4>\n<p>Noma &#8211; 1diena &#8211; 5diena = 150 EUR, 5diena &#8211; 1diena = 200 EUR, Ned\u0113\u013ca = 300 EUR<\/p>\n<p>&nbsp;<\/p>\n<div class=\"forminator-ui forminator-custom-form forminator-custom-form-21213 forminator-design--default  forminator_ajax\" data-forminator-render=\"0\" data-form=\"forminator-module-21213\" data-uid=\"6a033d1719d9a\"><\/div>\n<form\n\t\t\t\tid=\"forminator-module-21213\"\n\t\t\t\tclass=\"forminator-ui forminator-custom-form forminator-custom-form-21213 forminator-design--default  forminator_ajax\"\n\t\t\t\tmethod=\"post\"\n\t\t\t\tdata-forminator-render=\"0\"\n\t\t\t\tdata-form-id=\"21213\"\n\t\t\t\t\n\t\t\t\tdata-design=\"default\"\n\t\t\t\t\n\t\t\t\t\n\t\t\t\t\n\t\t\t\tdata-grid=\"open\"\n\t\t\t\t\n\t\t\t\t\n\t\t\t\tstyle=\"display: none;\"\n\t\t\t\t\n\t\t\t\tdata-uid=\"6a033d1719d9a\" action=\"\"\n\t\t\t><\/p>\n<div role=\"alert\" aria-live=\"polite\" class=\"forminator-response-message forminator-error\" aria-hidden=\"true\"><\/div>\n<div class=\"forminator-row\">\n<div id=\"text-1\" class=\"forminator-field-text forminator-col forminator-col-12\">\n<div class=\"forminator-field\"><label for=\"forminator-field-text-1_6a033d1719d9a\" id=\"forminator-field-text-1_6a033d1719d9a-label\" class=\"forminator-label\">J\u016bsu v\u0101rds <span class=\"forminator-required\">*<\/span><\/label><input type=\"text\" name=\"text-1\" value=\"\" placeholder=\"\" id=\"forminator-field-text-1_6a033d1719d9a\" class=\"forminator-input forminator-name--field\" data-required=\"1\" \/><\/div>\n<\/div>\n<\/div>\n<div class=\"forminator-row\">\n<div id=\"phone-1\" class=\"forminator-field-phone forminator-col forminator-col-12\">\n<div class=\"forminator-field\"><label for=\"forminator-field-phone-1_6a033d1719d9a\" id=\"forminator-field-phone-1_6a033d1719d9a-label\" class=\"forminator-label\">Telefona numurs <span class=\"forminator-required\">*<\/span><\/label><input type=\"text\" name=\"phone-1\" value=\"\" placeholder=\"\" id=\"forminator-field-phone-1_6a033d1719d9a\" class=\"forminator-input forminator-field--phone\" data-required=\"1\" aria-required=\"true\" autocomplete=\"off\" data-national_mode=\"disabled\" data-country=\"lv\" data-validation=\"international\" \/><\/div>\n<\/div>\n<\/div>\n<div class=\"forminator-row\">\n<div id=\"email-1\" class=\"forminator-field-email forminator-col forminator-col-12\">\n<div class=\"forminator-field\"><label for=\"forminator-field-email-1_6a033d1719d9a\" id=\"forminator-field-email-1_6a033d1719d9a-label\" class=\"forminator-label\">J\u016bsu e-pasta adrese <span class=\"forminator-required\">*<\/span><\/label><input type=\"email\" name=\"email-1\" value=\"\" placeholder=\"\" id=\"forminator-field-email-1_6a033d1719d9a\" class=\"forminator-input forminator-email--field\" data-required=\"1\" aria-required=\"true\" \/><\/div>\n<\/div>\n<\/div>\n<div class=\"forminator-row\">\n<div id=\"date-1\" class=\"forminator-field-date forminator-col forminator-col-12\">\n<div class=\"forminator-field\"><label for=\"forminator-field-date-1-picker_6a033d1719d9a\" id=\"forminator-field-date-1-picker_6a033d1719d9a-label\" class=\"forminator-label\">Nomas perioda s\u0101kums <span class=\"forminator-required\">*<\/span><\/label><\/p>\n<div class=\"forminator-input-with-icon\"><span class=\"forminator-icon-calendar\" aria-hidden=\"true\"><\/span><input autocomplete=\"off\" type=\"text\" size=\"1\" name=\"date-1\" value=\"12-05-2026\" placeholder=\"Datums\" id=\"forminator-field-date-1-picker_6a033d1719d9a\" class=\"forminator-input forminator-datepicker\" data-required=\"1\" data-format=\"dd-mm-yy\" data-restrict-type=\"\" data-restrict=\"\" data-start-year=\"2026\" data-end-year=\"2126\" data-past-dates=\"enable\" data-start-of-week=\"1\" data-start-date=\"2026-05-12\" data-end-date=\"\" data-start-field=\"\" data-end-field=\"\" data-start-offset=\"\" data-end-offset=\"\" data-disable-date=\"\" data-disable-range=\"\" \/><\/div>\n<\/div>\n<\/div>\n<\/div>\n<div class=\"forminator-row\">\n<div id=\"date-2\" class=\"forminator-field-date forminator-col forminator-col-12\">\n<div class=\"forminator-field\"><label for=\"forminator-field-date-2-picker_6a033d1719d9a\" id=\"forminator-field-date-2-picker_6a033d1719d9a-label\" class=\"forminator-label\">Nomas perioda beigas <span class=\"forminator-required\">*<\/span><\/label><\/p>\n<div class=\"forminator-input-with-icon\"><span class=\"forminator-icon-calendar\" aria-hidden=\"true\"><\/span><input autocomplete=\"off\" type=\"text\" size=\"1\" name=\"date-2\" value=\"12-05-2026\" placeholder=\"Datums\" id=\"forminator-field-date-2-picker_6a033d1719d9a\" class=\"forminator-input forminator-datepicker\" data-required=\"1\" data-format=\"dd-mm-yy\" data-restrict-type=\"\" data-restrict=\"\" data-start-year=\"1926\" data-end-year=\"2126\" data-past-dates=\"enable\" data-start-of-week=\"1\" data-start-date=\"\" data-end-date=\"\" data-start-field=\"date-1\" data-end-field=\"\" data-start-offset=\"+_1_days\" data-end-offset=\"\" data-disable-date=\"\" data-disable-range=\"\" \/><\/div>\n<\/div>\n<\/div>\n<\/div>\n<p><input type=\"hidden\" name=\"referer_url\" value=\"\" \/><\/p>\n<div class=\"forminator-row forminator-row-last\">\n<div class=\"forminator-col\">\n<div class=\"forminator-field\"><button class=\"forminator-button forminator-button-submit\">Nos\u016bt\u012bt pieteikumu<\/button><\/div>\n<\/div>\n<\/div>\n<p><input type=\"hidden\" id=\"forminator_nonce\" name=\"forminator_nonce\" value=\"f4d77588b1\" \/><input type=\"hidden\" name=\"_wp_http_referer\" value=\"\/en\/wp-json\/wp\/v2\/product\/19810\" \/><input type=\"hidden\" name=\"form_id\" value=\"21213\"><input type=\"hidden\" name=\"page_id\" value=\"19810\"><input type=\"hidden\" name=\"form_type\" value=\"default\"><input type=\"hidden\" name=\"current_url\" value=\"https:\/\/minicampers.lv\/en\/Veikals\/noma\/vickywood-small-willlow-140-jumta-telts-noma\/\"><input type=\"hidden\" name=\"render_id\" value=\"0\"><input type=\"hidden\" name=\"action\" value=\"forminator_submit_form_custom-forms\"><label for=\"input_6\" class=\"forminator-hidden\" aria-hidden=\"true\">Please do not fill in this field. <input id=\"input_6\" type=\"text\" name=\"input_6\" value=\"\" autocomplete=\"off\"><\/label><input type=\"hidden\" name=\"trp-form-language\" value=\"en\"\/><\/form>","protected":false},"featured_media":19811,"comment_status":"open","ping_status":"closed","template":"","meta":{"om_disable_all_campaigns":false,"_monsterinsights_skip_tracking":false,"_monsterinsights_sitenote_active":false,"_monsterinsights_sitenote_note":"","_monsterinsights_sitenote_category":0},"product_brand":[],"product_cat":[140],"product_tag":[],"class_list":{"0":"post-19810","1":"product","2":"type-product","3":"status-publish","4":"has-post-thumbnail","6":"product_cat-noma","8":"first","9":"instock","10":"shipping-taxable","11":"product-type-simple"},"aioseo_notices":[],"_links":{"self":[{"href":"https:\/\/minicampers.lv\/en\/wp-json\/wp\/v2\/product\/19810","targetHints":{"allow":["GET"]}}],"collection":[{"href":"https:\/\/minicampers.lv\/en\/wp-json\/wp\/v2\/product"}],"about":[{"href":"https:\/\/minicampers.lv\/en\/wp-json\/wp\/v2\/types\/product"}],"replies":[{"embeddable":true,"href":"https:\/\/minicampers.lv\/en\/wp-json\/wp\/v2\/comments?post=19810"}],"version-history":[{"count":10,"href":"https:\/\/minicampers.lv\/en\/wp-json\/wp\/v2\/product\/19810\/revisions"}],"predecessor-version":[{"id":21567,"href":"https:\/\/minicampers.lv\/en\/wp-json\/wp\/v2\/product\/19810\/revisions\/21567"}],"wp:featuredmedia":[{"embeddable":true,"href":"https:\/\/minicampers.lv\/en\/wp-json\/wp\/v2\/media\/19811"}],"wp:attachment":[{"href":"https:\/\/minicampers.lv\/en\/wp-json\/wp\/v2\/media?parent=19810"}],"wp:term":[{"taxonomy":"product_brand","embeddable":true,"href":"https:\/\/minicampers.lv\/en\/wp-json\/wp\/v2\/product_brand?post=19810"},{"taxonomy":"product_cat","embeddable":true,"href":"https:\/\/minicampers.lv\/en\/wp-json\/wp\/v2\/product_cat?post=19810"},{"taxonomy":"product_tag","embeddable":true,"href":"https:\/\/minicampers.lv\/en\/wp-json\/wp\/v2\/product_tag?post=19810"}],"curies":[{"name":"wp","href":"https:\/\/api.w.org\/{rel}","templated":true}]}}