{"id":19791,"date":"2023-05-13T22:27:10","date_gmt":"2023-05-13T19:27:10","guid":{"rendered":"https:\/\/minicampers.lv\/?post_type=product&#038;p=19791"},"modified":"2025-07-29T12:15:35","modified_gmt":"2025-07-29T09:15:35","slug":"vickywood-transporta-kaste-50l","status":"publish","type":"product","link":"https:\/\/minicampers.lv\/en\/Veikals\/bez-kategorijas\/vickywood-transporta-kaste-50l\/","title":{"rendered":"VICKYWOOD TRANSPORTA KASTE 50L"},"content":{"rendered":"<p>\u0100r\u0113jie izm\u0113ri: 52 x 32 x 20 cm<br \/>\nIek\u0161\u0113jie izm\u0113ri: 46 x 26 x 17 cm<\/p>","protected":false},"excerpt":{"rendered":"<p>M\u016bsu praktisk\u0101s transport\u0113\u0161anas kastes, kas izgatavotas no iztur\u012bga alum\u012bnija, ir pieejamas tr\u012bs da\u017e\u0101dos izm\u0113ros: 28L, 50L un 80L<\/p>\n<ul>\n<li>Ar putu gumijas bl\u012bv\u0113jumu<\/li>\n<li>S\u0101nu rokturi<\/li>\n<li>Saliekamas viena uz otras<\/li>\n<li>Kr\u0101sa: melna<\/li>\n<li>Izgatavota no iztur\u012bga alum\u012bnija<\/li>\n<li>Spiedoga aizdare<\/li>\n<li>Ar sl\u0113dzeni<\/li>\n<\/ul>","protected":false},"featured_media":19783,"comment_status":"open","ping_status":"closed","template":"","meta":{"om_disable_all_campaigns":false,"_monsterinsights_skip_tracking":false,"_monsterinsights_sitenote_active":false,"_monsterinsights_sitenote_note":"","_monsterinsights_sitenote_category":0},"product_brand":[],"product_cat":[21,144],"product_tag":[],"class_list":{"0":"post-19791","1":"product","2":"type-product","3":"status-publish","4":"has-post-thumbnail","6":"product_cat-bez-kategorijas","7":"product_cat-piederumi","9":"first","10":"onbackorder","11":"sale","12":"shipping-taxable","13":"purchasable","14":"product-type-simple"},"aioseo_notices":[],"_links":{"self":[{"href":"https:\/\/minicampers.lv\/en\/wp-json\/wp\/v2\/product\/19791","targetHints":{"allow":["GET"]}}],"collection":[{"href":"https:\/\/minicampers.lv\/en\/wp-json\/wp\/v2\/product"}],"about":[{"href":"https:\/\/minicampers.lv\/en\/wp-json\/wp\/v2\/types\/product"}],"replies":[{"embeddable":true,"href":"https:\/\/minicampers.lv\/en\/wp-json\/wp\/v2\/comments?post=19791"}],"version-history":[{"count":2,"href":"https:\/\/minicampers.lv\/en\/wp-json\/wp\/v2\/product\/19791\/revisions"}],"predecessor-version":[{"id":19793,"href":"https:\/\/minicampers.lv\/en\/wp-json\/wp\/v2\/product\/19791\/revisions\/19793"}],"wp:featuredmedia":[{"embeddable":true,"href":"https:\/\/minicampers.lv\/en\/wp-json\/wp\/v2\/media\/19783"}],"wp:attachment":[{"href":"https:\/\/minicampers.lv\/en\/wp-json\/wp\/v2\/media?parent=19791"}],"wp:term":[{"taxonomy":"product_brand","embeddable":true,"href":"https:\/\/minicampers.lv\/en\/wp-json\/wp\/v2\/product_brand?post=19791"},{"taxonomy":"product_cat","embeddable":true,"href":"https:\/\/minicampers.lv\/en\/wp-json\/wp\/v2\/product_cat?post=19791"},{"taxonomy":"product_tag","embeddable":true,"href":"https:\/\/minicampers.lv\/en\/wp-json\/wp\/v2\/product_tag?post=19791"}],"curies":[{"name":"wp","href":"https:\/\/api.w.org\/{rel}","templated":true}]}}