{"id":19757,"date":"2023-05-13T21:32:53","date_gmt":"2023-05-13T18:32:53","guid":{"rendered":"https:\/\/minicampers.lv\/?post_type=product&#038;p=19757"},"modified":"2024-04-05T07:02:36","modified_gmt":"2024-04-05T04:02:36","slug":"vickywood-bamboo-kempinga-galds","status":"publish","type":"product","link":"https:\/\/minicampers.lv\/en\/Veikals\/bez-kategorijas\/vickywood-bamboo-kempinga-galds\/","title":{"rendered":"VICKYWOOD BAMBOO camping table"},"content":{"rendered":"<p>Praktisks, ar regul\u0113jamu augstumu bambusa t\u016brisma galds ar alum\u012bnija r\u0101mi 2-4 person\u0101m. Pateicoties mazajam iepakojuma izm\u0113ram, ieskaitot p\u0101rn\u0113s\u0101\u0161anas rokturi un p\u0101rn\u0113s\u0101\u0161anas somu, galdu var elast\u012bgi pa\u0146emt l\u012bdzi jebkur.<\/p>\n<p>Ide\u0101ls kompanjons &#8211; gan gril\u0113\u0161anai pie ezera, gan br\u012bvdien\u0101m kemping\u0101, gan m\u0101j\u0101s d\u0101rz\u0101!<\/p>","protected":false},"excerpt":{"rendered":"<ul>\n<li>Bamboo table top, aluminum frame<\/li>\n<li>Table legs with adjustable height: 50-57-70cm incl.<\/li>\n<li>Foldable for small pack size<\/li>\n<li>Convenient carrying, storage bag<br \/>\nSize:<\/li>\n<\/ul>\n<p>Assembled: 110 x 60 x 50\/57\/70 cm (length x width x height)<br \/>\nPackage size: 110 x 30 x 8 cm (L x W x D)<\/p>\n<p>Load capacity 30kg max.<\/p>","protected":false},"featured_media":19758,"comment_status":"open","ping_status":"closed","template":"","meta":{"om_disable_all_campaigns":false,"_monsterinsights_skip_tracking":false,"_monsterinsights_sitenote_active":false,"_monsterinsights_sitenote_note":"","_monsterinsights_sitenote_category":0},"product_brand":[],"product_cat":[21,144],"product_tag":[],"class_list":{"0":"post-19757","1":"product","2":"type-product","3":"status-publish","4":"has-post-thumbnail","6":"product_cat-bez-kategorijas","7":"product_cat-piederumi","9":"first","10":"instock","11":"shipping-taxable","12":"purchasable","13":"product-type-simple"},"aioseo_notices":[],"_links":{"self":[{"href":"https:\/\/minicampers.lv\/en\/wp-json\/wp\/v2\/product\/19757","targetHints":{"allow":["GET"]}}],"collection":[{"href":"https:\/\/minicampers.lv\/en\/wp-json\/wp\/v2\/product"}],"about":[{"href":"https:\/\/minicampers.lv\/en\/wp-json\/wp\/v2\/types\/product"}],"replies":[{"embeddable":true,"href":"https:\/\/minicampers.lv\/en\/wp-json\/wp\/v2\/comments?post=19757"}],"version-history":[{"count":1,"href":"https:\/\/minicampers.lv\/en\/wp-json\/wp\/v2\/product\/19757\/revisions"}],"predecessor-version":[{"id":19766,"href":"https:\/\/minicampers.lv\/en\/wp-json\/wp\/v2\/product\/19757\/revisions\/19766"}],"wp:featuredmedia":[{"embeddable":true,"href":"https:\/\/minicampers.lv\/en\/wp-json\/wp\/v2\/media\/19758"}],"wp:attachment":[{"href":"https:\/\/minicampers.lv\/en\/wp-json\/wp\/v2\/media?parent=19757"}],"wp:term":[{"taxonomy":"product_brand","embeddable":true,"href":"https:\/\/minicampers.lv\/en\/wp-json\/wp\/v2\/product_brand?post=19757"},{"taxonomy":"product_cat","embeddable":true,"href":"https:\/\/minicampers.lv\/en\/wp-json\/wp\/v2\/product_cat?post=19757"},{"taxonomy":"product_tag","embeddable":true,"href":"https:\/\/minicampers.lv\/en\/wp-json\/wp\/v2\/product_tag?post=19757"}],"curies":[{"name":"wp","href":"https:\/\/api.w.org\/{rel}","templated":true}]}}