{"id":19756,"date":"2023-05-13T06:49:56","date_gmt":"2023-05-13T03:49:56","guid":{"rendered":"https:\/\/minicampers.lv\/?post_type=product&#038;p=19756"},"modified":"2024-04-05T07:02:46","modified_gmt":"2024-04-05T04:02:46","slug":"vickywood-ultralight-black-kempinga-galds","status":"publish","type":"product","link":"https:\/\/minicampers.lv\/en\/Veikals\/bez-kategorijas\/vickywood-ultralight-black-kempinga-galds\/","title":{"rendered":"VICKYWOOD ULTRALIGHT BLACK kempinga galds"},"content":{"rendered":"<p>Praktisks, ar regul\u0113jamu augstumu, salok\u0101ms alum\u012bnija t\u016brisma galds 1-2 person\u0101m elegant\u0101 meln\u0101 izskat\u0101.<\/p>\n<p>Pateicoties mazajam iepakojuma izm\u0113ram, ieskaitot p\u0101rn\u0113s\u0101\u0161anas rokturi un p\u0101rn\u0113s\u0101\u0161anas somu, galdu var elast\u012bgi pa\u0146emt l\u012bdzi jebkur.<\/p>\n<p>Ide\u0101ls kompanjons &#8211; gan gril\u0113\u0161anai pie ezera, gan br\u012bvdien\u0101m kemping\u0101, gan m\u0101j\u0101s d\u0101rz\u0101!<\/p>","protected":false},"excerpt":{"rendered":"<ul>\n<li>Galda virsma un r\u0101mis izgatavoti no augstas kvalit\u0101tes alum\u012bnija<\/li>\n<li>Galda k\u0101jas ar regul\u0113jamu augstumu: 41,5-60cm<\/li>\n<li>Foldable for small pack size<\/li>\n<li>Soma ar rokturi \u0113rtai p\u0101rn\u0113s\u0101\u0161anai un uzglab\u0101\u0161anai<\/li>\n<\/ul>","protected":false},"featured_media":19769,"comment_status":"open","ping_status":"closed","template":"","meta":{"om_disable_all_campaigns":false,"_monsterinsights_skip_tracking":false,"_monsterinsights_sitenote_active":false,"_monsterinsights_sitenote_note":"","_monsterinsights_sitenote_category":0},"product_brand":[],"product_cat":[21,144],"product_tag":[],"class_list":{"0":"post-19756","1":"product","2":"type-product","3":"status-publish","4":"has-post-thumbnail","6":"product_cat-bez-kategorijas","7":"product_cat-piederumi","9":"first","10":"instock","11":"shipping-taxable","12":"purchasable","13":"product-type-simple"},"aioseo_notices":[],"_links":{"self":[{"href":"https:\/\/minicampers.lv\/en\/wp-json\/wp\/v2\/product\/19756","targetHints":{"allow":["GET"]}}],"collection":[{"href":"https:\/\/minicampers.lv\/en\/wp-json\/wp\/v2\/product"}],"about":[{"href":"https:\/\/minicampers.lv\/en\/wp-json\/wp\/v2\/types\/product"}],"replies":[{"embeddable":true,"href":"https:\/\/minicampers.lv\/en\/wp-json\/wp\/v2\/comments?post=19756"}],"version-history":[{"count":2,"href":"https:\/\/minicampers.lv\/en\/wp-json\/wp\/v2\/product\/19756\/revisions"}],"predecessor-version":[{"id":19781,"href":"https:\/\/minicampers.lv\/en\/wp-json\/wp\/v2\/product\/19756\/revisions\/19781"}],"wp:featuredmedia":[{"embeddable":true,"href":"https:\/\/minicampers.lv\/en\/wp-json\/wp\/v2\/media\/19769"}],"wp:attachment":[{"href":"https:\/\/minicampers.lv\/en\/wp-json\/wp\/v2\/media?parent=19756"}],"wp:term":[{"taxonomy":"product_brand","embeddable":true,"href":"https:\/\/minicampers.lv\/en\/wp-json\/wp\/v2\/product_brand?post=19756"},{"taxonomy":"product_cat","embeddable":true,"href":"https:\/\/minicampers.lv\/en\/wp-json\/wp\/v2\/product_cat?post=19756"},{"taxonomy":"product_tag","embeddable":true,"href":"https:\/\/minicampers.lv\/en\/wp-json\/wp\/v2\/product_tag?post=19756"}],"curies":[{"name":"wp","href":"https:\/\/api.w.org\/{rel}","templated":true}]}}