{"id":19740,"date":"2023-05-12T22:48:43","date_gmt":"2023-05-12T19:48:43","guid":{"rendered":"https:\/\/minicampers.lv\/?post_type=product&#038;p=19740"},"modified":"2024-04-05T07:02:55","modified_gmt":"2024-04-05T04:02:55","slug":"vickywood-lightweight-kempinga-galds","status":"publish","type":"product","link":"https:\/\/minicampers.lv\/en\/Veikals\/bez-kategorijas\/vickywood-lightweight-kempinga-galds\/","title":{"rendered":"VICKYWOOD Lightweight kempinga galds"},"content":{"rendered":"<p>Kravnes\u012bba l\u012bdz 10 kg<br \/>\nSvars tikai 1kg<br \/>\nSuper \u0101tra mont\u0101\u017ea un demont\u0101\u017ea<br \/>\nMazs iepakojuma izm\u0113rs<br \/>\nNodilumiztur\u012bgs materi\u0101ls<br \/>\nIetver praktisku p\u0101rn\u0113s\u0101\u0161anas somu<\/p>","protected":false},"excerpt":{"rendered":"<p>Saliekams t\u016brisma galds ar cietu virsmu un iztur\u012bgu materi\u0101lu &#8211; \u012bpa\u0161i viegls un \u0101tri uzst\u0101d\u0101ms!<\/p>","protected":false},"featured_media":19741,"comment_status":"open","ping_status":"closed","template":"","meta":{"om_disable_all_campaigns":false,"_monsterinsights_skip_tracking":false,"_monsterinsights_sitenote_active":false,"_monsterinsights_sitenote_note":"","_monsterinsights_sitenote_category":0},"product_brand":[],"product_cat":[21,144],"product_tag":[],"class_list":{"0":"post-19740","1":"product","2":"type-product","3":"status-publish","4":"has-post-thumbnail","6":"product_cat-bez-kategorijas","7":"product_cat-piederumi","9":"first","10":"instock","11":"shipping-taxable","12":"purchasable","13":"product-type-simple"},"aioseo_notices":[],"_links":{"self":[{"href":"https:\/\/minicampers.lv\/en\/wp-json\/wp\/v2\/product\/19740","targetHints":{"allow":["GET"]}}],"collection":[{"href":"https:\/\/minicampers.lv\/en\/wp-json\/wp\/v2\/product"}],"about":[{"href":"https:\/\/minicampers.lv\/en\/wp-json\/wp\/v2\/types\/product"}],"replies":[{"embeddable":true,"href":"https:\/\/minicampers.lv\/en\/wp-json\/wp\/v2\/comments?post=19740"}],"version-history":[{"count":2,"href":"https:\/\/minicampers.lv\/en\/wp-json\/wp\/v2\/product\/19740\/revisions"}],"predecessor-version":[{"id":19755,"href":"https:\/\/minicampers.lv\/en\/wp-json\/wp\/v2\/product\/19740\/revisions\/19755"}],"wp:featuredmedia":[{"embeddable":true,"href":"https:\/\/minicampers.lv\/en\/wp-json\/wp\/v2\/media\/19741"}],"wp:attachment":[{"href":"https:\/\/minicampers.lv\/en\/wp-json\/wp\/v2\/media?parent=19740"}],"wp:term":[{"taxonomy":"product_brand","embeddable":true,"href":"https:\/\/minicampers.lv\/en\/wp-json\/wp\/v2\/product_brand?post=19740"},{"taxonomy":"product_cat","embeddable":true,"href":"https:\/\/minicampers.lv\/en\/wp-json\/wp\/v2\/product_cat?post=19740"},{"taxonomy":"product_tag","embeddable":true,"href":"https:\/\/minicampers.lv\/en\/wp-json\/wp\/v2\/product_tag?post=19740"}],"curies":[{"name":"wp","href":"https:\/\/api.w.org\/{rel}","templated":true}]}}