{"id":19725,"date":"2023-05-12T21:35:32","date_gmt":"2023-05-12T18:35:32","guid":{"rendered":"https:\/\/minicampers.lv\/?post_type=product&#038;p=19725"},"modified":"2024-03-16T12:21:23","modified_gmt":"2024-03-16T10:21:23","slug":"vickywood-lightweight-kempinga-kresls","status":"publish","type":"product","link":"https:\/\/minicampers.lv\/en\/Veikals\/bez-kategorijas\/vickywood-lightweight-kempinga-kresls\/","title":{"rendered":"VICKYWOOD LIGHTWEIGHT 2.0 kempinga kr\u0113sls"},"content":{"rendered":"<p><span class=\"jCAhz ChMk0b\"><span class=\"ryNqvb\">Tehnisk\u0101s specifik\u0101cijas:<\/span><\/span><\/p>\n<p><span class=\"jCAhz ChMk0b\"><span class=\"ryNqvb\">&#8211; Materi\u0101ls: Audums: +900D poliesters, r\u0101mis: 7075 alum\u012bnijs<\/span><\/span><\/p>\n<p><span class=\"jCAhz ChMk0b\"><span class=\"ryNqvb\">&#8211; Kr\u0101sa: melna ar ol\u012bvza\u013c\u0101m deta\u013c\u0101m un VICKYWOOD logotipu<\/span><\/span><\/p>\n<p><span class=\"jCAhz ChMk0b\"><span class=\"ryNqvb\">&#8211; Izm\u0113ri (G x P x A): Samont\u0113ti: 38 x 28 x 65,5 cm<\/span><\/span><\/p>\n<p><span class=\"jCAhz ChMk0b\"><span class=\"ryNqvb\">&#8211; Iepakojuma izm\u0113ri: 41 x 13 x 13 cm<\/span><\/span><\/p>\n<p><span class=\"jCAhz ChMk0b\"><span class=\"ryNqvb\">&#8211; S\u0113dek\u013ca augstums: standarta<\/span><\/span><\/p>\n<p><span class=\"jCAhz ChMk0b\"><span class=\"ryNqvb\">&#8211; Svars: 1,10 kg<\/span><\/span><\/p>\n<p><span class=\"jCAhz ChMk0b\"><span class=\"ryNqvb\">&#8211; Maksim\u0101l\u0101 slodze: apm.<\/span><\/span> <span class=\"jCAhz ChMk0b\"><span class=\"ryNqvb\">125 kg<\/span><\/span><\/p>","protected":false},"excerpt":{"rendered":"<p><span class=\"jCAhz ChMk0b\"><span class=\"ryNqvb\">Funkcijas:<\/span><\/span><\/p>\n<p><span class=\"jCAhz ChMk0b\"><span class=\"ryNqvb\">&#8211; \u012apa\u0161i viegls: \u0161is kr\u0113sls sver tikai 1,10 kg, t\u0101p\u0113c tas ir pietiekami viegls, lai to \u0113rti n\u0113s\u0101tu jebkur.<\/span><\/span><\/p>\n<p><span class=\"jCAhz ChMk0b\"><span class=\"ryNqvb\">&#8211; \u0100tra iestat\u012b\u0161ana un iepako\u0161ana: Pateicoties t\u0101 gudrajam dizainam, kr\u0113sls tiek \u0101tri uzst\u0101d\u012bts un iepakots, \u013caujot jums piln\u012bb\u0101 izbaud\u012bt laiku \u0101rpus telp\u0101m.<\/span><\/span><\/p>\n<p><span class=\"jCAhz ChMk0b\"><span class=\"ryNqvb\">&#8211; Kompakts izm\u0113rs: kempinga kr\u0113sla izm\u0113ri ir tikai 41 x 13 x 13 cm, kad tas ir iesai\u0146ots, un tas viegli iek\u013caujas jebkur\u0101 mugursom\u0101 vai automa\u0161\u012bnas bag\u0101\u017eniek\u0101.<\/span><\/span><\/p>\n<p><span class=\"jCAhz ChMk0b\"><span class=\"ryNqvb\">&#8211; Nodilumiztur\u012bgs materi\u0101ls: izgatavots no augstas kvalit\u0101tes +900D poliestera auduma, \u0161is kr\u0113sls ir \u012bpa\u0161i iztur\u012bgs un ilgm\u016b\u017e\u012bgs.<\/span><\/span><\/p>\n<p><span class=\"jCAhz ChMk0b\"><span class=\"ryNqvb\">&#8211; Stabils atbalsts: iztur\u012bgais alum\u012bnija r\u0101mis nodro\u0161ina stabilu st\u0101ju, \u013caujot jums jebkur\u0101 laik\u0101 dro\u0161i un \u0113rti atg\u0101zties.<\/span><\/span><\/p>\n<p><span class=\"jCAhz ChMk0b\"><span class=\"ryNqvb\">&#8211; Ietver praktisku somu: \u0113rtai transport\u0113\u0161anai un uzglab\u0101\u0161anai, pieg\u0101des komplekt\u0101 ir iek\u013cauta praktiska soma.<\/span><\/span><\/p>","protected":false},"featured_media":20715,"comment_status":"open","ping_status":"closed","template":"","meta":{"om_disable_all_campaigns":false,"_monsterinsights_skip_tracking":false,"_monsterinsights_sitenote_active":false,"_monsterinsights_sitenote_note":"","_monsterinsights_sitenote_category":0},"product_brand":[],"product_cat":[21,144],"product_tag":[],"class_list":{"0":"post-19725","1":"product","2":"type-product","3":"status-publish","4":"has-post-thumbnail","6":"product_cat-bez-kategorijas","7":"product_cat-piederumi","8":"product_shipping_class-mazs","10":"first","11":"instock","12":"shipping-taxable","13":"purchasable","14":"product-type-simple"},"aioseo_notices":[],"_links":{"self":[{"href":"https:\/\/minicampers.lv\/en\/wp-json\/wp\/v2\/product\/19725","targetHints":{"allow":["GET"]}}],"collection":[{"href":"https:\/\/minicampers.lv\/en\/wp-json\/wp\/v2\/product"}],"about":[{"href":"https:\/\/minicampers.lv\/en\/wp-json\/wp\/v2\/types\/product"}],"replies":[{"embeddable":true,"href":"https:\/\/minicampers.lv\/en\/wp-json\/wp\/v2\/comments?post=19725"}],"version-history":[{"count":5,"href":"https:\/\/minicampers.lv\/en\/wp-json\/wp\/v2\/product\/19725\/revisions"}],"predecessor-version":[{"id":20732,"href":"https:\/\/minicampers.lv\/en\/wp-json\/wp\/v2\/product\/19725\/revisions\/20732"}],"wp:featuredmedia":[{"embeddable":true,"href":"https:\/\/minicampers.lv\/en\/wp-json\/wp\/v2\/media\/20715"}],"wp:attachment":[{"href":"https:\/\/minicampers.lv\/en\/wp-json\/wp\/v2\/media?parent=19725"}],"wp:term":[{"taxonomy":"product_brand","embeddable":true,"href":"https:\/\/minicampers.lv\/en\/wp-json\/wp\/v2\/product_brand?post=19725"},{"taxonomy":"product_cat","embeddable":true,"href":"https:\/\/minicampers.lv\/en\/wp-json\/wp\/v2\/product_cat?post=19725"},{"taxonomy":"product_tag","embeddable":true,"href":"https:\/\/minicampers.lv\/en\/wp-json\/wp\/v2\/product_tag?post=19725"}],"curies":[{"name":"wp","href":"https:\/\/api.w.org\/{rel}","templated":true}]}}