{"id":19714,"date":"2023-05-12T21:14:43","date_gmt":"2023-05-12T18:14:43","guid":{"rendered":"https:\/\/minicampers.lv\/?post_type=product&#038;p=19714"},"modified":"2024-04-05T07:03:02","modified_gmt":"2024-04-05T04:03:02","slug":"vickywood-kempinga-kresls","status":"publish","type":"product","link":"https:\/\/minicampers.lv\/en\/Veikals\/bez-kategorijas\/vickywood-kempinga-kresls\/","title":{"rendered":"VICKYWOOD PREMIUM camping chair"},"content":{"rendered":"<p>M\u016bsu saliekamais, \u0113rtais kempinga kr\u0113sls ir viegli saliekams un izjaucams tikai tr\u012bs so\u013cos.<br \/>\nIetver ieb\u016bv\u0113tas s\u0101nu kabatas viedt\u0101lru\u0146iem utt. Kr\u0113sls ir izgatavots no iztur\u012bga alum\u012bnija un mazg\u0101jama poliestera auduma, un tas ir iek\u013cauts praktisk\u0101 som\u0101 ar rokturi. \u0112rta uzglab\u0101\u0161ana un p\u0101rvieto\u0161ana.<\/p>\n<p>&nbsp;<\/p>","protected":false},"excerpt":{"rendered":"<p>Unfolded dimensions: 62 x 49 x 88 cm<br \/>\nDimensions when folded: 50 x 56 x 17 cm<br \/>\nSeat height: 45.5 cm<br \/>\nWeight: 4.9 kg<br \/>\nFabric: 1800D polyester fabric<br \/>\nFrame: Aluminum frame with powder coating<br \/>\nColor: black with sewn-on VICKYWOOD leather patch<br \/>\nLoad capacity: about 110 kg<\/p>","protected":false},"featured_media":19948,"comment_status":"open","ping_status":"closed","template":"","meta":{"om_disable_all_campaigns":false,"_monsterinsights_skip_tracking":false,"_monsterinsights_sitenote_active":false,"_monsterinsights_sitenote_note":"","_monsterinsights_sitenote_category":0},"product_brand":[],"product_cat":[21,144],"product_tag":[],"class_list":{"0":"post-19714","1":"product","2":"type-product","3":"status-publish","4":"has-post-thumbnail","6":"product_cat-bez-kategorijas","7":"product_cat-piederumi","9":"first","10":"instock","11":"shipping-taxable","12":"purchasable","13":"product-type-simple"},"aioseo_notices":[],"_links":{"self":[{"href":"https:\/\/minicampers.lv\/en\/wp-json\/wp\/v2\/product\/19714","targetHints":{"allow":["GET"]}}],"collection":[{"href":"https:\/\/minicampers.lv\/en\/wp-json\/wp\/v2\/product"}],"about":[{"href":"https:\/\/minicampers.lv\/en\/wp-json\/wp\/v2\/types\/product"}],"replies":[{"embeddable":true,"href":"https:\/\/minicampers.lv\/en\/wp-json\/wp\/v2\/comments?post=19714"}],"version-history":[{"count":3,"href":"https:\/\/minicampers.lv\/en\/wp-json\/wp\/v2\/product\/19714\/revisions"}],"predecessor-version":[{"id":19967,"href":"https:\/\/minicampers.lv\/en\/wp-json\/wp\/v2\/product\/19714\/revisions\/19967"}],"wp:featuredmedia":[{"embeddable":true,"href":"https:\/\/minicampers.lv\/en\/wp-json\/wp\/v2\/media\/19948"}],"wp:attachment":[{"href":"https:\/\/minicampers.lv\/en\/wp-json\/wp\/v2\/media?parent=19714"}],"wp:term":[{"taxonomy":"product_brand","embeddable":true,"href":"https:\/\/minicampers.lv\/en\/wp-json\/wp\/v2\/product_brand?post=19714"},{"taxonomy":"product_cat","embeddable":true,"href":"https:\/\/minicampers.lv\/en\/wp-json\/wp\/v2\/product_cat?post=19714"},{"taxonomy":"product_tag","embeddable":true,"href":"https:\/\/minicampers.lv\/en\/wp-json\/wp\/v2\/product_tag?post=19714"}],"curies":[{"name":"wp","href":"https:\/\/api.w.org\/{rel}","templated":true}]}}