{"id":19608,"date":"2023-05-11T09:03:47","date_gmt":"2023-05-11T06:03:47","guid":{"rendered":"https:\/\/minicampers.lv\/?post_type=product&#038;p=19608"},"modified":"2026-03-24T10:27:47","modified_gmt":"2026-03-24T08:27:47","slug":"little-bamboo-125-jumta-telts","status":"publish","type":"product","link":"https:\/\/minicampers.lv\/en\/Veikals\/bez-kategorijas\/little-bamboo-125-jumta-telts\/","title":{"rendered":"LITTLE BAMBOO 125 GEN. 2 coffee"},"content":{"rendered":"<p><iframe title=\"VICKYWOOD \u2013 Auf- &amp; Abbau LITTLE BAMBOO Gen.2\" width=\"500\" height=\"281\" src=\"https:\/\/www.youtube.com\/embed\/BlCfZrSn5Fs?feature=oembed&#038;enablejsapi=1&#038;origin=https:\/\/minicampers.lv\" frameborder=\"0\" allow=\"accelerometer; autoplay; clipboard-write; encrypted-media; gyroscope; picture-in-picture; web-share\" referrerpolicy=\"strict-origin-when-cross-origin\" allowfullscreen><\/iframe><\/p>\n<h3 data-section-id=\"1nte08j\" data-start=\"0\" data-end=\"58\"><a href=\"https:\/\/minicampers.lv\/wp-content\/uploads\/2023\/05\/Manual-VICKYWOOD-LITTLE-BAMBOO.pdf\">Manual-VICKYWOOD-LITTLE BAMBOO<\/a><\/h3>\n<p><a href=\"https:\/\/minicampers.lv\/wp-content\/uploads\/2023\/05\/WINCH-Industry_Safety_Sheet_Rooft-Tents_DE_EN.pdf\">WINCH-Industry_Safety_Sheet_Rooft-Tents_DE_EN<\/a><\/p>\n<h3 data-section-id=\"1nte08j\" data-start=\"0\" data-end=\"58\">Komforts un funkcijas \u2013 p\u0101rdom\u0101ts l\u012bdz p\u0113d\u0113jai deta\u013cai<\/h3>\n<p data-start=\"60\" data-end=\"232\">\u0160\u012b <strong data-start=\"63\" data-end=\"102\">izlok\u0101m\u0101 jumta telts div\u0101m person\u0101m<\/strong> p\u0101rsteidz ar pla\u0161uma saj\u016btu \u2013 <strong data-start=\"133\" data-end=\"161\">lieli s\u0101nu un jumta logi<\/strong> nodro\u0161ina daudz dabisk\u0101s gaismas un skaistu skatu uz apk\u0101rt\u0113jo dabu.<\/p>\n<p data-start=\"234\" data-end=\"397\">Pateicoties <strong data-start=\"246\" data-end=\"280\">pusautom\u0101tiskajiem s\u0101nu logiem<\/strong>, <strong data-start=\"282\" data-end=\"299\">LITTLE BAMBOO<\/strong> telts ir uzst\u0101d\u0101ma <strong data-start=\"319\" data-end=\"345\">\u013coti \u0101tri un vienk\u0101r\u0161i<\/strong> \u2013 nav nepiecie\u0161ama ilgsto\u0161a telts stie\u0146u mont\u0101\u017ea.<\/p>\n<p data-start=\"399\" data-end=\"565\">Iztur\u012bgais telts audums un <strong data-start=\"426\" data-end=\"458\">augstas kvalit\u0101tes materi\u0101li<\/strong> nodro\u0161ina aizsardz\u012bbu da\u017e\u0101dos laikapst\u0101k\u013cos, lai j\u016bs var\u0113tu justies dro\u0161i un komfortabli jebkur\u0101 ce\u013cojum\u0101.<\/p>\n<hr data-start=\"567\" data-end=\"570\" \/>\n<h3 data-section-id=\"1255wzi\" data-start=\"572\" data-end=\"613\">Kam \u0161\u012b jumta telts ir vispiem\u0113rot\u0101k\u0101?<\/h3>\n<p data-start=\"615\" data-end=\"763\"><strong data-start=\"615\" data-end=\"658\">Autovad\u012bt\u0101jiem ar maz\u0101kiem automobi\u013ciem<\/strong><br data-start=\"658\" data-end=\"661\" \/>T\u0101 ir lieliska izv\u0113le tiem, kuri mekl\u0113 jumta telti <strong data-start=\"712\" data-end=\"762\">maz\u0101k\u0101m automa\u0161\u012bn\u0101m ar ierobe\u017eotu jumta slodzi<\/strong>.<\/p>\n<p data-start=\"765\" data-end=\"935\"><strong data-start=\"765\" data-end=\"800\">Ies\u0101c\u0113jiem jumta tel\u0161u kemping\u0101<\/strong><br data-start=\"800\" data-end=\"803\" \/>Ide\u0101li piem\u0113rota tiem, kuri nev\u0113las t\u0113r\u0113t daudz laika telts uzst\u0101d\u012b\u0161anai un saloc\u012b\u0161anai \u2014 <strong data-start=\"893\" data-end=\"934\">\u0101tra un vienk\u0101r\u0161a lieto\u0161ana garant\u0113ta<\/strong>.<\/p>\n<p data-start=\"937\" data-end=\"1116\" data-is-last-node=\"\" data-is-only-node=\"\"><strong data-start=\"937\" data-end=\"986\">Ce\u013cot\u0101jiem, kuri nov\u0113rt\u0113 vieglumu un komfortu<\/strong><br data-start=\"986\" data-end=\"989\" \/>Perfekta izv\u0113le ce\u013cot\u0101jiem, kuri v\u0113las <strong data-start=\"1028\" data-end=\"1089\">vieglu, bet vienlaikus iztur\u012bgu un komfortablu apr\u012bkojumu<\/strong> piedz\u012bvojumiem dab\u0101. \ud83d\ude99\ud83c\udfd5\ufe0f<\/p>\n<h3 data-section-id=\"15bckn8\" data-start=\"0\" data-end=\"13\">Materi\u0101li<\/h3>\n<p><strong data-start=\"15\" data-end=\"50\">Telts audums un lietus p\u0101rsegs:<\/strong><br data-start=\"50\" data-end=\"53\" \/>420D Polyester Oxford audums ar PU p\u0101rkl\u0101jumu, \u016bdensiztur\u012bba <strong data-start=\"114\" data-end=\"137\">3000 mm (W\/P &amp; W\/R)<\/strong>, <strong data-start=\"139\" data-end=\"161\">UV aizsardz\u012bba 50+<\/strong><\/p>\n<p><strong data-start=\"163\" data-end=\"182\">Aizsargp\u0101rsegs:<\/strong><br data-start=\"182\" data-end=\"185\" \/>1000G PVC<\/p>\n<p><strong data-start=\"196\" data-end=\"207\">K\u0101pnes:<\/strong><br data-start=\"207\" data-end=\"210\" \/>Alum\u012bnija k\u0101pnes l\u012bdz <strong data-start=\"232\" data-end=\"242\">230 cm<\/strong> (komplekt\u0101 ar somu), maksim\u0101l\u0101 slodze <strong data-start=\"281\" data-end=\"291\">150 kg<\/strong><\/p>\n<p><strong data-start=\"293\" data-end=\"306\">Matracis:<\/strong><br data-start=\"306\" data-end=\"309\" \/><strong data-start=\"309\" data-end=\"317\">7 cm<\/strong> aukst\u0101 putu materi\u0101la matracis \u0113rtam miegam<\/p>\n<p><strong data-start=\"363\" data-end=\"384\">LED apgaismojums:<\/strong><br data-start=\"384\" data-end=\"387\" \/>1 \u00d7 <strong data-start=\"391\" data-end=\"431\">100 cm silti balta LED gaismas josla<\/strong> ar <strong data-start=\"435\" data-end=\"453\">USB piesl\u0113gumu<\/strong><\/p>\n<hr data-start=\"455\" data-end=\"458\" \/>\n<h3 data-section-id=\"hh557a\" data-start=\"460\" data-end=\"482\">Kop\u0161ana un dro\u0161\u012bba<\/h3>\n<p data-start=\"484\" data-end=\"607\">Lai jumta telts kalpotu ilgi un nodro\u0161in\u0101tu pat\u012bkamu lieto\u0161anas pieredzi, svar\u012bgi iev\u0113rot kop\u0161anas un dro\u0161\u012bbas nor\u0101d\u012bjumus.<\/p>\n<ul data-start=\"609\" data-end=\"868\">\n<li data-section-id=\"gey36v\" data-start=\"609\" data-end=\"663\">Regul\u0101ri <strong data-start=\"620\" data-end=\"661\">t\u012briet lietus p\u0101rsegu un telts audumu<\/strong><\/li>\n<li data-section-id=\"9wrby4\" data-start=\"664\" data-end=\"709\">Transport\u0113jiet telti <strong data-start=\"687\" data-end=\"707\">pareizi un dro\u0161i<\/strong><\/li>\n<li data-section-id=\"12edjxs\" data-start=\"710\" data-end=\"767\"><strong data-start=\"712\" data-end=\"765\">Nep\u0101rsniedziet automa\u0161\u012bnas jumta maksim\u0101lo slodzi<\/strong><\/li>\n<li data-section-id=\"15akgya\" data-start=\"768\" data-end=\"824\">Iev\u0113rojiet <strong data-start=\"781\" data-end=\"822\">uzst\u0101d\u012b\u0161anas un dro\u0161\u012bbas instrukcijas<\/strong><\/li>\n<li data-section-id=\"10kagcx\" data-start=\"825\" data-end=\"868\">Uzglab\u0101jiet telti <strong data-start=\"845\" data-end=\"868\">saus\u0101 un t\u012br\u0101 viet\u0101<\/strong><\/li>\n<\/ul>\n<hr data-start=\"870\" data-end=\"873\" \/>\n<h3 data-section-id=\"1leiucw\" data-start=\"875\" data-end=\"896\">LITTLE BAMBOO 125<\/h3>\n<p data-start=\"898\" data-end=\"1159\">Ar <strong data-start=\"901\" data-end=\"922\">LITTLE BAMBOO 125<\/strong> j\u016bs ieg\u016bstat <strong data-start=\"936\" data-end=\"1008\">p\u0101rdom\u0101ti izstr\u0101d\u0101tu un vieglu jumta telti, kas sver maz\u0101k par 50 kg<\/strong>. T\u0101 apvieno komfortu un mobilit\u0101ti, padarot to par ide\u0101lu izv\u0113li <strong data-start=\"1074\" data-end=\"1099\">maz\u0101kiem automobi\u013ciem<\/strong> un lielisku s\u0101kumu <strong data-start=\"1119\" data-end=\"1158\">jumta tel\u0161u kempinga piedz\u012bvojumiem<\/strong>.<\/p>\n<hr data-start=\"1161\" data-end=\"1164\" \/>\n<h3 data-section-id=\"1kvncn6\" data-start=\"1166\" data-end=\"1188\">Komplekt\u0101 ietilpst<\/h3>\n<ul data-start=\"1190\" data-end=\"1468\" data-is-last-node=\"\" data-is-only-node=\"\">\n<li data-section-id=\"16e4w1q\" data-start=\"1190\" data-end=\"1235\"><strong data-start=\"1192\" data-end=\"1235\">VICKYWOOD LITTLE BAMBOO 125 jumta telts<\/strong><\/li>\n<li data-section-id=\"1aj6zi9\" data-start=\"1236\" data-end=\"1286\"><strong data-start=\"1238\" data-end=\"1258\">Alum\u012bnija k\u0101pnes<\/strong> (l\u012bdz 230 cm) ar k\u0101p\u0146u somu<\/li>\n<li data-section-id=\"3nw4vy\" data-start=\"1287\" data-end=\"1318\"><strong data-start=\"1289\" data-end=\"1318\">7 cm aukst\u0101 putu matracis<\/strong><\/li>\n<li data-section-id=\"10uetxs\" data-start=\"1319\" data-end=\"1360\"><strong data-start=\"1321\" data-end=\"1360\">LED gaismas josla ar USB piesl\u0113gumu<\/strong><\/li>\n<li data-section-id=\"11mswq5\" data-start=\"1361\" data-end=\"1381\"><strong data-start=\"1363\" data-end=\"1381\">1 \u00d7 apavu soma<\/strong><\/li>\n<li data-section-id=\"tij0gy\" data-start=\"1382\" data-end=\"1411\"><strong data-start=\"1384\" data-end=\"1411\">1 \u00d7 ieejas organizators<\/strong><\/li>\n<li data-section-id=\"1kouqb6\" data-start=\"1412\" data-end=\"1468\" data-is-last-node=\"\"><strong data-start=\"1414\" data-end=\"1462\">Mont\u0101\u017eas komplekts un lieto\u0161anas instrukcija<\/strong> \ud83d\ude99\ud83c\udfd5\ufe0f<\/li>\n<\/ul>","protected":false},"excerpt":{"rendered":"<p data-start=\"0\" data-end=\"29\"><strong data-start=\"0\" data-end=\"29\">LITTLE BAMBOO jumta telts<\/strong><\/p>\n<p data-start=\"31\" data-end=\"258\">M\u016bsu \u012bpa\u0161i viegl\u0101 <strong data-start=\"49\" data-end=\"66\">LITTLE BAMBOO<\/strong> jumta telts ir ide\u0101li piem\u0113rota maz\u0101kiem automobi\u013ciem ar zem\u0101ku dinamisko jumta slodzi. T\u0101 sver tikai <strong data-start=\"169\" data-end=\"191\">43 kg (bez k\u0101pn\u0113m)<\/strong>, padarot to par vienu no viegl\u0101kaj\u0101m jumta telt\u012bm sav\u0101 kategorij\u0101.<\/p>\n<p data-start=\"260\" data-end=\"421\">Telts uzst\u0101d\u012b\u0161ana un saloc\u012b\u0161ana ir <strong data-start=\"295\" data-end=\"316\">\u0101tra un vienk\u0101r\u0161a<\/strong>, pateicoties t\u0101s vieglajam svaram un <strong data-start=\"354\" data-end=\"388\">pusautom\u0101tiskajiem s\u0101nu logiem<\/strong>, kas viegli atveras un aizveras.<\/p>\n<p data-start=\"423\" data-end=\"515\"><strong data-start=\"423\" data-end=\"442\">Divi jumta logi<\/strong> un noapa\u013cot\u0101 forma nodro\u0161ina pla\u0161uma saj\u016btu un pat\u012bkamu atmosf\u0113ru telt\u012b.<\/p>\n<p data-start=\"517\" data-end=\"608\">Telts ir apr\u012bkota ar\u012b ar vair\u0101k\u0101m <strong data-start=\"551\" data-end=\"575\">praktisk\u0101m funkcij\u0101m<\/strong>, kas padara ce\u013co\u0161anu v\u0113l \u0113rt\u0101ku:<\/p>\n<ul data-start=\"609\" data-end=\"728\">\n<li data-section-id=\"1ei27pc\" data-start=\"609\" data-end=\"654\">regul\u0113jams <strong data-start=\"622\" data-end=\"652\">LED interior lighting<\/strong><\/li>\n<li data-section-id=\"t6yp8g\" data-start=\"655\" data-end=\"678\"><strong data-start=\"657\" data-end=\"676\">kabatas apaviem<\/strong><\/li>\n<li data-section-id=\"1i31wt\" data-start=\"679\" data-end=\"728\"><strong data-start=\"681\" data-end=\"698\">mosquito nets<\/strong> aizsardz\u012bbai pret kukai\u0146iem<\/li>\n<\/ul>\n<p data-start=\"730\" data-end=\"864\" data-is-last-node=\"\" data-is-only-node=\"\"><strong data-start=\"730\" data-end=\"747\">LITTLE BAMBOO<\/strong> ir lieliska izv\u0113le ce\u013cot\u0101jiem, kuri v\u0113las <strong data-start=\"790\" data-end=\"857\">vieglu, kompaktu un komfortablu jumta telti piedz\u012bvojumiem dab\u0101<\/strong>. \ud83d\ude99\ud83c\udfd5\ufe0f<\/p>","protected":false},"featured_media":19609,"comment_status":"open","ping_status":"closed","template":"","meta":{"om_disable_all_campaigns":false,"_monsterinsights_skip_tracking":false,"_monsterinsights_sitenote_active":false,"_monsterinsights_sitenote_note":"","_monsterinsights_sitenote_category":0},"product_brand":[],"product_cat":[21,202,141],"product_tag":[200,170,168,159],"class_list":{"0":"post-19608","1":"product","2":"type-product","3":"status-publish","4":"has-post-thumbnail","6":"product_cat-bez-kategorijas","7":"product_cat-saliekama-jumta-telts","8":"product_cat-teltis","9":"product_tag-122-x-225","10":"product_tag-bruna","11":"product_tag-cita","12":"product_tag-soft-shell","13":"product_shipping_class-liels","15":"first","16":"instock","17":"shipping-taxable","18":"purchasable","19":"product-type-simple"},"aioseo_notices":[],"_links":{"self":[{"href":"https:\/\/minicampers.lv\/en\/wp-json\/wp\/v2\/product\/19608","targetHints":{"allow":["GET"]}}],"collection":[{"href":"https:\/\/minicampers.lv\/en\/wp-json\/wp\/v2\/product"}],"about":[{"href":"https:\/\/minicampers.lv\/en\/wp-json\/wp\/v2\/types\/product"}],"replies":[{"embeddable":true,"href":"https:\/\/minicampers.lv\/en\/wp-json\/wp\/v2\/comments?post=19608"}],"version-history":[{"count":22,"href":"https:\/\/minicampers.lv\/en\/wp-json\/wp\/v2\/product\/19608\/revisions"}],"predecessor-version":[{"id":21531,"href":"https:\/\/minicampers.lv\/en\/wp-json\/wp\/v2\/product\/19608\/revisions\/21531"}],"wp:featuredmedia":[{"embeddable":true,"href":"https:\/\/minicampers.lv\/en\/wp-json\/wp\/v2\/media\/19609"}],"wp:attachment":[{"href":"https:\/\/minicampers.lv\/en\/wp-json\/wp\/v2\/media?parent=19608"}],"wp:term":[{"taxonomy":"product_brand","embeddable":true,"href":"https:\/\/minicampers.lv\/en\/wp-json\/wp\/v2\/product_brand?post=19608"},{"taxonomy":"product_cat","embeddable":true,"href":"https:\/\/minicampers.lv\/en\/wp-json\/wp\/v2\/product_cat?post=19608"},{"taxonomy":"product_tag","embeddable":true,"href":"https:\/\/minicampers.lv\/en\/wp-json\/wp\/v2\/product_tag?post=19608"}],"curies":[{"name":"wp","href":"https:\/\/api.w.org\/{rel}","templated":true}]}}