{"id":20587,"date":"2024-01-10T13:42:06","date_gmt":"2024-01-10T11:42:06","guid":{"rendered":"https:\/\/minicampers.lv\/?page_id=20587"},"modified":"2024-01-26T18:17:45","modified_gmt":"2024-01-26T16:17:45","slug":"blogs","status":"publish","type":"page","link":"https:\/\/minicampers.lv\/en\/blogs\/","title":{"rendered":"BLOGS"},"content":{"rendered":"<div data-elementor-type=\"wp-page\" data-elementor-id=\"20587\" class=\"elementor elementor-20587\">\n\t\t\t\t<div class=\"elementor-element elementor-element-78c5c23 e-flex e-con-boxed e-con e-parent\" data-id=\"78c5c23\" data-element_type=\"container\">\n\t\t\t\t\t<div class=\"e-con-inner\">\n\t\t\t\t<div class=\"elementor-element elementor-element-48ce736 elementor-widget elementor-widget-ts-blogs\" data-id=\"48ce736\" data-element_type=\"widget\" data-widget_type=\"ts-blogs.default\">\n\t\t\t\t<div class=\"elementor-widget-container\">\n\t\t\t\t\t\t\t\t<div class=\"ts-blogs-wrapper ts-shortcode ts-blogs title-default show-view-more\" data-atts=\"{&quot;layout&quot;:&quot;grid&quot;,&quot;columns&quot;:2,&quot;categories&quot;:&quot;&quot;,&quot;limit&quot;:10,&quot;orderby&quot;:&quot;date&quot;,&quot;order&quot;:&quot;DESC&quot;,&quot;show_title&quot;:&quot;1&quot;,&quot;show_thumbnail&quot;:&quot;1&quot;,&quot;show_author&quot;:&quot;0&quot;,&quot;show_categories&quot;:&quot;0&quot;,&quot;show_date&quot;:&quot;1&quot;,&quot;show_comment&quot;:&quot;0&quot;,&quot;show_excerpt&quot;:&quot;1&quot;,&quot;show_readmore&quot;:&quot;1&quot;,&quot;excerpt_words&quot;:16,&quot;is_slider&quot;:0,&quot;show_nav&quot;:null,&quot;auto_play&quot;:null,&quot;is_masonry&quot;:0,&quot;show_load_more&quot;:0}\" >\n\t\t\t\n\t\t\t\t\t\t\t\t\n\t\t\t\t<div class=\"content-wrapper\">\n\t\t\t\t\t<div class=\"blogs items\">\n\t\t\t\t\t\t\t\t\t\t<article class=\"item   ts-col-12\">\n\t\t\t\t\t<div class=\"article-content\">\n\t\t\t\t\t\t\t\t\t\t\t<div class=\"thumbnail-content\">\n\t\t\t\t\t\t\t\t\t\t\t\t\t\t\t<a class=\"thumbnail\" href=\"https:\/\/minicampers.lv\/en\/2025\/10\/aizraujosi-marsruti-ikvienam-ar-self-drive-latvija\/\">\n\t\t\t\t\t\t\t\t\t<figure>\n\t\t\t\t\t\t\t\t\t\t\t\t\t\t\t\t\t\t<\/figure>\n\t\t\t\t\t\t\t\t\t<div class=\"effect-thumbnail\"><\/div>\n\t\t\t\t\t\t\t\t<\/a>\n\t\t\t\t\t\t\t\t\n\t\t\t\t\t\t\t\t\n\t\t\t\t\t\t\t\t\t\t\t\t\t\n\t\t\t\t\t\t<\/div>\n\t\t\t\t\t\t\t\t\t\t\n\t\t\t\t\t\t\t\t\t\t\t\n\t\t\t\t\t\t<div class=\"entry-content\">\n\t\t\t\t\t\t\t<header>\n\t\t\t\t\t\t\t\n\t\t\t\t\t\t\t\t<!-- Blog Categories -->\n\t\t\t\t\t\t\t\t\t\t\t\t\t\t\t\n\t\t\t\t\t\t\t\t\t\t\t\t\t\t\t\t<h4 class=\"heading-title entry-title\">\n\t\t\t\t\t\t\t\t\t<a class=\"post-title\" href=\"https:\/\/minicampers.lv\/en\/2025\/10\/aizraujosi-marsruti-ikvienam-ar-self-drive-latvija\/\">Aizraujo\u0161i mar\u0161ruti ar SELF DRIVE LATVIJA<\/a>\n\t\t\t\t\t\t\t\t<\/h4>\n\t\t\t\t\t\t\t\t\t\t\t\t\t\t\t\t\n\t\t\t\t\t\t\t<\/header>\n\t\t\t\t\t\t\t\n\t\t\t\t\t\t\t\t\t\t\t\t\t\t<div class=\"excerpt\">SELF DRIVE LATVIJA ir sagatavoti interesanti \u201ctreki\u201d jeb mar\u0161ruti pa ce\u013ciem, par kuru eksistenci iesp\u0113jams nemaz<\/div>\n\t\t\t\t\t\t\t\t\t\t\t\t\t\t\n\t\t\t\t\t\t\t\t\t\t\t\t\t\t<div class=\"entry-meta-top\">\n\t\t\t\t\t\t\n\t\t\t\t\t\t\t\t<!-- Blog Author -->\n\t\t\t\t\t\t\t\t\t\t\t\t\t\t\t\t\n\t\t\t\t\t\t\t\t<!-- Blog Date Time -->\n\t\t\t\t\t\t\t\t\t\t\t\t\t\t\t\t<span class=\"date-time\">\n\t\t\t\t\t\t\t\t\t17. October, 2025.\t\t\t\t\t\t\t\t<\/span>\n\t\t\t\t\t\t\t\t\t\t\t\t\t\t\t\t\n\t\t\t\t\t\t\t\t<!-- Blog Comment -->\n\t\t\t\t\t\t\t\t\t\t\t\t\t\t\t\n\t\t\t\t\t\t\t<\/div>\n\t\t\t\t\t\t\t\t\t\t\t\t\t\t\n\t\t\t\t\t\t\t\t\t\t\t\t\t\t<div class=\"entry-meta-bottom\">\n\t\t\t\t\t\t\t\t<!-- Blog Read More Button -->\n\t\t\t\t\t\t\t\t<a class=\"button-readmore button button-primary\" href=\"https:\/\/minicampers.lv\/en\/2025\/10\/aizraujosi-marsruti-ikvienam-ar-self-drive-latvija\/\">read more<\/a>\n\t\t\t\t\t\t\t<\/div>\n\t\t\t\t\t\t\t\t\t\t\t\t\t<\/div>\n\t\t\t\t\t\t\t\n\t\t\t\t\t\t\t\t\t\t\t<\/div>\n\t\t\t\t<\/article>\n\t\t\t\t\t\t\t<article class=\"item   ts-col-12\">\n\t\t\t\t\t<div class=\"article-content\">\n\t\t\t\t\t\t\t\t\t\t\t<div class=\"thumbnail-content\">\n\t\t\t\t\t\t\t\t\t\t\t\t\t\t\t<a class=\"thumbnail\" href=\"https:\/\/minicampers.lv\/en\/2025\/04\/auto-markize-no-vickywood\/\">\n\t\t\t\t\t\t\t\t\t<figure>\n\t\t\t\t\t\t\t\t\t<img fetchpriority=\"high\" decoding=\"async\" width=\"1300\" height=\"867\" src=\"https:\/\/minicampers.lv\/wp-content\/uploads\/2025\/04\/ST_apr22_Mittenwald_Landy_0264_web-1300x867.jpg\" class=\"attachment-mydecor_blog_thumb size-mydecor_blog_thumb wp-post-image\" alt=\"\" srcset=\"https:\/\/minicampers.lv\/wp-content\/uploads\/2025\/04\/ST_apr22_Mittenwald_Landy_0264_web-1300x867.jpg 1300w, https:\/\/minicampers.lv\/wp-content\/uploads\/2025\/04\/ST_apr22_Mittenwald_Landy_0264_web-300x200.jpg 300w, https:\/\/minicampers.lv\/wp-content\/uploads\/2025\/04\/ST_apr22_Mittenwald_Landy_0264_web-1024x683.jpg 1024w, https:\/\/minicampers.lv\/wp-content\/uploads\/2025\/04\/ST_apr22_Mittenwald_Landy_0264_web-768x512.jpg 768w, https:\/\/minicampers.lv\/wp-content\/uploads\/2025\/04\/ST_apr22_Mittenwald_Landy_0264_web-600x400.jpg 600w, https:\/\/minicampers.lv\/wp-content\/uploads\/2025\/04\/ST_apr22_Mittenwald_Landy_0264_web-1536x1025.jpg 1536w, https:\/\/minicampers.lv\/wp-content\/uploads\/2025\/04\/ST_apr22_Mittenwald_Landy_0264_web-2048x1366.jpg 2048w, https:\/\/minicampers.lv\/wp-content\/uploads\/2025\/04\/ST_apr22_Mittenwald_Landy_0264_web-18x12.jpg 18w\" sizes=\"(max-width: 1300px) 100vw, 1300px\" \/>\t\t\t\t\t\t\t\t\t<\/figure>\n\t\t\t\t\t\t\t\t\t<div class=\"effect-thumbnail\"><\/div>\n\t\t\t\t\t\t\t\t<\/a>\n\t\t\t\t\t\t\t\t\n\t\t\t\t\t\t\t\t\n\t\t\t\t\t\t\t\t\t\t\t\t\t\n\t\t\t\t\t\t<\/div>\n\t\t\t\t\t\t\t\t\t\t\n\t\t\t\t\t\t\t\t\t\t\t\n\t\t\t\t\t\t<div class=\"entry-content\">\n\t\t\t\t\t\t\t<header>\n\t\t\t\t\t\t\t\n\t\t\t\t\t\t\t\t<!-- Blog Categories -->\n\t\t\t\t\t\t\t\t\t\t\t\t\t\t\t\n\t\t\t\t\t\t\t\t\t\t\t\t\t\t\t\t<h4 class=\"heading-title entry-title\">\n\t\t\t\t\t\t\t\t\t<a class=\"post-title\" href=\"https:\/\/minicampers.lv\/en\/2025\/04\/auto-markize-no-vickywood\/\">Auto mar\u0137\u012bzes no VICKYWOOD?<\/a>\n\t\t\t\t\t\t\t\t<\/h4>\n\t\t\t\t\t\t\t\t\t\t\t\t\t\t\t\t\n\t\t\t\t\t\t\t<\/header>\n\t\t\t\t\t\t\t\n\t\t\t\t\t\t\t\t\t\t\t\t\t\t<div class=\"excerpt\">VICKYWOOD mar\u0137\u012bze \u2013 neatkar\u012bgi no t\u0101, vai v\u0113laties gatavot \u0113dienu, pas\u0113d\u0113t, vai uztur\u0113ties \u0113n\u0101&nbsp; un atp\u016bsties<\/div>\n\t\t\t\t\t\t\t\t\t\t\t\t\t\t\n\t\t\t\t\t\t\t\t\t\t\t\t\t\t<div class=\"entry-meta-top\">\n\t\t\t\t\t\t\n\t\t\t\t\t\t\t\t<!-- Blog Author -->\n\t\t\t\t\t\t\t\t\t\t\t\t\t\t\t\t\n\t\t\t\t\t\t\t\t<!-- Blog Date Time -->\n\t\t\t\t\t\t\t\t\t\t\t\t\t\t\t\t<span class=\"date-time\">\n\t\t\t\t\t\t\t\t\t28. April, 2025.\t\t\t\t\t\t\t\t<\/span>\n\t\t\t\t\t\t\t\t\t\t\t\t\t\t\t\t\n\t\t\t\t\t\t\t\t<!-- Blog Comment -->\n\t\t\t\t\t\t\t\t\t\t\t\t\t\t\t\n\t\t\t\t\t\t\t<\/div>\n\t\t\t\t\t\t\t\t\t\t\t\t\t\t\n\t\t\t\t\t\t\t\t\t\t\t\t\t\t<div class=\"entry-meta-bottom\">\n\t\t\t\t\t\t\t\t<!-- Blog Read More Button -->\n\t\t\t\t\t\t\t\t<a class=\"button-readmore button button-primary\" href=\"https:\/\/minicampers.lv\/en\/2025\/04\/auto-markize-no-vickywood\/\">read more<\/a>\n\t\t\t\t\t\t\t<\/div>\n\t\t\t\t\t\t\t\t\t\t\t\t\t<\/div>\n\t\t\t\t\t\t\t\n\t\t\t\t\t\t\t\t\t\t\t<\/div>\n\t\t\t\t<\/article>\n\t\t\t\t\t\t\t<article class=\"item   ts-col-12\">\n\t\t\t\t\t<div class=\"article-content\">\n\t\t\t\t\t\t\t\t\t\t\t<div class=\"thumbnail-content\">\n\t\t\t\t\t\t\t\t\t\t\t\t\t\t\t<a class=\"thumbnail\" href=\"https:\/\/minicampers.lv\/en\/2025\/04\/izstade-outdoor-riga-2025\/\">\n\t\t\t\t\t\t\t\t\t<figure>\n\t\t\t\t\t\t\t\t\t<img decoding=\"async\" width=\"1241\" height=\"444\" src=\"https:\/\/minicampers.lv\/wp-content\/uploads\/2025\/04\/O25-logo-O-LAT-sadaljas.png\" class=\"attachment-mydecor_blog_thumb size-mydecor_blog_thumb wp-post-image\" alt=\"\" srcset=\"https:\/\/minicampers.lv\/wp-content\/uploads\/2025\/04\/O25-logo-O-LAT-sadaljas.png 1241w, https:\/\/minicampers.lv\/wp-content\/uploads\/2025\/04\/O25-logo-O-LAT-sadaljas-300x107.png 300w, https:\/\/minicampers.lv\/wp-content\/uploads\/2025\/04\/O25-logo-O-LAT-sadaljas-1024x366.png 1024w, https:\/\/minicampers.lv\/wp-content\/uploads\/2025\/04\/O25-logo-O-LAT-sadaljas-768x275.png 768w, https:\/\/minicampers.lv\/wp-content\/uploads\/2025\/04\/O25-logo-O-LAT-sadaljas-600x215.png 600w, https:\/\/minicampers.lv\/wp-content\/uploads\/2025\/04\/O25-logo-O-LAT-sadaljas-18x6.png 18w\" sizes=\"(max-width: 1241px) 100vw, 1241px\" \/>\t\t\t\t\t\t\t\t\t<\/figure>\n\t\t\t\t\t\t\t\t\t<div class=\"effect-thumbnail\"><\/div>\n\t\t\t\t\t\t\t\t<\/a>\n\t\t\t\t\t\t\t\t\n\t\t\t\t\t\t\t\t\n\t\t\t\t\t\t\t\t\t\t\t\t\t\n\t\t\t\t\t\t<\/div>\n\t\t\t\t\t\t\t\t\t\t\n\t\t\t\t\t\t\t\t\t\t\t\n\t\t\t\t\t\t<div class=\"entry-content\">\n\t\t\t\t\t\t\t<header>\n\t\t\t\t\t\t\t\n\t\t\t\t\t\t\t\t<!-- Blog Categories -->\n\t\t\t\t\t\t\t\t\t\t\t\t\t\t\t\n\t\t\t\t\t\t\t\t\t\t\t\t\t\t\t\t<h4 class=\"heading-title entry-title\">\n\t\t\t\t\t\t\t\t\t<a class=\"post-title\" href=\"https:\/\/minicampers.lv\/en\/2025\/04\/izstade-outdoor-riga-2025\/\">IZST\u0100DE OUTDOOR RIGA 2025<\/a>\n\t\t\t\t\t\t\t\t<\/h4>\n\t\t\t\t\t\t\t\t\t\t\t\t\t\t\t\t\n\t\t\t\t\t\t\t<\/header>\n\t\t\t\t\t\t\t\n\t\t\t\t\t\t\t\t\t\t\t\t\t\t<div class=\"excerpt\">MINICAMPERS piedal\u012bj\u0101s OUTDOOR RIGA 2025, kas norisin\u0101j\u0101s no 11.04 &#8211; 13.04.2025 \u0136\u012bpsalas izst\u0101\u017eu hall\u0113 p\u0101rst\u0101vot v\u0101cu<\/div>\n\t\t\t\t\t\t\t\t\t\t\t\t\t\t\n\t\t\t\t\t\t\t\t\t\t\t\t\t\t<div class=\"entry-meta-top\">\n\t\t\t\t\t\t\n\t\t\t\t\t\t\t\t<!-- Blog Author -->\n\t\t\t\t\t\t\t\t\t\t\t\t\t\t\t\t\n\t\t\t\t\t\t\t\t<!-- Blog Date Time -->\n\t\t\t\t\t\t\t\t\t\t\t\t\t\t\t\t<span class=\"date-time\">\n\t\t\t\t\t\t\t\t\t15. April, 2025.\t\t\t\t\t\t\t\t<\/span>\n\t\t\t\t\t\t\t\t\t\t\t\t\t\t\t\t\n\t\t\t\t\t\t\t\t<!-- Blog Comment -->\n\t\t\t\t\t\t\t\t\t\t\t\t\t\t\t\n\t\t\t\t\t\t\t<\/div>\n\t\t\t\t\t\t\t\t\t\t\t\t\t\t\n\t\t\t\t\t\t\t\t\t\t\t\t\t\t<div class=\"entry-meta-bottom\">\n\t\t\t\t\t\t\t\t<!-- Blog Read More Button -->\n\t\t\t\t\t\t\t\t<a class=\"button-readmore button button-primary\" href=\"https:\/\/minicampers.lv\/en\/2025\/04\/izstade-outdoor-riga-2025\/\">read more<\/a>\n\t\t\t\t\t\t\t<\/div>\n\t\t\t\t\t\t\t\t\t\t\t\t\t<\/div>\n\t\t\t\t\t\t\t\n\t\t\t\t\t\t\t\t\t\t\t<\/div>\n\t\t\t\t<\/article>\n\t\t\t\t\t\t\t<article class=\"item   ts-col-12\">\n\t\t\t\t\t<div class=\"article-content\">\n\t\t\t\t\t\t\t\t\t\t\t<div class=\"thumbnail-content\">\n\t\t\t\t\t\t\t\t\t\t\t\t\t\t\t<a class=\"thumbnail\" href=\"https:\/\/minicampers.lv\/en\/2024\/04\/soft-shell-jeb-miksto-parvalku-jumta-teltis\/\">\n\t\t\t\t\t\t\t\t\t<figure>\n\t\t\t\t\t\t\t\t\t<img decoding=\"async\" width=\"1300\" height=\"867\" src=\"https:\/\/minicampers.lv\/wp-content\/uploads\/2024\/04\/P1078070-2-1300x867.jpg\" class=\"attachment-mydecor_blog_thumb size-mydecor_blog_thumb wp-post-image\" alt=\"\" srcset=\"https:\/\/minicampers.lv\/wp-content\/uploads\/2024\/04\/P1078070-2-1300x867.jpg 1300w, https:\/\/minicampers.lv\/wp-content\/uploads\/2024\/04\/P1078070-2-300x200.jpg 300w, https:\/\/minicampers.lv\/wp-content\/uploads\/2024\/04\/P1078070-2-1024x683.jpg 1024w, https:\/\/minicampers.lv\/wp-content\/uploads\/2024\/04\/P1078070-2-768x512.jpg 768w, https:\/\/minicampers.lv\/wp-content\/uploads\/2024\/04\/P1078070-2-600x400.jpg 600w, https:\/\/minicampers.lv\/wp-content\/uploads\/2024\/04\/P1078070-2-1536x1024.jpg 1536w, https:\/\/minicampers.lv\/wp-content\/uploads\/2024\/04\/P1078070-2-2048x1365.jpg 2048w, https:\/\/minicampers.lv\/wp-content\/uploads\/2024\/04\/P1078070-2-18x12.jpg 18w\" sizes=\"(max-width: 1300px) 100vw, 1300px\" \/>\t\t\t\t\t\t\t\t\t<\/figure>\n\t\t\t\t\t\t\t\t\t<div class=\"effect-thumbnail\"><\/div>\n\t\t\t\t\t\t\t\t<\/a>\n\t\t\t\t\t\t\t\t\n\t\t\t\t\t\t\t\t\n\t\t\t\t\t\t\t\t\t\t\t\t\t\n\t\t\t\t\t\t<\/div>\n\t\t\t\t\t\t\t\t\t\t\n\t\t\t\t\t\t\t\t\t\t\t\n\t\t\t\t\t\t<div class=\"entry-content\">\n\t\t\t\t\t\t\t<header>\n\t\t\t\t\t\t\t\n\t\t\t\t\t\t\t\t<!-- Blog Categories -->\n\t\t\t\t\t\t\t\t\t\t\t\t\t\t\t\n\t\t\t\t\t\t\t\t\t\t\t\t\t\t\t\t<h4 class=\"heading-title entry-title\">\n\t\t\t\t\t\t\t\t\t<a class=\"post-title\" href=\"https:\/\/minicampers.lv\/en\/2024\/04\/soft-shell-jeb-miksto-parvalku-jumta-teltis\/\">Soft shell jeb m\u012bksto p\u0101rvalku jumta teltis<\/a>\n\t\t\t\t\t\t\t\t<\/h4>\n\t\t\t\t\t\t\t\t\t\t\t\t\t\t\t\t\n\t\t\t\t\t\t\t<\/header>\n\t\t\t\t\t\t\t\n\t\t\t\t\t\t\t\t\t\t\t\t\t\t<div class=\"excerpt\">Kompakts iepakojuma izm\u0113rs. Kad uzcelta, salok\u0101m\u0101s jumta telts laukums parasti ir divreiz liel\u0101ks nek\u0101 demont\u0113jot. Daudz<\/div>\n\t\t\t\t\t\t\t\t\t\t\t\t\t\t\n\t\t\t\t\t\t\t\t\t\t\t\t\t\t<div class=\"entry-meta-top\">\n\t\t\t\t\t\t\n\t\t\t\t\t\t\t\t<!-- Blog Author -->\n\t\t\t\t\t\t\t\t\t\t\t\t\t\t\t\t\n\t\t\t\t\t\t\t\t<!-- Blog Date Time -->\n\t\t\t\t\t\t\t\t\t\t\t\t\t\t\t\t<span class=\"date-time\">\n\t\t\t\t\t\t\t\t\t23. April, 2024.\t\t\t\t\t\t\t\t<\/span>\n\t\t\t\t\t\t\t\t\t\t\t\t\t\t\t\t\n\t\t\t\t\t\t\t\t<!-- Blog Comment -->\n\t\t\t\t\t\t\t\t\t\t\t\t\t\t\t\n\t\t\t\t\t\t\t<\/div>\n\t\t\t\t\t\t\t\t\t\t\t\t\t\t\n\t\t\t\t\t\t\t\t\t\t\t\t\t\t<div class=\"entry-meta-bottom\">\n\t\t\t\t\t\t\t\t<!-- Blog Read More Button -->\n\t\t\t\t\t\t\t\t<a class=\"button-readmore button button-primary\" href=\"https:\/\/minicampers.lv\/en\/2024\/04\/soft-shell-jeb-miksto-parvalku-jumta-teltis\/\">read more<\/a>\n\t\t\t\t\t\t\t<\/div>\n\t\t\t\t\t\t\t\t\t\t\t\t\t<\/div>\n\t\t\t\t\t\t\t\n\t\t\t\t\t\t\t\t\t\t\t<\/div>\n\t\t\t\t<\/article>\n\t\t\t\t\t\t\t<article class=\"item   ts-col-12\">\n\t\t\t\t\t<div class=\"article-content\">\n\t\t\t\t\t\t\t\t\t\t\t<div class=\"thumbnail-content\">\n\t\t\t\t\t\t\t\t\t\t\t\t\t\t\t<a class=\"thumbnail\" href=\"https:\/\/minicampers.lv\/en\/2024\/04\/jumta-teltis-un-to-veidi\/\">\n\t\t\t\t\t\t\t\t\t<figure>\n\t\t\t\t\t\t\t\t\t<img loading=\"lazy\" decoding=\"async\" width=\"1300\" height=\"867\" src=\"https:\/\/minicampers.lv\/wp-content\/uploads\/2024\/04\/P1102386-1300x867.jpg\" class=\"attachment-mydecor_blog_thumb size-mydecor_blog_thumb wp-post-image\" alt=\"\" srcset=\"https:\/\/minicampers.lv\/wp-content\/uploads\/2024\/04\/P1102386-1300x867.jpg 1300w, https:\/\/minicampers.lv\/wp-content\/uploads\/2024\/04\/P1102386-300x200.jpg 300w, https:\/\/minicampers.lv\/wp-content\/uploads\/2024\/04\/P1102386-1024x683.jpg 1024w, https:\/\/minicampers.lv\/wp-content\/uploads\/2024\/04\/P1102386-768x512.jpg 768w, https:\/\/minicampers.lv\/wp-content\/uploads\/2024\/04\/P1102386-600x400.jpg 600w, https:\/\/minicampers.lv\/wp-content\/uploads\/2024\/04\/P1102386-1536x1024.jpg 1536w, https:\/\/minicampers.lv\/wp-content\/uploads\/2024\/04\/P1102386-2048x1365.jpg 2048w, https:\/\/minicampers.lv\/wp-content\/uploads\/2024\/04\/P1102386-18x12.jpg 18w\" sizes=\"(max-width: 1300px) 100vw, 1300px\" \/>\t\t\t\t\t\t\t\t\t<\/figure>\n\t\t\t\t\t\t\t\t\t<div class=\"effect-thumbnail\"><\/div>\n\t\t\t\t\t\t\t\t<\/a>\n\t\t\t\t\t\t\t\t\n\t\t\t\t\t\t\t\t\n\t\t\t\t\t\t\t\t\t\t\t\t\t\n\t\t\t\t\t\t<\/div>\n\t\t\t\t\t\t\t\t\t\t\n\t\t\t\t\t\t\t\t\t\t\t\n\t\t\t\t\t\t<div class=\"entry-content\">\n\t\t\t\t\t\t\t<header>\n\t\t\t\t\t\t\t\n\t\t\t\t\t\t\t\t<!-- Blog Categories -->\n\t\t\t\t\t\t\t\t\t\t\t\t\t\t\t\n\t\t\t\t\t\t\t\t\t\t\t\t\t\t\t\t<h4 class=\"heading-title entry-title\">\n\t\t\t\t\t\t\t\t\t<a class=\"post-title\" href=\"https:\/\/minicampers.lv\/en\/2024\/04\/jumta-teltis-un-to-veidi\/\">Jumta teltis un to veidi<\/a>\n\t\t\t\t\t\t\t\t<\/h4>\n\t\t\t\t\t\t\t\t\t\t\t\t\t\t\t\t\n\t\t\t\t\t\t\t<\/header>\n\t\t\t\t\t\t\t\n\t\t\t\t\t\t\t\t\t\t\t\t\t\t<div class=\"excerpt\">Ir tr\u012bs da\u017e\u0101du veidu jumta teltis: Soft shell jeb m\u012bkst\u0101 p\u0101rvalka jumta teltis &#8211; bija pirm\u0101s,<\/div>\n\t\t\t\t\t\t\t\t\t\t\t\t\t\t\n\t\t\t\t\t\t\t\t\t\t\t\t\t\t<div class=\"entry-meta-top\">\n\t\t\t\t\t\t\n\t\t\t\t\t\t\t\t<!-- Blog Author -->\n\t\t\t\t\t\t\t\t\t\t\t\t\t\t\t\t\n\t\t\t\t\t\t\t\t<!-- Blog Date Time -->\n\t\t\t\t\t\t\t\t\t\t\t\t\t\t\t\t<span class=\"date-time\">\n\t\t\t\t\t\t\t\t\t17. April, 2024.\t\t\t\t\t\t\t\t<\/span>\n\t\t\t\t\t\t\t\t\t\t\t\t\t\t\t\t\n\t\t\t\t\t\t\t\t<!-- Blog Comment -->\n\t\t\t\t\t\t\t\t\t\t\t\t\t\t\t\n\t\t\t\t\t\t\t<\/div>\n\t\t\t\t\t\t\t\t\t\t\t\t\t\t\n\t\t\t\t\t\t\t\t\t\t\t\t\t\t<div class=\"entry-meta-bottom\">\n\t\t\t\t\t\t\t\t<!-- Blog Read More Button -->\n\t\t\t\t\t\t\t\t<a class=\"button-readmore button button-primary\" href=\"https:\/\/minicampers.lv\/en\/2024\/04\/jumta-teltis-un-to-veidi\/\">read more<\/a>\n\t\t\t\t\t\t\t<\/div>\n\t\t\t\t\t\t\t\t\t\t\t\t\t<\/div>\n\t\t\t\t\t\t\t\n\t\t\t\t\t\t\t\t\t\t\t<\/div>\n\t\t\t\t<\/article>\n\t\t\t\t\t\t\t<article class=\"item   ts-col-12\">\n\t\t\t\t\t<div class=\"article-content\">\n\t\t\t\t\t\t\t\t\t\t\t<div class=\"thumbnail-content\">\n\t\t\t\t\t\t\t\t\t\t\t\t\t\t\t<a class=\"thumbnail\" href=\"https:\/\/minicampers.lv\/en\/2024\/01\/vickywood-auto-jumta-telts-uzglabasana\/\">\n\t\t\t\t\t\t\t\t\t<figure>\n\t\t\t\t\t\t\t\t\t<img loading=\"lazy\" decoding=\"async\" width=\"1300\" height=\"868\" src=\"https:\/\/minicampers.lv\/wp-content\/uploads\/2024\/01\/22.05.07_RR_Vickywood_007-1300x868.jpg\" class=\"attachment-mydecor_blog_thumb size-mydecor_blog_thumb wp-post-image\" alt=\"\" srcset=\"https:\/\/minicampers.lv\/wp-content\/uploads\/2024\/01\/22.05.07_RR_Vickywood_007-1300x868.jpg 1300w, https:\/\/minicampers.lv\/wp-content\/uploads\/2024\/01\/22.05.07_RR_Vickywood_007-300x200.jpg 300w, https:\/\/minicampers.lv\/wp-content\/uploads\/2024\/01\/22.05.07_RR_Vickywood_007-1024x683.jpg 1024w, https:\/\/minicampers.lv\/wp-content\/uploads\/2024\/01\/22.05.07_RR_Vickywood_007-768x513.jpg 768w, https:\/\/minicampers.lv\/wp-content\/uploads\/2024\/01\/22.05.07_RR_Vickywood_007-600x400.jpg 600w, https:\/\/minicampers.lv\/wp-content\/uploads\/2024\/01\/22.05.07_RR_Vickywood_007-1536x1025.jpg 1536w, https:\/\/minicampers.lv\/wp-content\/uploads\/2024\/01\/22.05.07_RR_Vickywood_007-2048x1367.jpg 2048w, https:\/\/minicampers.lv\/wp-content\/uploads\/2024\/01\/22.05.07_RR_Vickywood_007-18x12.jpg 18w\" sizes=\"(max-width: 1300px) 100vw, 1300px\" \/>\t\t\t\t\t\t\t\t\t<\/figure>\n\t\t\t\t\t\t\t\t\t<div class=\"effect-thumbnail\"><\/div>\n\t\t\t\t\t\t\t\t<\/a>\n\t\t\t\t\t\t\t\t\n\t\t\t\t\t\t\t\t\n\t\t\t\t\t\t\t\t\t\t\t\t\t\n\t\t\t\t\t\t<\/div>\n\t\t\t\t\t\t\t\t\t\t\n\t\t\t\t\t\t\t\t\t\t\t\n\t\t\t\t\t\t<div class=\"entry-content\">\n\t\t\t\t\t\t\t<header>\n\t\t\t\t\t\t\t\n\t\t\t\t\t\t\t\t<!-- Blog Categories -->\n\t\t\t\t\t\t\t\t\t\t\t\t\t\t\t\n\t\t\t\t\t\t\t\t\t\t\t\t\t\t\t\t<h4 class=\"heading-title entry-title\">\n\t\t\t\t\t\t\t\t\t<a class=\"post-title\" href=\"https:\/\/minicampers.lv\/en\/2024\/01\/vickywood-auto-jumta-telts-uzglabasana\/\">VICKYWOOD car roof tent STORAGE<\/a>\n\t\t\t\t\t\t\t\t<\/h4>\n\t\t\t\t\t\t\t\t\t\t\t\t\t\t\t\t\n\t\t\t\t\t\t\t<\/header>\n\t\t\t\t\t\t\t\n\t\t\t\t\t\t\t\t\t\t\t\t\t\t<div class=\"excerpt\">Pirms telts uzglab\u0101\u0161anas p\u0101rliecinieties, ka t\u0101 ir 100% sausa, lai izvair\u012btos no pel\u0113juma un traipu veido\u0161an\u0101s.<\/div>\n\t\t\t\t\t\t\t\t\t\t\t\t\t\t\n\t\t\t\t\t\t\t\t\t\t\t\t\t\t<div class=\"entry-meta-top\">\n\t\t\t\t\t\t\n\t\t\t\t\t\t\t\t<!-- Blog Author -->\n\t\t\t\t\t\t\t\t\t\t\t\t\t\t\t\t\n\t\t\t\t\t\t\t\t<!-- Blog Date Time -->\n\t\t\t\t\t\t\t\t\t\t\t\t\t\t\t\t<span class=\"date-time\">\n\t\t\t\t\t\t\t\t\t29. January, 2024.\t\t\t\t\t\t\t\t<\/span>\n\t\t\t\t\t\t\t\t\t\t\t\t\t\t\t\t\n\t\t\t\t\t\t\t\t<!-- Blog Comment -->\n\t\t\t\t\t\t\t\t\t\t\t\t\t\t\t\n\t\t\t\t\t\t\t<\/div>\n\t\t\t\t\t\t\t\t\t\t\t\t\t\t\n\t\t\t\t\t\t\t\t\t\t\t\t\t\t<div class=\"entry-meta-bottom\">\n\t\t\t\t\t\t\t\t<!-- Blog Read More Button -->\n\t\t\t\t\t\t\t\t<a class=\"button-readmore button button-primary\" href=\"https:\/\/minicampers.lv\/en\/2024\/01\/vickywood-auto-jumta-telts-uzglabasana\/\">read more<\/a>\n\t\t\t\t\t\t\t<\/div>\n\t\t\t\t\t\t\t\t\t\t\t\t\t<\/div>\n\t\t\t\t\t\t\t\n\t\t\t\t\t\t\t\t\t\t\t<\/div>\n\t\t\t\t<\/article>\n\t\t\t\t\t\t\t<article class=\"item   ts-col-12\">\n\t\t\t\t\t<div class=\"article-content\">\n\t\t\t\t\t\t\t\t\t\t\t<div class=\"thumbnail-content\">\n\t\t\t\t\t\t\t\t\t\t\t\t\t\t\t<a class=\"thumbnail\" href=\"https:\/\/minicampers.lv\/en\/2024\/01\/jumta-telts-kopsanas-noradijumi\/\">\n\t\t\t\t\t\t\t\t\t<figure>\n\t\t\t\t\t\t\t\t\t<img loading=\"lazy\" decoding=\"async\" width=\"1300\" height=\"867\" src=\"https:\/\/minicampers.lv\/wp-content\/uploads\/2024\/01\/3K7A5629-1300x867.jpg\" class=\"attachment-mydecor_blog_thumb size-mydecor_blog_thumb wp-post-image\" alt=\"\" srcset=\"https:\/\/minicampers.lv\/wp-content\/uploads\/2024\/01\/3K7A5629-1300x867.jpg 1300w, https:\/\/minicampers.lv\/wp-content\/uploads\/2024\/01\/3K7A5629-300x200.jpg 300w, https:\/\/minicampers.lv\/wp-content\/uploads\/2024\/01\/3K7A5629-1024x683.jpg 1024w, https:\/\/minicampers.lv\/wp-content\/uploads\/2024\/01\/3K7A5629-768x512.jpg 768w, https:\/\/minicampers.lv\/wp-content\/uploads\/2024\/01\/3K7A5629-600x400.jpg 600w, https:\/\/minicampers.lv\/wp-content\/uploads\/2024\/01\/3K7A5629-1536x1024.jpg 1536w, https:\/\/minicampers.lv\/wp-content\/uploads\/2024\/01\/3K7A5629-2048x1366.jpg 2048w, https:\/\/minicampers.lv\/wp-content\/uploads\/2024\/01\/3K7A5629-18x12.jpg 18w\" sizes=\"(max-width: 1300px) 100vw, 1300px\" \/>\t\t\t\t\t\t\t\t\t<\/figure>\n\t\t\t\t\t\t\t\t\t<div class=\"effect-thumbnail\"><\/div>\n\t\t\t\t\t\t\t\t<\/a>\n\t\t\t\t\t\t\t\t\n\t\t\t\t\t\t\t\t\n\t\t\t\t\t\t\t\t\t\t\t\t\t\n\t\t\t\t\t\t<\/div>\n\t\t\t\t\t\t\t\t\t\t\n\t\t\t\t\t\t\t\t\t\t\t\n\t\t\t\t\t\t<div class=\"entry-content\">\n\t\t\t\t\t\t\t<header>\n\t\t\t\t\t\t\t\n\t\t\t\t\t\t\t\t<!-- Blog Categories -->\n\t\t\t\t\t\t\t\t\t\t\t\t\t\t\t\n\t\t\t\t\t\t\t\t\t\t\t\t\t\t\t\t<h4 class=\"heading-title entry-title\">\n\t\t\t\t\t\t\t\t\t<a class=\"post-title\" href=\"https:\/\/minicampers.lv\/en\/2024\/01\/jumta-telts-kopsanas-noradijumi\/\">VICKYWOOD auto jumta telts kop\u0161anas nor\u0101d\u012bjumi<\/a>\n\t\t\t\t\t\t\t\t<\/h4>\n\t\t\t\t\t\t\t\t\t\t\t\t\t\t\t\t\n\t\t\t\t\t\t\t<\/header>\n\t\t\t\t\t\t\t\n\t\t\t\t\t\t\t\t\t\t\t\t\t\t<div class=\"excerpt\">PADOMI jumta telts apkopei:<\/div>\n\t\t\t\t\t\t\t\t\t\t\t\t\t\t\n\t\t\t\t\t\t\t\t\t\t\t\t\t\t<div class=\"entry-meta-top\">\n\t\t\t\t\t\t\n\t\t\t\t\t\t\t\t<!-- Blog Author -->\n\t\t\t\t\t\t\t\t\t\t\t\t\t\t\t\t\n\t\t\t\t\t\t\t\t<!-- Blog Date Time -->\n\t\t\t\t\t\t\t\t\t\t\t\t\t\t\t\t<span class=\"date-time\">\n\t\t\t\t\t\t\t\t\t26. January, 2024.\t\t\t\t\t\t\t\t<\/span>\n\t\t\t\t\t\t\t\t\t\t\t\t\t\t\t\t\n\t\t\t\t\t\t\t\t<!-- Blog Comment -->\n\t\t\t\t\t\t\t\t\t\t\t\t\t\t\t\n\t\t\t\t\t\t\t<\/div>\n\t\t\t\t\t\t\t\t\t\t\t\t\t\t\n\t\t\t\t\t\t\t\t\t\t\t\t\t\t<div class=\"entry-meta-bottom\">\n\t\t\t\t\t\t\t\t<!-- Blog Read More Button -->\n\t\t\t\t\t\t\t\t<a class=\"button-readmore button button-primary\" href=\"https:\/\/minicampers.lv\/en\/2024\/01\/jumta-telts-kopsanas-noradijumi\/\">read more<\/a>\n\t\t\t\t\t\t\t<\/div>\n\t\t\t\t\t\t\t\t\t\t\t\t\t<\/div>\n\t\t\t\t\t\t\t\n\t\t\t\t\t\t\t\t\t\t\t<\/div>\n\t\t\t\t<\/article>\n\t\t\t\t\t\t\t\t<\/div>\n\t\t\t\t\t\t\t\t\t<\/div>\n\t\t\t\t\n\t\t\t\t\t\t\t\t\n\t\t\t<\/div>\n\t\t\t\t\t\t<\/div>\n\t\t\t\t<\/div>\n\t\t\t\t\t<\/div>\n\t\t\t\t<\/div>\n\t\t\t\t<\/div>","protected":false},"excerpt":{"rendered":"<p>Jumta telts kop\u0161anas nor\u0101d\u012bjumi. Padomi jumta telts apkopei:Regul\u0101ri atveriet jumta telti, lai to izv\u0113din\u0101tu, un \u013caujiet telts audumam r\u016bp\u012bgi no\u017e\u016bt. 26. janv\u0101ris, 2024. read more<\/p>","protected":false},"author":2,"featured_media":0,"parent":0,"menu_order":0,"comment_status":"closed","ping_status":"closed","template":"","meta":{"om_disable_all_campaigns":false,"_monsterinsights_skip_tracking":false,"_monsterinsights_sitenote_active":false,"_monsterinsights_sitenote_note":"","_monsterinsights_sitenote_category":0,"footnotes":""},"class_list":["post-20587","page","type-page","status-publish","hentry"],"aioseo_notices":[],"_links":{"self":[{"href":"https:\/\/minicampers.lv\/en\/wp-json\/wp\/v2\/pages\/20587","targetHints":{"allow":["GET"]}}],"collection":[{"href":"https:\/\/minicampers.lv\/en\/wp-json\/wp\/v2\/pages"}],"about":[{"href":"https:\/\/minicampers.lv\/en\/wp-json\/wp\/v2\/types\/page"}],"author":[{"embeddable":true,"href":"https:\/\/minicampers.lv\/en\/wp-json\/wp\/v2\/users\/2"}],"replies":[{"embeddable":true,"href":"https:\/\/minicampers.lv\/en\/wp-json\/wp\/v2\/comments?post=20587"}],"version-history":[{"count":14,"href":"https:\/\/minicampers.lv\/en\/wp-json\/wp\/v2\/pages\/20587\/revisions"}],"predecessor-version":[{"id":20650,"href":"https:\/\/minicampers.lv\/en\/wp-json\/wp\/v2\/pages\/20587\/revisions\/20650"}],"wp:attachment":[{"href":"https:\/\/minicampers.lv\/en\/wp-json\/wp\/v2\/media?parent=20587"}],"curies":[{"name":"wp","href":"https:\/\/api.w.org\/{rel}","templated":true}]}}