{"id":20020,"date":"2023-05-19T18:15:29","date_gmt":"2023-05-19T15:15:29","guid":{"rendered":"https:\/\/minicampers.lv\/?page_id=20020"},"modified":"2024-06-24T19:26:45","modified_gmt":"2024-06-24T16:26:45","slug":"nomas-noteikumi","status":"publish","type":"page","link":"https:\/\/minicampers.lv\/en\/nomas-noteikumi\/","title":{"rendered":"Nomas noteikumi"},"content":{"rendered":"<div data-elementor-type=\"wp-page\" data-elementor-id=\"20020\" class=\"elementor elementor-20020\">\n\t\t\t\t<div class=\"elementor-element elementor-element-29b24b5 e-flex e-con-boxed e-con e-parent\" data-id=\"29b24b5\" data-element_type=\"container\">\n\t\t\t\t\t<div class=\"e-con-inner\">\n\t\t\t\t<div class=\"elementor-element elementor-element-7fa7da4 elementor-widget elementor-widget-text-editor\" data-id=\"7fa7da4\" data-element_type=\"widget\" data-widget_type=\"text-editor.default\">\n\t\t\t\t<div class=\"elementor-widget-container\">\n\t\t\t\t\t\t\t\t\t<p style=\"margin-block: 0px 0.9rem; color: #7a7a7a; font-family: Montserrat, sans-serif;\"><span style=\"color: #acb7ab; font-weight: bolder; font-size: 1.25rem;\">Rezerv\u0101cijas process<\/span><\/p><ol style=\"margin-block: 0px; border: 0px; outline: 0px; vertical-align: baseline; background-image: initial; background-position: initial; background-size: initial; background-repeat: initial; background-attachment: initial; background-origin: initial; background-clip: initial; color: #7a7a7a;\"><li style=\"font-family: Montserrat, sans-serif; margin-block: 0px; border: 0px; outline: 0px; vertical-align: baseline; background: transparent;\"><span style=\"vertical-align: inherit;\">J\u016bs izv\u0113laties piem\u0113rotu jumta telts modeli.<\/span><\/li><li style=\"font-family: Montserrat, sans-serif; margin-block: 0px; border: 0px; outline: 0px; vertical-align: baseline; background: transparent;\"><span style=\"vertical-align: inherit;\"><span style=\"vertical-align: inherit;\">Izv\u0113laties nomas termi\u0146u, papildus nomas produktus un pievienojat grozam. Groz\u0101 aizpild\u0101t nor\u0113\u0137inu inform\u0101ciju.<\/span><span style=\"vertical-align: inherit;\">\u00a0<\/span><span style=\"vertical-align: inherit;\">Noma un atgrie\u0161ana \u0161obr\u012bd iesp\u0113jama tikai pirmdien\u0101s un piektdien\u0101s.<\/span><\/span><\/li><li style=\"font-family: Montserrat, sans-serif; margin-block: 0px; border: 0px; outline: 0px; vertical-align: baseline; background: transparent;\"><span style=\"vertical-align: inherit;\">L\u016bdzu, atz\u012bm\u0113jiet sa\u0146em\u0161anas un atgrie\u0161anas laiku koment\u0101ru lauk\u0101.<\/span><\/li><li style=\"font-family: Montserrat, sans-serif; margin-block: 0px; border: 0px; outline: 0px; vertical-align: baseline; background: transparent;\"><span style=\"vertical-align: inherit;\"><span style=\"vertical-align: inherit;\">Uzkop\u0161anas maksu \u20ac20.00 var rezerv\u0113t p\u0113c izv\u0113les.\u00a0<\/span><span style=\"vertical-align: inherit;\">Ja tas nav v\u0113lams, jumta telts ir j\u0101atgrie\u017e izt\u012br\u012bta un dezinfic\u0113ta.\u00a0<\/span><span style=\"vertical-align: inherit;\">P\u0113c atgrie\u0161anas tiks veikta gal\u012bg\u0101 p\u0101rbaude; ja rodas boj\u0101jumi vai t\u012br\u012b\u0161anas darbi, par radu\u0161aj\u0101m izmaks\u0101m tiks izrakst\u012bts r\u0113\u0137ins.<\/span><\/span><\/li><li style=\"font-family: Montserrat, sans-serif; margin-block: 0px; border: 0px; outline: 0px; vertical-align: baseline; background: transparent;\"><span style=\"vertical-align: inherit;\">Rezerv\u0101cijas inform\u0101ciju (periodu, summu utt.) var skat\u012bt kop\u0113j\u0101 summ\u0101, un t\u0101p\u0113c j\u016bs varat to v\u0113lreiz p\u0101rbaud\u012bt.<\/span><\/li><li style=\"font-family: Montserrat, sans-serif; margin-block: 0px; border: 0px; outline: 0px; vertical-align: baseline; background: transparent;\"><span style=\"vertical-align: inherit;\">Nos\u016btiet piepras\u012bjumu.<\/span><\/li><li style=\"font-family: Montserrat, sans-serif; margin-block: 0px; border: 0px; outline: 0px; vertical-align: baseline; background: transparent;\"><span style=\"vertical-align: inherit;\">J\u016bs sa\u0146emsiet apstiprin\u0101jumu pa e-pastu.<\/span><\/li><li style=\"font-family: Montserrat, sans-serif; margin-block: 0px; border: 0px; outline: 0px; vertical-align: baseline; background: transparent;\"><span style=\"vertical-align: inherit;\"><span style=\"vertical-align: inherit;\">J\u016bsu rezerv\u0101cija tiek p\u0101rbaud\u012bta.\u00a0<\/span><span style=\"vertical-align: inherit;\">Ja viss ir k\u0101rt\u012bb\u0101, j\u016bs sa\u0146emsiet apstiprin\u0101juma e-pastu un r\u0113\u0137ina piepras\u012bjumu.<\/span><\/span><\/li><li style=\"font-family: Montserrat, sans-serif; margin-block: 0px; border: 0px; outline: 0px; vertical-align: baseline; background: transparent;\"><span style=\"vertical-align: inherit;\">R\u0113\u0137ina summa ir j\u0101p\u0101rskaita nor\u0101d\u012bto darba dienu laik\u0101.<\/span><\/li><li style=\"font-family: Montserrat, sans-serif; margin-block: 0px; border: 0px; outline: 0px; vertical-align: baseline; background: transparent;\"><span style=\"vertical-align: inherit;\"><span style=\"vertical-align: inherit;\">Sa\u0146em\u0161ana un instrukt\u0101\u017ea par jumta telti norun\u0101taj\u0101 dien\u0101 un laik\u0101.\u00a0<\/span><span style=\"vertical-align: inherit;\">Iepriek\u0161 Jums ir j\u0101atrod piem\u0113roti auto jumta \u0161\u0137\u0113rsstie\u0146i, lai uzst\u0101d\u012btu jumta telti J\u016bsu transportl\u012bdzeklim.<\/span><\/span><\/li><li style=\"font-family: Montserrat, sans-serif; margin-block: 0px; border: 0px; outline: 0px; vertical-align: baseline; background: transparent;\"><span style=\"vertical-align: inherit;\">Jumta telts atgrie\u0161ana norun\u0101taj\u0101 dien\u0101 un laik\u0101.<\/span><\/li><li style=\"font-family: Montserrat, sans-serif; margin-block: 0px; border: 0px; outline: 0px; vertical-align: baseline; background: transparent;\"><span style=\"vertical-align: inherit;\"><span style=\"vertical-align: inherit;\">P\u0113d\u0113j\u0101 p\u0101rbaude.\u00a0<\/span><span style=\"vertical-align: inherit;\">Ja jumta telts ir boj\u0101ta vai ir j\u0101veic papildu t\u012br\u012b\u0161ana, par to tiks iekas\u0113ta maksa.<\/span><\/span><\/li><li style=\"margin-block: 0px; border: 0px; outline: 0px; vertical-align: baseline; background: transparent;\"><span style=\"font-family: Montserrat, sans-serif; vertical-align: inherit;\"><span style=\"vertical-align: inherit;\"><span style=\"vertical-align: inherit;\"><span style=\"color: #acb7ab; font-weight: bolder; font-size: 1.25rem;\">Jumta telts nomas noteikumi<\/span><\/span><\/span><\/span><br \/><p style=\"font-family: Montserrat, sans-serif; margin-block: 0px 0.9rem;\"><span style=\"vertical-align: inherit;\"><span style=\"vertical-align: inherit;\">13.1.<\/span><\/span><span style=\"vertical-align: inherit;\"><span style=\"vertical-align: inherit;\"> \u00a0Uzst\u0101d\u012b\u0161ana\u00a0 tiek veikta kop\u0101 ar nomnieku un iznom\u0101t\u0101ju. <\/span><span style=\"vertical-align: inherit;\">Nomniekam ir pien\u0101kums savam transportl\u012bdzeklim iepriek\u0161 uzst\u0101d\u012bt piem\u0113rotus auto jumta \u0161\u0137\u0113rrstie\u0146us. Nomnieks ir atbild\u012bgs par \u0161\u0137\u0113rsstie\u0146u kvalit\u0101ti, iztur\u012bbu.<\/span><\/span><\/p><p style=\"font-family: Montserrat, sans-serif; margin-block: 0px 0.9rem;\"><span style=\"vertical-align: inherit;\"><span style=\"vertical-align: inherit;\">Nomnieks neatbild par transportl\u012bdzek\u013ca boj\u0101jumiem, kas radu\u0161ies, piestiprinot jumta telti, ja t\u0101s uzst\u0101d\u012b\u0161an\u0101 un demont\u0101\u017e\u0101 ir iesaist\u012bts \u012brnieks. <\/span><span style=\"vertical-align: inherit;\">Par jebkuriem defektiem iznom\u0101t\u0101jam j\u0101zi\u0146o nomniekam uz vietas. <\/span><span style=\"vertical-align: inherit;\">Par v\u0113l\u0101kiem defektiem zi\u0146ot nevar.<\/span><\/span><\/p><p style=\"font-family: Montserrat, sans-serif; margin-block: 0px 0.9rem;\"><span style=\"font-weight: bolder;\"><span style=\"vertical-align: inherit;\"><span style=\"vertical-align: inherit;\">13.2<\/span><\/span><\/span><span style=\"vertical-align: inherit;\"><span style=\"vertical-align: inherit;\">\u00a0\u00a0\u012arniekam jumta telts j\u0101atdod saimniekam t\u012bra (bez atkritumiem), r\u016bp\u012bgi j\u0101r\u012bkojas un j\u0101uzglab\u0101 nomas laik\u0101.\u00a0<\/span><span style=\"vertical-align: inherit;\">Vi\u0146\u0161 ir atbild\u012bgs par visiem boj\u0101jumiem, kas p\u0101rsniedz norm\u0101lu nolietojumu (auduma pl\u012bsumi, p\u0101rvalks, boj\u0101ti r\u0101v\u0113jsl\u0113dz\u0113ji utt.).\u00a0<\/span><span style=\"vertical-align: inherit;\">\u012arnieks to var izdar\u012bt ar\u012b ar savu priv\u0101t\u0101s civiltiesisk\u0101s atbild\u012bbas apdro\u0161in\u0101\u0161anu.<\/span><\/span><\/p><p style=\"font-family: Montserrat, sans-serif; margin-block: 0px 0.9rem;\"><span style=\"font-weight: bolder;\"><span style=\"vertical-align: inherit;\"><span style=\"vertical-align: inherit;\">13.3.<\/span><\/span><\/span><span style=\"vertical-align: inherit;\"><span style=\"vertical-align: inherit;\">\u00a0\u00a0Nomas l\u012bgum\u0101 nor\u0101d\u012bt\u0101 r\u0113\u0137ina summa ir j\u0101apmaks\u0101 pirms nomas perioda s\u0101kuma.<\/span><\/span><\/p><p style=\"font-family: Montserrat, sans-serif; margin-block: 0px 0.9rem;\"><span style=\"font-weight: bolder;\"><span style=\"vertical-align: inherit;\"><span style=\"vertical-align: inherit;\">13.4.\u00a0<\/span><\/span><\/span><span style=\"vertical-align: inherit;\"><span style=\"vertical-align: inherit;\">\u00a0J\u016bsu identifik\u0101cijas dokumenta kopija paliek pie Iznom\u0101t\u0101ja l\u012bdz jumta telts atgrie\u0161anai.<\/span><\/span><\/p><p style=\"font-family: Montserrat, sans-serif; margin-block: 0px 0.9rem;\"><span style=\"font-weight: bolder;\"><span style=\"vertical-align: inherit;\"><span style=\"vertical-align: inherit;\">13.5\u00a0<\/span><\/span><\/span><span style=\"vertical-align: inherit;\"><span style=\"vertical-align: inherit;\">\u00a0Nomnieks ap\u0146emas nodot Iznom\u0101t\u0101jam nomas priek\u0161metu lietojam\u0101 st\u0101vokl\u012b (izt\u012br\u012btu un dezinfic\u0113tu).\u00a0<\/span><span style=\"vertical-align: inherit;\">Nododot preci, lieto\u0161anas nosac\u012bjumi, riski p\u0101riet Iznom\u0101t\u0101jam un vi\u0146\u0161 regul\u0101ri p\u0101rbauda herm\u0113tiskumu, v\u0113l\u0101kais p\u0113c pirmajiem 100 km un p\u0113c tam ik p\u0113c 500 km;\u00a0<\/span><span style=\"vertical-align: inherit;\">Ja nepiecie\u0161ams, skr\u016bves ir j\u0101pievelk.<\/span><\/span><\/p><p style=\"font-family: Montserrat, sans-serif; margin-block: 0px 0.9rem;\"><span style=\"font-weight: bolder;\"><span style=\"vertical-align: inherit;\"><span style=\"vertical-align: inherit;\">13.6<\/span><\/span><\/span><span style=\"vertical-align: inherit;\"><span style=\"vertical-align: inherit;\">\u00a0 Iznom\u0101t\u0101ja pien\u0101kums ir atgriezt nom\u0101to jumta telti lietojam\u0101 st\u0101vokl\u012b.\u00a0<\/span><span style=\"vertical-align: inherit;\">Jebkuri boj\u0101jumi, kas var rasties, tiks re\u0123istr\u0113ti nomas laik\u0101 un parakst\u012bti ar ab\u0101m pus\u0113m.<\/span><\/span><\/p><p style=\"font-family: Montserrat, sans-serif; margin-block: 0px 0.9rem;\"><span style=\"font-weight: bolder;\"><span style=\"vertical-align: inherit;\"><span style=\"vertical-align: inherit;\">13.7<\/span><\/span><\/span><span style=\"vertical-align: inherit;\"><span style=\"vertical-align: inherit;\">\u00a0\u00a0Ja Iznom\u0101t\u0101js atgrie\u017e jumta telti boj\u0101tu, Iznom\u0101t\u0101jam tiks nos\u016bt\u012bts r\u0113\u0137ins par remonta izmaks\u0101m.\u00a0<\/span><span style=\"vertical-align: inherit;\">Ja nomas laik\u0101 ir konstat\u0113ts jumta telts vai aksesu\u0101ru defekts, nekav\u0113joties telefoniski vai rakstiski j\u0101inform\u0113 Nomnieks.\u00a0<\/span><\/span><\/p><p style=\"font-family: Montserrat, sans-serif; margin-block: 0px 0.9rem;\"><span style=\"font-weight: bolder;\"><span style=\"vertical-align: inherit;\"><span style=\"vertical-align: inherit;\">13.8.<\/span><\/span><\/span><span style=\"vertical-align: inherit;\"><span style=\"vertical-align: inherit;\">\u00a0\u00a0Nomnieks un Iznom\u0101t\u0101js p\u0101rbauda nomas \u012bpa\u0161uma defektus un funkcionalit\u0101ti nodo\u0161anas br\u012bd\u012b.\u00a0<\/span><span style=\"vertical-align: inherit;\">Nodo\u0161anas protokolu paraksta abas puses, un Iznom\u0101t\u0101js sa\u0146em kopiju.\u00a0<\/span><\/span><\/p><p style=\"font-family: Montserrat, sans-serif; margin-block: 0px 0.9rem;\"><span style=\"font-weight: bolder;\"><span style=\"vertical-align: inherit;\"><span style=\"vertical-align: inherit;\">13.9.\u00a0<\/span><\/span><\/span><span style=\"vertical-align: inherit;\"><span style=\"vertical-align: inherit;\">\u00a0Ja atteiksieties no rezerv\u0101cijas nomas perioda s\u0101kum\u0101, tiks piem\u0113rotas \u0161\u0101das atcel\u0161anas maksas:<\/span><\/span><span style=\"background-color: transparent; text-align: var(--text-align); letter-spacing: 0px;\">\u00a0 \u00a0 \u00a0 \u00a0\u00a0<\/span><\/p><ul style=\"font-family: Montserrat, sans-serif; border: 0px; outline: 0px; vertical-align: baseline; background-image: initial; background-position: initial; background-size: initial; background-repeat: initial; background-attachment: initial; background-origin: initial; background-clip: initial;\"><li style=\"margin-block: 0px; border: 0px; outline: 0px; vertical-align: baseline; background: transparent;\"><span style=\"vertical-align: inherit;\"><span style=\"vertical-align: inherit;\">50% no \u012bres cenas no 7. dienas pirms norun\u0101t\u0101 nomas s\u0101kuma datuma\u00a0 \u00a0 \u00a0\u00a0<\/span><\/span><\/li><li style=\"margin-block: 0px; border: 0px; outline: 0px; vertical-align: baseline; background: transparent;\"><span style=\"vertical-align: inherit;\"><span style=\"vertical-align: inherit;\">80% no nomas cenas dienu pirms norun\u0101t\u0101 nomas s\u0101kuma datuma.\u00a0<\/span><\/span><\/li><\/ul><p style=\"font-family: Montserrat, sans-serif; margin-block: 0px 0.9rem;\"><span style=\"font-weight: bolder;\"><span style=\"vertical-align: inherit;\"><span style=\"vertical-align: inherit;\">13.10<\/span><\/span><\/span><span style=\"vertical-align: inherit;\"><span style=\"vertical-align: inherit;\">\u00a0\u00a0Jumta telts piln\u012bgas nozaud\u0113\u0161anas vai nozaud\u0113\u0161anas gad\u012bjum\u0101 Iznom\u0101t\u0101jam jumta telts j\u0101nomaina Nomniekam pa\u0161reiz\u0113j\u0101 jaunaj\u0101 v\u0113rt\u012bb\u0101. Tas attiecas ar\u012b uz nozaud\u0113tiem vai boj\u0101tiem piederumiem.\u00a0 (piem\u0113ram, k\u0101pnes, nojumes, telts, iek\u0161 somas utt.).<\/span><\/span><\/p><p><span style=\"font-family: Montserrat, sans-serif; font-weight: bolder;\"><span style=\"vertical-align: inherit;\"><span style=\"vertical-align: inherit;\">13.11\u00a0<\/span><\/span><\/span><span style=\"vertical-align: inherit;\"><span style=\"vertical-align: inherit;\"><span style=\"font-family: Montserrat, sans-serif;\">Iznom\u0101t\u0101jam pien\u0101kums ir vis\u0101d\u0101 veid\u0101 aizsarg\u0101t lietu no p\u0101rm\u0113r\u012bgas izmanto\u0161anas.<\/span><\/span><\/span><\/p><p style=\"font-family: Montserrat, sans-serif; margin-block: 0px 0.9rem;\"><span style=\"font-weight: bolder;\"><span style=\"vertical-align: inherit;\"><span style=\"vertical-align: inherit;\">13.12.<\/span><\/span><\/span><span style=\"vertical-align: inherit;\"><span style=\"vertical-align: inherit;\">\u00a0Nomas \u012bpa\u0161uma apak\u0161\u012bre nav at\u013cauta.<\/span><\/span><\/p><p style=\"font-family: Montserrat, sans-serif; margin-block: 0px 0.9rem;\"><span style=\"font-weight: bolder;\"><span style=\"vertical-align: inherit;\"><span style=\"vertical-align: inherit;\">13.13.<\/span><\/span><\/span><span style=\"vertical-align: inherit;\"><span style=\"vertical-align: inherit;\">\u00a0Nedr\u012bkst p\u0101rsniegt pie\u013caujamo transportl\u012bdzek\u013ca kop\u0113jo masu.<\/span><\/span><\/p><p style=\"font-family: Montserrat, sans-serif; margin-block: 0px 0.9rem;\"><span style=\"font-weight: bolder;\"><span style=\"vertical-align: inherit;\"><span style=\"vertical-align: inherit;\">13.14<\/span><\/span><\/span><span style=\"vertical-align: inherit;\"><span style=\"vertical-align: inherit;\">\u00a0 Nomas laik\u0101 aizliegts izmantot automazg\u0101tavas, jo var tikt boj\u0101ta jumta telts.\u00a0 \u00a0 \u00a0 \u00a0 \u00a0 \u00a0 \u00a0 \u00a0 \u00a0 \u00a0 \u00a0 \u00a0 \u00a0 \u00a0 \u00a0 \u00a0 \u00a0 \u00a0 \u00a0 \u00a0 <\/span><\/span><span style=\"background-color: transparent; text-align: var(--text-align); letter-spacing: 0px; font-family: Raleway, sans-serif; vertical-align: inherit;\"><span style=\"vertical-align: inherit;\"><span style=\"background-color: transparent; text-align: var(--text-align); letter-spacing: 0px; vertical-align: inherit;\"><span style=\"font-family: Montserrat, sans-serif; background-color: transparent; text-align: var(--text-align); letter-spacing: 0px; font-weight: bolder;\">13.15<\/span><span style=\"background-color: transparent; text-align: var(--text-align); letter-spacing: 0px; font-weight: bolder;\"><span style=\"font-family: Arial, Helvetica, sans-serif, sans-serif;\">\u00a0<\/span><\/span><\/span><\/span><\/span><span style=\"background-color: transparent; text-align: var(--text-align); letter-spacing: 0px;\">Transportl\u012bdzek\u013cu augstums un platums, ieskaitot jumta telti, ir j\u0101\u0146em v\u0113r\u0101 iebraucot autost\u0101vviet\u0101s, uz pr\u0101mjiem, lai izvair\u012btos no transportl\u012bdzek\u013ca un telts boj\u0101jumiem.<\/span><\/p><\/li><\/ol>\t\t\t\t\t\t\t\t<\/div>\n\t\t\t\t<\/div>\n\t\t\t\t\t<\/div>\n\t\t\t\t<\/div>\n\t\t\t\t<\/div>","protected":false},"excerpt":{"rendered":"<p>Rezerv\u0101cijas process J\u016bs izv\u0113laties piem\u0113rotu jumta telts modeli. Izv\u0113laties nomas termi\u0146u, papildus nomas produktus un pievienojat grozam. Groz\u0101 aizpild\u0101t nor\u0113\u0137inu inform\u0101ciju.\u00a0Noma un atgrie\u0161ana \u0161obr\u012bd iesp\u0113jama tikai pirmdien\u0101s un piektdien\u0101s. L\u016bdzu, atz\u012bm\u0113jiet sa\u0146em\u0161anas un atgrie\u0161anas laiku koment\u0101ru lauk\u0101. Uzkop\u0161anas maksu \u20ac20.00 var rezerv\u0113t p\u0113c izv\u0113les.\u00a0Ja tas nav v\u0113lams, jumta telts ir j\u0101atgrie\u017e izt\u012br\u012bta un dezinfic\u0113ta.\u00a0P\u0113c atgrie\u0161anas [&hellip;]<\/p>","protected":false},"author":1,"featured_media":0,"parent":0,"menu_order":0,"comment_status":"closed","ping_status":"closed","template":"","meta":{"om_disable_all_campaigns":false,"_monsterinsights_skip_tracking":false,"_monsterinsights_sitenote_active":false,"_monsterinsights_sitenote_note":"","_monsterinsights_sitenote_category":0,"footnotes":""},"class_list":["post-20020","page","type-page","status-publish","hentry"],"aioseo_notices":[],"_links":{"self":[{"href":"https:\/\/minicampers.lv\/en\/wp-json\/wp\/v2\/pages\/20020","targetHints":{"allow":["GET"]}}],"collection":[{"href":"https:\/\/minicampers.lv\/en\/wp-json\/wp\/v2\/pages"}],"about":[{"href":"https:\/\/minicampers.lv\/en\/wp-json\/wp\/v2\/types\/page"}],"author":[{"embeddable":true,"href":"https:\/\/minicampers.lv\/en\/wp-json\/wp\/v2\/users\/1"}],"replies":[{"embeddable":true,"href":"https:\/\/minicampers.lv\/en\/wp-json\/wp\/v2\/comments?post=20020"}],"version-history":[{"count":13,"href":"https:\/\/minicampers.lv\/en\/wp-json\/wp\/v2\/pages\/20020\/revisions"}],"predecessor-version":[{"id":21077,"href":"https:\/\/minicampers.lv\/en\/wp-json\/wp\/v2\/pages\/20020\/revisions\/21077"}],"wp:attachment":[{"href":"https:\/\/minicampers.lv\/en\/wp-json\/wp\/v2\/media?parent=20020"}],"curies":[{"name":"wp","href":"https:\/\/api.w.org\/{rel}","templated":true}]}}