{"id":20015,"date":"2023-05-19T18:13:00","date_gmt":"2023-05-19T15:13:00","guid":{"rendered":"https:\/\/minicampers.lv\/?page_id=20015"},"modified":"2026-03-10T22:23:20","modified_gmt":"2026-03-10T20:23:20","slug":"veikala-lietosana","status":"publish","type":"page","link":"https:\/\/minicampers.lv\/en\/veikala-lietosana\/","title":{"rendered":"Veikala lieto\u0161ana"},"content":{"rendered":"<div data-elementor-type=\"wp-page\" data-elementor-id=\"20015\" class=\"elementor elementor-20015\">\n\t\t\t\t<div class=\"elementor-element elementor-element-2a66b00 e-flex e-con-boxed e-con e-parent\" data-id=\"2a66b00\" data-element_type=\"container\">\n\t\t\t\t\t<div class=\"e-con-inner\">\n\t\t<div class=\"elementor-element elementor-element-54414aa e-con-full e-flex e-con e-child\" data-id=\"54414aa\" data-element_type=\"container\">\n\t\t\t\t<div class=\"elementor-element elementor-element-fcf45df elementor-widget elementor-widget-text-editor\" data-id=\"fcf45df\" data-element_type=\"widget\" data-widget_type=\"text-editor.default\">\n\t\t\t\t<div class=\"elementor-widget-container\">\n\t\t\t\t\t\t\t\t\t<h3 data-path-to-node=\"3\">INTERNETVEIKALA MINICAMPERS.LV LIETO\u0160ANAS NOTEIKUMI (DISTANCES L\u012aGUMS)<\/h3><p data-path-to-node=\"4\"><b data-path-to-node=\"4\" data-index-in-node=\"0\">SIA DAPEGS<\/b>, re\u0123istr\u0101cijas Nr. 40103772893, juridisk\u0101 adrese: Jelgavas iela 36, R\u012bga (turpm\u0101k \u2013 <b data-path-to-node=\"4\" data-index-in-node=\"95\">P\u0101rdev\u0113js<\/b>), nodro\u0161ina m\u0101jaslap\u0101 <code data-path-to-node=\"4\" data-index-in-node=\"127\">www.minicampers.lv<\/code> (turpm\u0101k \u2013 <b data-path-to-node=\"4\" data-index-in-node=\"157\">Internetveikals<\/b>) pieejamo saturu un sniedz preces\/pakalpojumus saska\u0146\u0101 ar \u0161iem lieto\u0161anas noteikumiem (turpm\u0101k \u2013 <b data-path-to-node=\"4\" data-index-in-node=\"270\">Noteikumi<\/b>).<\/p><h3 data-path-to-node=\"5\">1. Visp\u0101r\u012bgie noteikumi<\/h3><p data-path-to-node=\"6\">1.1. Ja pat\u0113r\u0113t\u0101js (turpm\u0101k \u2013 <b data-path-to-node=\"6\" data-index-in-node=\"30\">Pirc\u0113js<\/b>), izmantojot m\u0101jaslapas starpniec\u012bbu, ieg\u0101d\u0101jas preces, \u0161\u0101da vieno\u0161an\u0101s tiek uzskat\u012bta par <b data-path-to-node=\"6\" data-index-in-node=\"129\">Distances l\u012bgumu<\/b> un ir pak\u013cauta Latvijas Republikas ties\u012bbu norm\u0101m, taj\u0101 skait\u0101 LR &#8220;Pat\u0113r\u0113t\u0101ju ties\u012bbu aizsardz\u012bbas likumam&#8221; un MK noteikumiem Nr. 255 &#8220;Noteikumi par distances l\u012bgumu&#8221;. 1.2. Veicot pas\u016bt\u012bjumu, Pirc\u0113js apliecina, ka ir iepazinies ar \u0161iem Noteikumiem un tiem piekr\u012bt.<\/p><h3 data-path-to-node=\"7\">2. Pirkumu veik\u0161ana un cenas<\/h3><p data-path-to-node=\"8\">2.1. Pre\u010du cenas un specifik\u0101cija ir nor\u0101d\u012bta blakus produktiem. P\u0101rdev\u0113jam ir ties\u012bbas aktualiz\u0113t cenas bez iepriek\u0161\u0113ja br\u012bdin\u0101juma. 2.2. Visas cenas ir nor\u0101d\u012btas eiro (EUR) ar iek\u013cautu pievienot\u0101s v\u0113rt\u012bbas nodokli (PVN), ja t\u0101ds ir piem\u0113rojams. 2.3. Produkta cen\u0101 nav iek\u013cauta maksa par pieg\u0101di vai uzst\u0101d\u012b\u0161anu, ja vien nav nor\u0101d\u012bts cit\u0101di. 2.4. Lai veiktu pirkumu, Pirc\u0113js pievieno preces iepirkumu grozam, aizpilda nepiecie\u0161amos datus un izv\u0113las pieg\u0101des veidu. Kop\u0113j\u0101s izmaksas tiek uzr\u0101d\u012btas pirms maks\u0101juma veik\u0161anas.<\/p><h3 data-path-to-node=\"9\">3. Apmaksas noteikumi<\/h3><p data-path-to-node=\"10\">3.1. Nor\u0113\u0137inu val\u016bta ir eiro (EUR). Maks\u0101jumus iesp\u0113jams veikt:<\/p><ul data-path-to-node=\"11\"><li>Ar bankas p\u0101rskait\u012bjumu (r\u0113\u0137ina apmaksa);<\/li><li>Izmantojot Inbank (SIA Inbank Latvia) nomaksas platformu;<\/li><li>Izmantojot <b data-path-to-node=\"11,2,0\" data-index-in-node=\"11\">MakeCommerce<\/b> (Maksekeskus AS) maks\u0101jumu platformu (Latvijas, Igaunijas, Lietuvas internetbankas un Visa\/Mastercard kartes). 3.2. Personas dati, kas nepiecie\u0161ami maks\u0101jumu veik\u0161anai, tiek nodoti licenc\u0113tai maks\u0101jumu iest\u0101dei <b data-path-to-node=\"11,2,0\" data-index-in-node=\"235\">Maksekeskus AS<\/b>. 3.3. L\u012bgums st\u0101jas sp\u0113k\u0101 br\u012bd\u012b, kad maks\u0101jums ir sa\u0146emts P\u0101rdev\u0113ja bankas kont\u0101. Ja pas\u016bt\u012bjumu nevar izpild\u012bt, P\u0101rdev\u0113js atmaks\u0101 summu ne v\u0113l\u0101k k\u0101 14 dienu laik\u0101.<\/li><\/ul><h3 data-path-to-node=\"12\">4. Pieg\u0101des noteikumi<\/h3><p data-path-to-node=\"13\">4.1. Preces tiek pieg\u0101d\u0101tas uz Latviju, Lietuvu un Igauniju. 4.2. Pieg\u0101des veidi: kurjerpakalpojumi vai iz\u0146em\u0161ana P\u0101rdev\u0113ja noliktav\u0101. 4.3. Pieg\u0101des laiks: 2\u20135 darba dienas, ja prece ir noliktav\u0101. Iz\u0146\u0113muma gad\u012bjumos pieg\u0101de var ilgt l\u012bdz 45 kalend\u0101raj\u0101m dien\u0101m (par to inform\u0113jot Pirc\u0113ju). 4.4. Pirc\u0113js ir atbild\u012bgs par nodok\u013cu un nodevu nomaksu, kas var rasties pieg\u0101des galam\u0113r\u0137\u012b \u0101rpus LV.<\/p><h3 data-path-to-node=\"14\">5. Atteikuma ties\u012bbas<\/h3><p data-path-to-node=\"15\">5.1. Pirc\u0113jam (fiziskai personai, kas ir pat\u0113r\u0113t\u0101js) ir ties\u012bbas atteikties no preces <b data-path-to-node=\"15\" data-index-in-node=\"86\">14 kalend\u0101ro dienu laik\u0101<\/b> no t\u0101s sa\u0146em\u0161anas br\u012b\u017ea. Atteikuma ties\u012bbas nav piem\u0113rojamas juridisk\u0101m person\u0101m. 5.2. Lai izmantotu atteikuma ties\u012bbas:<\/p><ul data-path-to-node=\"16\"><li>Prece j\u0101saglab\u0101 t\u0101s s\u0101kotn\u0113j\u0101 st\u0101vokl\u012b. Pirc\u0113js ir atbild\u012bgs par v\u0113rt\u012bbas samazin\u0101\u0161anos, ja prece lietota pret\u0113ji paredz\u0113tajam m\u0113r\u0137im vai boj\u0101ts t\u0101s iepakojums.<\/li><li>J\u0101nos\u016bta br\u012bvas formas atteikums uz e-pastu: info@minicampers.lv. 5.3. Pirc\u0113js sedz preces atgrie\u0161anas izmaksas (iz\u0146emot br\u0101\u0137a gad\u012bjumus). 5.4. P\u0101rdev\u0113js atmaks\u0101 naudu 14 dienu laik\u0101 p\u0113c preces sa\u0146em\u0161anas atpaka\u013c vai apliecin\u0101juma par nos\u016bt\u012b\u0161anu sa\u0146em\u0161anas.<\/li><\/ul><h3 data-path-to-node=\"17\">6. Preces neatbilst\u012bba l\u012bguma noteikumiem<\/h3><p data-path-to-node=\"18\">6.1. P\u0101rdev\u0113js atbild par preces neatbilst\u012bbu un tr\u016bkumiem, kas atkl\u0101jas <b data-path-to-node=\"18\" data-index-in-node=\"73\">2 gadu laik\u0101<\/b> no pieg\u0101des br\u012b\u017ea (pat\u0113r\u0113t\u0101jiem). 6.2. Pirmo 6 m\u0113ne\u0161u laik\u0101 tiek uzskat\u012bts, ka tr\u016bkums eksist\u0113ja pieg\u0101des br\u012bd\u012b, ja vien tas nav pretrun\u0101 ar preces raksturu. 6.3. Pirc\u0113jam j\u0101iesniedz s\u016bdz\u012bba 2 m\u0113ne\u0161u laik\u0101 p\u0113c defekta konstat\u0113\u0161anas, rakstot uz <b data-path-to-node=\"18\" data-index-in-node=\"330\">info@minicampers.lv<\/b>. 6.4. Ja prece ir br\u0101\u0137is, Pirc\u0113jam ir ties\u012bbas piepras\u012bt bezmaksas remontu, apmai\u0146u vai, ja tas nav iesp\u0113jams, naudas atmaksu.<\/p><h3 data-path-to-node=\"19\">7. Personas datu apstr\u0101de<\/h3><p data-path-to-node=\"20\">7.1. P\u0101rdev\u0113js apstr\u0101d\u0101 datus (v\u0101rds, uzv\u0101rds, adrese, e-pasts) pas\u016bt\u012bjuma izpildei un pieg\u0101des nodro\u0161in\u0101\u0161anai. 7.2. Dati tiek nodoti transporta pakalpojumu sniedz\u0113jiem un maks\u0101jumu iest\u0101d\u0113m t\u0101d\u0101 apjom\u0101, kas nepiecie\u0161ams dar\u012bjuma pabeig\u0161anai. 7.3. M\u0101rketinga pazi\u0146ojumi tiek s\u016bt\u012bti tikai ar Pirc\u0113ja nep\u0101rprotamu piekri\u0161anu.<\/p><h3 data-path-to-node=\"21\">8. Str\u012bdu iz\u0161\u0137ir\u0161ana<\/h3><p data-path-to-node=\"22\">8.1. Visus str\u012bdus puses risina p\u0101rrunu ce\u013c\u0101. 8.2. Ja vieno\u0161an\u0101s netiek pan\u0101kta, Pirc\u0113jam ir ties\u012bbas v\u0113rsties Pat\u0113r\u0113t\u0101ju ties\u012bbu aizsardz\u012bbas centr\u0101 (PTAC) vai izmantot \u0100rpustiesas str\u012bdu risin\u0101t\u0101jus, k\u0101 ar\u012b v\u0113rsties ties\u0101 Latvijas Republikas likumdo\u0161an\u0101 noteiktaj\u0101 k\u0101rt\u012bb\u0101. 8.3. Tie\u0161saistes str\u012bdu risin\u0101\u0161anas platforma (SIT): <code data-path-to-node=\"22\" data-index-in-node=\"329\">https:\/\/ec.europa.eu\/consumers\/odr\/<\/code>.<\/p>\t\t\t\t\t\t\t\t<\/div>\n\t\t\t\t<\/div>\n\t\t\t\t<\/div>\n\t\t\t\t\t<\/div>\n\t\t\t\t<\/div>\n\t\t\t\t<\/div>","protected":false},"excerpt":{"rendered":"<p>INTERNETVEIKALA MINICAMPERS.LV LIETO\u0160ANAS NOTEIKUMI (DISTANCES L\u012aGUMS) SIA DAPEGS, re\u0123istr\u0101cijas Nr. 40103772893, juridisk\u0101 adrese: Jelgavas iela 36, R\u012bga (turpm\u0101k \u2013 P\u0101rdev\u0113js), nodro\u0161ina m\u0101jaslap\u0101 www.minicampers.lv (turpm\u0101k \u2013 Internetveikals) pieejamo saturu un sniedz preces\/pakalpojumus saska\u0146\u0101 ar \u0161iem lieto\u0161anas noteikumiem (turpm\u0101k \u2013 Noteikumi). 1. Visp\u0101r\u012bgie noteikumi 1.1. Ja pat\u0113r\u0113t\u0101js (turpm\u0101k \u2013 Pirc\u0113js), izmantojot m\u0101jaslapas starpniec\u012bbu, ieg\u0101d\u0101jas preces, \u0161\u0101da vieno\u0161an\u0101s [&hellip;]<\/p>","protected":false},"author":1,"featured_media":0,"parent":0,"menu_order":0,"comment_status":"closed","ping_status":"closed","template":"","meta":{"om_disable_all_campaigns":false,"_monsterinsights_skip_tracking":false,"_monsterinsights_sitenote_active":false,"_monsterinsights_sitenote_note":"","_monsterinsights_sitenote_category":0,"footnotes":""},"class_list":["post-20015","page","type-page","status-publish","hentry"],"aioseo_notices":[],"_links":{"self":[{"href":"https:\/\/minicampers.lv\/en\/wp-json\/wp\/v2\/pages\/20015","targetHints":{"allow":["GET"]}}],"collection":[{"href":"https:\/\/minicampers.lv\/en\/wp-json\/wp\/v2\/pages"}],"about":[{"href":"https:\/\/minicampers.lv\/en\/wp-json\/wp\/v2\/types\/page"}],"author":[{"embeddable":true,"href":"https:\/\/minicampers.lv\/en\/wp-json\/wp\/v2\/users\/1"}],"replies":[{"embeddable":true,"href":"https:\/\/minicampers.lv\/en\/wp-json\/wp\/v2\/comments?post=20015"}],"version-history":[{"count":13,"href":"https:\/\/minicampers.lv\/en\/wp-json\/wp\/v2\/pages\/20015\/revisions"}],"predecessor-version":[{"id":21507,"href":"https:\/\/minicampers.lv\/en\/wp-json\/wp\/v2\/pages\/20015\/revisions\/21507"}],"wp:attachment":[{"href":"https:\/\/minicampers.lv\/en\/wp-json\/wp\/v2\/media?parent=20015"}],"curies":[{"name":"wp","href":"https:\/\/api.w.org\/{rel}","templated":true}]}}